{"id":49122,"date":"2023-06-09T12:58:02","date_gmt":"2023-06-09T10:58:02","guid":{"rendered":"https:\/\/saaris.de\/?page_id=49122"},"modified":"2025-04-25T12:27:33","modified_gmt":"2025-04-25T10:27:33","slug":"coworking-im-laendlichen-raum","status":"publish","type":"page","link":"https:\/\/saaris.de\/fr\/leistungen\/gruenden-und-kreatives\/coworking-im-laendlichen-raum\/","title":{"rendered":"co:working en milieu rural"},"content":{"rendered":"\t\t<div data-elementor-type=\"wp-page\" data-elementor-id=\"49122\" class=\"elementor elementor-49122 elementor-48296\" data-elementor-post-type=\"page\">\n\t\t\t\t\t\t<section class=\"elementor-section elementor-top-section elementor-element elementor-element-d7260e5 elementor-section-boxed elementor-section-height-default elementor-section-height-default\" data-id=\"d7260e5\" data-element_type=\"section\" data-e-type=\"section\">\n\t\t\t\t\t\t<div class=\"elementor-container elementor-column-gap-default\">\n\t\t\t\t\t<div class=\"elementor-column elementor-col-50 elementor-top-column elementor-element elementor-element-71566bb\" data-id=\"71566bb\" data-element_type=\"column\" data-e-type=\"column\">\n\t\t\t<div class=\"elementor-widget-wrap elementor-element-populated\">\n\t\t\t\t\t\t<div class=\"elementor-element elementor-element-35244d2 elementor-widget elementor-widget-heading\" data-id=\"35244d2\" data-element_type=\"widget\" data-e-type=\"widget\" data-widget_type=\"heading.default\">\n\t\t\t\t<div class=\"elementor-widget-container\">\n\t\t\t\t\t<h2 class=\"elementor-heading-title elementor-size-default\">co:working en milieu rural<\/h2>\t\t\t\t<\/div>\n\t\t\t\t<\/div>\n\t\t\t\t\t<\/div>\n\t\t<\/div>\n\t\t\t\t<div class=\"elementor-column elementor-col-50 elementor-top-column elementor-element elementor-element-880deae\" data-id=\"880deae\" data-element_type=\"column\" data-e-type=\"column\">\n\t\t\t<div class=\"elementor-widget-wrap elementor-element-populated\">\n\t\t\t\t\t\t<div class=\"elementor-element elementor-element-3211116 elementor-widget elementor-widget-image\" data-id=\"3211116\" data-element_type=\"widget\" data-e-type=\"widget\" data-widget_type=\"image.default\">\n\t\t\t\t<div class=\"elementor-widget-container\">\n\t\t\t\t\t\t\t\t\t\t\t\t\t\t\t<img decoding=\"async\" src=\"https:\/\/saaris.de\/wp-content\/uploads\/2023\/12\/co-working-66-logo-vorab-e1703147980280.jpg\" title=\"co-working-66-logo-vorab\" alt=\"co-working-66-logo-vorab\" loading=\"lazy\" \/>\t\t\t\t\t\t\t\t\t\t\t\t\t\t\t<\/div>\n\t\t\t\t<\/div>\n\t\t\t\t\t<\/div>\n\t\t<\/div>\n\t\t\t\t\t<\/div>\n\t\t<\/section>\n\t\t\t\t<section class=\"elementor-section elementor-top-section elementor-element elementor-element-0f92f0f elementor-section-boxed elementor-section-height-default elementor-section-height-default\" data-id=\"0f92f0f\" data-element_type=\"section\" data-e-type=\"section\">\n\t\t\t\t\t\t<div class=\"elementor-container elementor-column-gap-default\">\n\t\t\t\t\t<div class=\"elementor-column elementor-col-100 elementor-top-column elementor-element elementor-element-b04365a\" data-id=\"b04365a\" data-element_type=\"column\" data-e-type=\"column\">\n\t\t\t<div class=\"elementor-widget-wrap elementor-element-populated\">\n\t\t\t\t\t\t<div class=\"elementor-element elementor-element-a987391 elementor-widget elementor-widget-text-editor\" data-id=\"a987391\" data-element_type=\"widget\" data-e-type=\"widget\" data-widget_type=\"text-editor.default\">\n\t\t\t\t<div class=\"elementor-widget-container\">\n\t\t\t\t\t\t\t\t\t<p>Le projet co:working66 est synonyme de promotion de formes de travail communes (\u00ab co \u00bb) (\u201cworking\u201d) dans les zones rurales de la Sarre (\u00ab 66 \u00bb). L&#8217;objectif \u00e9tait de cr\u00e9er des espaces intersectoriels et interdisciplinaires qui permettent un entrepreneuriat durable, innovant et orient\u00e9 vers la communaut\u00e9. Le projet a \u00e9t\u00e9 soutenu financi\u00e8rement par le minist\u00e8re de l&#8217;environnement, du climat, de la mobilit\u00e9, de l&#8217;agriculture et de la protection des consommateurs de la Sarre.<\/p><p>Dans le cadre du projet pilote, les besoins ont \u00e9t\u00e9 identifi\u00e9s, des espaces de coworking ont \u00e9t\u00e9 cr\u00e9\u00e9s et test\u00e9s dans les communes sarroises de Marpingen, Rehlingen-Siersburg et Blieskastel. Il s&#8217;est av\u00e9r\u00e9 que les espaces de travail partag\u00e9s (\u00ab shared workspaces \u00bb) ne sont pas seulement des lieux de travail, mais agissent comme des points de rencontre vivants &#8211; ils favorisent les rencontres, les \u00e9changes interg\u00e9n\u00e9rationnels et renforcent le r\u00e9seau r\u00e9gional gr\u00e2ce \u00e0 des formats compl\u00e9mentaires tels que des ateliers, des concerts ou des conf\u00e9rences sp\u00e9cialis\u00e9es.<\/p><p>Dans les communes de Rehlingen-Siersburg et de Marpingen, la mise en \u0153uvre du projet mod\u00e8le suit maintenant la phase pilote qui a \u00e9t\u00e9 couronn\u00e9e de succ\u00e8s.<\/p>\t\t\t\t\t\t\t\t<\/div>\n\t\t\t\t<\/div>\n\t\t\t\t\t<\/div>\n\t\t<\/div>\n\t\t\t\t\t<\/div>\n\t\t<\/section>\n\t\t\t\t<section class=\"elementor-section elementor-top-section elementor-element elementor-element-23b191f elementor-section-boxed elementor-section-height-default elementor-section-height-default\" data-id=\"23b191f\" data-element_type=\"section\" data-e-type=\"section\">\n\t\t\t\t\t\t<div class=\"elementor-container elementor-column-gap-default\">\n\t\t\t\t\t<div class=\"elementor-column elementor-col-50 elementor-top-column elementor-element elementor-element-a752e7d\" data-id=\"a752e7d\" data-element_type=\"column\" data-e-type=\"column\">\n\t\t\t<div class=\"elementor-widget-wrap elementor-element-populated\">\n\t\t\t\t\t\t<div class=\"elementor-element elementor-element-e6739f1 elementor-widget elementor-widget-text-editor\" data-id=\"e6739f1\" data-element_type=\"widget\" data-e-type=\"widget\" data-widget_type=\"text-editor.default\">\n\t\t\t\t<div class=\"elementor-widget-container\">\n\t\t\t\t\t\t\t\t\t<p><strong>Remarque : la dur\u00e9e du projet a expir\u00e9 le 15 avril 2025 pour saaris en tant que porteur de projet.<\/strong><\/p><p>Les principaux constats, enseignements et r\u00e9sultats de la phase pilote ont \u00e9t\u00e9 publi\u00e9s dans la brochure <a href=\"https:\/\/coworking.saarland\/wp-content\/uploads\/2025\/03\/coworking-66-Abschlussbericht_WEB_19032025.pdf\">\u201eCoworking im l\u00e4ndlichen Raum des Saarlandes. Learnings, Modelle, Guidelines.\u201c<\/a> r\u00e9sum\u00e9s.<\/p><p>Sous la direction du minist\u00e8re de l&#8217;environnement, le projet et la marque ombrelle \u00ab co:working66 \u00bb continueront \u00e0 l&#8217;avenir \u00e0 informer sur l&#8217;\u00e9tat d&#8217;avancement du projet sur le site web <a href=\"https:\/\/coworking.saarland\/\">https:\/\/coworking.saarland\/<\/a> et les canaux de m\u00e9dias sociaux existants.<\/p>\t\t\t\t\t\t\t\t<\/div>\n\t\t\t\t<\/div>\n\t\t\t\t\t<\/div>\n\t\t<\/div>\n\t\t\t\t<div class=\"elementor-column elementor-col-50 elementor-top-column elementor-element elementor-element-efb88b4\" data-id=\"efb88b4\" data-element_type=\"column\" data-e-type=\"column\">\n\t\t\t<div class=\"elementor-widget-wrap elementor-element-populated\">\n\t\t\t\t\t\t<div class=\"elementor-element elementor-element-687ad93 elementor-widget elementor-widget-image\" data-id=\"687ad93\" data-element_type=\"widget\" data-e-type=\"widget\" data-widget_type=\"image.default\">\n\t\t\t\t<div class=\"elementor-widget-container\">\n\t\t\t\t\t\t\t\t\t\t\t\t\t\t\t<img fetchpriority=\"high\" decoding=\"async\" width=\"1024\" height=\"683\" src=\"https:\/\/saaris.de\/wp-content\/uploads\/2023\/06\/AdobeStock_181785261-1024x683.jpeg\" class=\"attachment-large size-large wp-image-48310\" alt=\"\" srcset=\"https:\/\/saaris.de\/wp-content\/uploads\/2023\/06\/AdobeStock_181785261-1024x683.jpeg 1024w, https:\/\/saaris.de\/wp-content\/uploads\/2023\/06\/AdobeStock_181785261-300x200.jpeg 300w, https:\/\/saaris.de\/wp-content\/uploads\/2023\/06\/AdobeStock_181785261-768x513.jpeg 768w, https:\/\/saaris.de\/wp-content\/uploads\/2023\/06\/AdobeStock_181785261-1536x1025.jpeg 1536w, https:\/\/saaris.de\/wp-content\/uploads\/2023\/06\/AdobeStock_181785261-2048x1367.jpeg 2048w\" sizes=\"(max-width: 1024px) 100vw, 1024px\" \/>\t\t\t\t\t\t\t\t\t\t\t\t\t\t\t<\/div>\n\t\t\t\t<\/div>\n\t\t\t\t\t<\/div>\n\t\t<\/div>\n\t\t\t\t\t<\/div>\n\t\t<\/section>\n\t\t\t\t<section class=\"elementor-section elementor-top-section elementor-element elementor-element-69667f5 elementor-section-boxed elementor-section-height-default elementor-section-height-default\" data-id=\"69667f5\" data-element_type=\"section\" data-e-type=\"section\">\n\t\t\t\t\t\t<div class=\"elementor-container elementor-column-gap-default\">\n\t\t\t\t\t<div class=\"elementor-column elementor-col-100 elementor-top-column elementor-element elementor-element-cb94436\" data-id=\"cb94436\" data-element_type=\"column\" data-e-type=\"column\">\n\t\t\t<div class=\"elementor-widget-wrap elementor-element-populated\">\n\t\t\t\t\t\t<div class=\"elementor-element elementor-element-57b0b7d elementor-widget elementor-widget-spacer\" data-id=\"57b0b7d\" data-element_type=\"widget\" data-e-type=\"widget\" data-widget_type=\"spacer.default\">\n\t\t\t\t<div class=\"elementor-widget-container\">\n\t\t\t\t\t\t\t<div class=\"elementor-spacer\">\n\t\t\t<div class=\"elementor-spacer-inner\"><\/div>\n\t\t<\/div>\n\t\t\t\t\t\t<\/div>\n\t\t\t\t<\/div>\n\t\t\t\t\t<\/div>\n\t\t<\/div>\n\t\t\t\t\t<\/div>\n\t\t<\/section>\n\t\t\t\t<\/div>\n\t\t","protected":false},"excerpt":{"rendered":"<p>co:working en milieu rural Le projet co:working66 est synonyme de promotion de formes de travail communes (\u00ab co \u00bb) (\u201cworking\u201d) [&hellip;]<\/p>\n","protected":false},"author":11,"featured_media":48302,"parent":44697,"menu_order":1,"comment_status":"closed","ping_status":"closed","template":"","meta":{"_acf_changed":false,"footnotes":""},"class_list":["post-49122","page","type-page","status-publish","has-post-thumbnail","hentry"],"acf":[],"yoast_head":"<!-- This site is optimized with the Yoast SEO plugin v27.3 - https:\/\/yoast.com\/product\/yoast-seo-wordpress\/ -->\n<title>co:working en milieu rural<\/title>\n<meta name=\"robots\" content=\"index, follow, max-snippet:-1, max-image-preview:large, max-video-preview:-1\" \/>\n<link rel=\"canonical\" href=\"https:\/\/saaris.de\/fr\/leistungen\/gruenden-und-kreatives\/coworking-im-laendlichen-raum\/\" \/>\n<meta property=\"og:locale\" content=\"fr_FR\" \/>\n<meta property=\"og:type\" content=\"article\" \/>\n<meta property=\"og:title\" content=\"co:working en milieu rural\" \/>\n<meta property=\"og:description\" content=\"co:working en milieu rural Le projet co:working66 est synonyme de promotion de formes de travail communes (\u00ab co \u00bb) (\u201cworking\u201d) [&hellip;]\" \/>\n<meta property=\"og:url\" content=\"https:\/\/saaris.de\/fr\/leistungen\/gruenden-und-kreatives\/coworking-im-laendlichen-raum\/\" \/>\n<meta property=\"og:site_name\" content=\"saaris\" \/>\n<meta property=\"article:publisher\" content=\"https:\/\/www.facebook.com\/saaris\" \/>\n<meta property=\"article:modified_time\" content=\"2025-04-25T10:27:33+00:00\" \/>\n<meta property=\"og:image\" content=\"https:\/\/saaris.de\/wp-content\/uploads\/2023\/06\/coworking_Kachel.png\" \/>\n\t<meta property=\"og:image:width\" content=\"400\" \/>\n\t<meta property=\"og:image:height\" content=\"300\" \/>\n\t<meta property=\"og:image:type\" content=\"image\/png\" \/>\n<meta name=\"twitter:card\" content=\"summary_large_image\" \/>\n<meta name=\"twitter:site\" content=\"@saaris_ikt\" \/>\n<meta name=\"twitter:label1\" content=\"Dur\u00e9e de lecture estim\u00e9e\" \/>\n\t<meta name=\"twitter:data1\" content=\"1 minute\" \/>\n<script type=\"application\/ld+json\" class=\"yoast-schema-graph\">{\"@context\":\"https:\\\/\\\/schema.org\",\"@graph\":[{\"@type\":\"WebPage\",\"@id\":\"https:\\\/\\\/saaris.de\\\/fr\\\/leistungen\\\/gruenden-und-kreatives\\\/coworking-im-laendlichen-raum\\\/\",\"url\":\"https:\\\/\\\/saaris.de\\\/fr\\\/leistungen\\\/gruenden-und-kreatives\\\/coworking-im-laendlichen-raum\\\/\",\"name\":\"co:working en milieu rural\",\"isPartOf\":{\"@id\":\"https:\\\/\\\/saaris.de\\\/fr\\\/#website\"},\"primaryImageOfPage\":{\"@id\":\"https:\\\/\\\/saaris.de\\\/fr\\\/leistungen\\\/gruenden-und-kreatives\\\/coworking-im-laendlichen-raum\\\/#primaryimage\"},\"image\":{\"@id\":\"https:\\\/\\\/saaris.de\\\/fr\\\/leistungen\\\/gruenden-und-kreatives\\\/coworking-im-laendlichen-raum\\\/#primaryimage\"},\"thumbnailUrl\":\"https:\\\/\\\/saaris.de\\\/wp-content\\\/uploads\\\/2023\\\/06\\\/coworking_Kachel.png\",\"datePublished\":\"2023-06-09T10:58:02+00:00\",\"dateModified\":\"2025-04-25T10:27:33+00:00\",\"breadcrumb\":{\"@id\":\"https:\\\/\\\/saaris.de\\\/fr\\\/leistungen\\\/gruenden-und-kreatives\\\/coworking-im-laendlichen-raum\\\/#breadcrumb\"},\"inLanguage\":\"fr-FR\",\"potentialAction\":[{\"@type\":\"ReadAction\",\"target\":[\"https:\\\/\\\/saaris.de\\\/fr\\\/leistungen\\\/gruenden-und-kreatives\\\/coworking-im-laendlichen-raum\\\/\"]}]},{\"@type\":\"ImageObject\",\"inLanguage\":\"fr-FR\",\"@id\":\"https:\\\/\\\/saaris.de\\\/fr\\\/leistungen\\\/gruenden-und-kreatives\\\/coworking-im-laendlichen-raum\\\/#primaryimage\",\"url\":\"https:\\\/\\\/saaris.de\\\/wp-content\\\/uploads\\\/2023\\\/06\\\/coworking_Kachel.png\",\"contentUrl\":\"https:\\\/\\\/saaris.de\\\/wp-content\\\/uploads\\\/2023\\\/06\\\/coworking_Kachel.png\",\"width\":400,\"height\":300,\"caption\":\"Menschen im coworking space\"},{\"@type\":\"BreadcrumbList\",\"@id\":\"https:\\\/\\\/saaris.de\\\/fr\\\/leistungen\\\/gruenden-und-kreatives\\\/coworking-im-laendlichen-raum\\\/#breadcrumb\",\"itemListElement\":[{\"@type\":\"ListItem\",\"position\":1,\"name\":\"Home\",\"item\":\"https:\\\/\\\/saaris.de\\\/fr\\\/\"},{\"@type\":\"ListItem\",\"position\":2,\"name\":\"Services\",\"item\":\"https:\\\/\\\/saaris.de\\\/fr\\\/leistungen\\\/\"},{\"@type\":\"ListItem\",\"position\":3,\"name\":\"Entrepreneuriat et cr\u00e9ativit\u00e9\",\"item\":\"https:\\\/\\\/saaris.de\\\/fr\\\/leistungen\\\/gruenden-und-kreatives\\\/\"},{\"@type\":\"ListItem\",\"position\":4,\"name\":\"co:working en milieu rural\"}]},{\"@type\":\"WebSite\",\"@id\":\"https:\\\/\\\/saaris.de\\\/fr\\\/#website\",\"url\":\"https:\\\/\\\/saaris.de\\\/fr\\\/\",\"name\":\"saaris\",\"description\":\"saarland.innovation&amp;standort e. V.\",\"publisher\":{\"@id\":\"https:\\\/\\\/saaris.de\\\/fr\\\/#organization\"},\"potentialAction\":[{\"@type\":\"SearchAction\",\"target\":{\"@type\":\"EntryPoint\",\"urlTemplate\":\"https:\\\/\\\/saaris.de\\\/fr\\\/?s={search_term_string}\"},\"query-input\":{\"@type\":\"PropertyValueSpecification\",\"valueRequired\":true,\"valueName\":\"search_term_string\"}}],\"inLanguage\":\"fr-FR\"},{\"@type\":\"Organization\",\"@id\":\"https:\\\/\\\/saaris.de\\\/fr\\\/#organization\",\"name\":\"saaris\",\"url\":\"https:\\\/\\\/saaris.de\\\/fr\\\/\",\"logo\":{\"@type\":\"ImageObject\",\"inLanguage\":\"fr-FR\",\"@id\":\"https:\\\/\\\/saaris.de\\\/fr\\\/#\\\/schema\\\/logo\\\/image\\\/\",\"url\":\"https:\\\/\\\/saaris.de\\\/wp-content\\\/uploads\\\/2022\\\/03\\\/saaris-logo-footer.jpg\",\"contentUrl\":\"https:\\\/\\\/saaris.de\\\/wp-content\\\/uploads\\\/2022\\\/03\\\/saaris-logo-footer.jpg\",\"width\":175,\"height\":80,\"caption\":\"saaris\"},\"image\":{\"@id\":\"https:\\\/\\\/saaris.de\\\/fr\\\/#\\\/schema\\\/logo\\\/image\\\/\"},\"sameAs\":[\"https:\\\/\\\/www.facebook.com\\\/saaris\",\"https:\\\/\\\/x.com\\\/saaris_ikt\"]}]}<\/script>\n<!-- \/ Yoast SEO plugin. -->","yoast_head_json":{"title":"co:working en milieu rural","robots":{"index":"index","follow":"follow","max-snippet":"max-snippet:-1","max-image-preview":"max-image-preview:large","max-video-preview":"max-video-preview:-1"},"canonical":"https:\/\/saaris.de\/fr\/leistungen\/gruenden-und-kreatives\/coworking-im-laendlichen-raum\/","og_locale":"fr_FR","og_type":"article","og_title":"co:working en milieu rural","og_description":"co:working en milieu rural Le projet co:working66 est synonyme de promotion de formes de travail communes (\u00ab co \u00bb) (\u201cworking\u201d) [&hellip;]","og_url":"https:\/\/saaris.de\/fr\/leistungen\/gruenden-und-kreatives\/coworking-im-laendlichen-raum\/","og_site_name":"saaris","article_publisher":"https:\/\/www.facebook.com\/saaris","article_modified_time":"2025-04-25T10:27:33+00:00","og_image":[{"width":400,"height":300,"url":"https:\/\/saaris.de\/wp-content\/uploads\/2023\/06\/coworking_Kachel.png","type":"image\/png"}],"twitter_card":"summary_large_image","twitter_site":"@saaris_ikt","twitter_misc":{"Dur\u00e9e de lecture estim\u00e9e":"1 minute"},"schema":{"@context":"https:\/\/schema.org","@graph":[{"@type":"WebPage","@id":"https:\/\/saaris.de\/fr\/leistungen\/gruenden-und-kreatives\/coworking-im-laendlichen-raum\/","url":"https:\/\/saaris.de\/fr\/leistungen\/gruenden-und-kreatives\/coworking-im-laendlichen-raum\/","name":"co:working en milieu rural","isPartOf":{"@id":"https:\/\/saaris.de\/fr\/#website"},"primaryImageOfPage":{"@id":"https:\/\/saaris.de\/fr\/leistungen\/gruenden-und-kreatives\/coworking-im-laendlichen-raum\/#primaryimage"},"image":{"@id":"https:\/\/saaris.de\/fr\/leistungen\/gruenden-und-kreatives\/coworking-im-laendlichen-raum\/#primaryimage"},"thumbnailUrl":"https:\/\/saaris.de\/wp-content\/uploads\/2023\/06\/coworking_Kachel.png","datePublished":"2023-06-09T10:58:02+00:00","dateModified":"2025-04-25T10:27:33+00:00","breadcrumb":{"@id":"https:\/\/saaris.de\/fr\/leistungen\/gruenden-und-kreatives\/coworking-im-laendlichen-raum\/#breadcrumb"},"inLanguage":"fr-FR","potentialAction":[{"@type":"ReadAction","target":["https:\/\/saaris.de\/fr\/leistungen\/gruenden-und-kreatives\/coworking-im-laendlichen-raum\/"]}]},{"@type":"ImageObject","inLanguage":"fr-FR","@id":"https:\/\/saaris.de\/fr\/leistungen\/gruenden-und-kreatives\/coworking-im-laendlichen-raum\/#primaryimage","url":"https:\/\/saaris.de\/wp-content\/uploads\/2023\/06\/coworking_Kachel.png","contentUrl":"https:\/\/saaris.de\/wp-content\/uploads\/2023\/06\/coworking_Kachel.png","width":400,"height":300,"caption":"Menschen im coworking space"},{"@type":"BreadcrumbList","@id":"https:\/\/saaris.de\/fr\/leistungen\/gruenden-und-kreatives\/coworking-im-laendlichen-raum\/#breadcrumb","itemListElement":[{"@type":"ListItem","position":1,"name":"Home","item":"https:\/\/saaris.de\/fr\/"},{"@type":"ListItem","position":2,"name":"Services","item":"https:\/\/saaris.de\/fr\/leistungen\/"},{"@type":"ListItem","position":3,"name":"Entrepreneuriat et cr\u00e9ativit\u00e9","item":"https:\/\/saaris.de\/fr\/leistungen\/gruenden-und-kreatives\/"},{"@type":"ListItem","position":4,"name":"co:working en milieu rural"}]},{"@type":"WebSite","@id":"https:\/\/saaris.de\/fr\/#website","url":"https:\/\/saaris.de\/fr\/","name":"saaris","description":"saarland.innovation&amp;standort e. V.","publisher":{"@id":"https:\/\/saaris.de\/fr\/#organization"},"potentialAction":[{"@type":"SearchAction","target":{"@type":"EntryPoint","urlTemplate":"https:\/\/saaris.de\/fr\/?s={search_term_string}"},"query-input":{"@type":"PropertyValueSpecification","valueRequired":true,"valueName":"search_term_string"}}],"inLanguage":"fr-FR"},{"@type":"Organization","@id":"https:\/\/saaris.de\/fr\/#organization","name":"saaris","url":"https:\/\/saaris.de\/fr\/","logo":{"@type":"ImageObject","inLanguage":"fr-FR","@id":"https:\/\/saaris.de\/fr\/#\/schema\/logo\/image\/","url":"https:\/\/saaris.de\/wp-content\/uploads\/2022\/03\/saaris-logo-footer.jpg","contentUrl":"https:\/\/saaris.de\/wp-content\/uploads\/2022\/03\/saaris-logo-footer.jpg","width":175,"height":80,"caption":"saaris"},"image":{"@id":"https:\/\/saaris.de\/fr\/#\/schema\/logo\/image\/"},"sameAs":["https:\/\/www.facebook.com\/saaris","https:\/\/x.com\/saaris_ikt"]}]}},"publishpress_future_workflow_manual_trigger":{"enabledWorkflows":[]},"_links":{"self":[{"href":"https:\/\/saaris.de\/fr\/wp-json\/wp\/v2\/pages\/49122","targetHints":{"allow":["GET"]}}],"collection":[{"href":"https:\/\/saaris.de\/fr\/wp-json\/wp\/v2\/pages"}],"about":[{"href":"https:\/\/saaris.de\/fr\/wp-json\/wp\/v2\/types\/page"}],"author":[{"embeddable":true,"href":"https:\/\/saaris.de\/fr\/wp-json\/wp\/v2\/users\/11"}],"replies":[{"embeddable":true,"href":"https:\/\/saaris.de\/fr\/wp-json\/wp\/v2\/comments?post=49122"}],"version-history":[{"count":17,"href":"https:\/\/saaris.de\/fr\/wp-json\/wp\/v2\/pages\/49122\/revisions"}],"predecessor-version":[{"id":65180,"href":"https:\/\/saaris.de\/fr\/wp-json\/wp\/v2\/pages\/49122\/revisions\/65180"}],"up":[{"embeddable":true,"href":"https:\/\/saaris.de\/fr\/wp-json\/wp\/v2\/pages\/44697"}],"wp:featuredmedia":[{"embeddable":true,"href":"https:\/\/saaris.de\/fr\/wp-json\/wp\/v2\/media\/48302"}],"wp:attachment":[{"href":"https:\/\/saaris.de\/fr\/wp-json\/wp\/v2\/media?parent=49122"}],"curies":[{"name":"wp","href":"https:\/\/api.w.org\/{rel}","templated":true}]}}