{"id":44771,"date":"2022-05-24T11:32:10","date_gmt":"2022-05-24T09:32:10","guid":{"rendered":"https:\/\/saaris.de\/?page_id=44771"},"modified":"2025-10-16T11:37:53","modified_gmt":"2025-10-16T09:37:53","slug":"vernetzen","status":"publish","type":"page","link":"https:\/\/saaris.de\/fr\/leistungen\/gruenden-und-kreatives\/vernetzen\/","title":{"rendered":"Mise en r\u00e9seau"},"content":{"rendered":"\t\t<div data-elementor-type=\"wp-page\" data-elementor-id=\"44771\" class=\"elementor elementor-44771 elementor-18042\" data-elementor-post-type=\"page\">\n\t\t\t\t\t\t<section class=\"elementor-section elementor-top-section elementor-element elementor-element-e51d072 elementor-section-boxed elementor-section-height-default elementor-section-height-default\" data-id=\"e51d072\" data-element_type=\"section\" data-e-type=\"section\">\n\t\t\t\t\t\t<div class=\"elementor-container elementor-column-gap-default\">\n\t\t\t\t\t<div class=\"elementor-column elementor-col-100 elementor-top-column elementor-element elementor-element-cf4bedd\" data-id=\"cf4bedd\" data-element_type=\"column\" data-e-type=\"column\">\n\t\t\t<div class=\"elementor-widget-wrap elementor-element-populated\">\n\t\t\t\t\t\t<div class=\"elementor-element elementor-element-8848c38 elementor-widget elementor-widget-spacer\" data-id=\"8848c38\" data-element_type=\"widget\" data-e-type=\"widget\" data-widget_type=\"spacer.default\">\n\t\t\t\t<div class=\"elementor-widget-container\">\n\t\t\t\t\t\t\t<div class=\"elementor-spacer\">\n\t\t\t<div class=\"elementor-spacer-inner\"><\/div>\n\t\t<\/div>\n\t\t\t\t\t\t<\/div>\n\t\t\t\t<\/div>\n\t\t\t\t\t<\/div>\n\t\t<\/div>\n\t\t\t\t\t<\/div>\n\t\t<\/section>\n\t\t\t\t<section class=\"elementor-section elementor-top-section elementor-element elementor-element-d93ffa6 elementor-section-boxed elementor-section-height-default elementor-section-height-default\" data-id=\"d93ffa6\" data-element_type=\"section\" data-e-type=\"section\">\n\t\t\t\t\t\t<div class=\"elementor-container elementor-column-gap-default\">\n\t\t\t\t\t<div class=\"elementor-column elementor-col-66 elementor-top-column elementor-element elementor-element-d3a1e72\" data-id=\"d3a1e72\" data-element_type=\"column\" data-e-type=\"column\">\n\t\t\t<div class=\"elementor-widget-wrap elementor-element-populated\">\n\t\t\t\t\t\t<div class=\"elementor-element elementor-element-661b869 elementor-widget elementor-widget-heading\" data-id=\"661b869\" data-element_type=\"widget\" data-e-type=\"widget\" data-widget_type=\"heading.default\">\n\t\t\t\t<div class=\"elementor-widget-container\">\n\t\t\t\t\t<h2 class=\"elementor-heading-title elementor-size-default\">Mise en r\u00e9seau. R\u00e9alisation. Cr\u00e9ation.<\/h2>\t\t\t\t<\/div>\n\t\t\t\t<\/div>\n\t\t\t\t\t<\/div>\n\t\t<\/div>\n\t\t\t\t<div class=\"elementor-column elementor-col-33 elementor-top-column elementor-element elementor-element-17305c3\" data-id=\"17305c3\" data-element_type=\"column\" data-e-type=\"column\">\n\t\t\t<div class=\"elementor-widget-wrap elementor-element-populated\">\n\t\t\t\t\t\t<div class=\"elementor-element elementor-element-d06d70d elementor-widget elementor-widget-image\" data-id=\"d06d70d\" data-element_type=\"widget\" data-e-type=\"widget\" data-widget_type=\"image.default\">\n\t\t\t\t<div class=\"elementor-widget-container\">\n\t\t\t\t\t\t\t\t\t\t\t\t\t\t\t<img decoding=\"async\" width=\"300\" height=\"56\" src=\"https:\/\/saaris.de\/wp-content\/uploads\/2022\/04\/cohub66-logo-300x56.png\" class=\"attachment-medium size-medium wp-image-35174\" alt=\"\" srcset=\"https:\/\/saaris.de\/wp-content\/uploads\/2022\/04\/cohub66-logo-300x56.png 300w, https:\/\/saaris.de\/wp-content\/uploads\/2022\/04\/cohub66-logo.png 373w\" sizes=\"(max-width: 300px) 100vw, 300px\" \/>\t\t\t\t\t\t\t\t\t\t\t\t\t\t\t<\/div>\n\t\t\t\t<\/div>\n\t\t\t\t\t<\/div>\n\t\t<\/div>\n\t\t\t\t\t<\/div>\n\t\t<\/section>\n\t\t\t\t<section class=\"elementor-section elementor-top-section elementor-element elementor-element-3a26994 elementor-section-boxed elementor-section-height-default elementor-section-height-default\" data-id=\"3a26994\" data-element_type=\"section\" data-e-type=\"section\">\n\t\t\t\t\t\t<div class=\"elementor-container elementor-column-gap-default\">\n\t\t\t\t\t<div class=\"elementor-column elementor-col-100 elementor-top-column elementor-element elementor-element-4506445\" data-id=\"4506445\" data-element_type=\"column\" data-e-type=\"column\">\n\t\t\t<div class=\"elementor-widget-wrap elementor-element-populated\">\n\t\t\t\t\t\t<div class=\"elementor-element elementor-element-2ecb37e elementor-widget elementor-widget-text-editor\" data-id=\"2ecb37e\" data-element_type=\"widget\" data-e-type=\"widget\" data-widget_type=\"text-editor.default\">\n\t\t\t\t<div class=\"elementor-widget-container\">\n\t\t\t\t\t\t\t\t\t<p>co:hub66 repr\u00e9sente une nouvelle forme de coop\u00e9ration (\u00ab\u00a0co\u00a0\u00bb) ainsi qu\u2019un lieu central et de rassemblement (\u00ab\u00a0hub\u00a0\u00bb) pour l\u2019ensemble de la Sarre (\u00ab\u00a066\u00a0\u00bb), o\u00f9 une collaboration intersectorielle et interdisciplinaire et un d\u00e9veloppement commun d\u2019id\u00e9es, de produits et de mod\u00e8les commerciaux deviennent alors possibles. Le soutien financier du minist\u00e8re de l\u2019\u00c9conomie, du Travail, de l\u2019\u00c9nergie et des Transports de la Sarre soutient cette plateforme.<\/p>\t\t\t\t\t\t\t\t<\/div>\n\t\t\t\t<\/div>\n\t\t\t\t\t<\/div>\n\t\t<\/div>\n\t\t\t\t\t<\/div>\n\t\t<\/section>\n\t\t\t\t<section class=\"elementor-section elementor-top-section elementor-element elementor-element-3caa833 elementor-section-boxed elementor-section-height-default elementor-section-height-default\" data-id=\"3caa833\" data-element_type=\"section\" data-e-type=\"section\">\n\t\t\t\t\t\t<div class=\"elementor-container elementor-column-gap-default\">\n\t\t\t\t\t<div class=\"elementor-column elementor-col-50 elementor-top-column elementor-element elementor-element-e1c2163\" data-id=\"e1c2163\" data-element_type=\"column\" data-e-type=\"column\">\n\t\t\t<div class=\"elementor-widget-wrap elementor-element-populated\">\n\t\t\t\t\t\t<div class=\"elementor-element elementor-element-ea1f851 elementor-widget elementor-widget-text-editor\" data-id=\"ea1f851\" data-element_type=\"widget\" data-e-type=\"widget\" data-widget_type=\"text-editor.default\">\n\t\t\t\t<div class=\"elementor-widget-container\">\n\t\t\t\t\t\t\t\t\t<p style=\"font-size: medium\">Elle consiste d\u00e8s lors en un lieu d\u2019action, de croissance durable et d\u2019esprit coop\u00e9ratif fondateur.<\/p><p style=\"font-size: medium\">L\u2019offre comprend, entre autres, un premier conseil en cr\u00e9ation d\u2019entreprise pour toutes les personnes int\u00e9ress\u00e9es par la cr\u00e9ation d\u2019entreprise, FabLab en libre acc\u00e8s, compos\u00e9 notamment de plusieurs imprimantes 3D et d\u2019un laser au CO\u00b2. co:hub66 propose \u00e9galement des ateliers participatifs sur des th\u00e8mes tourn\u00e9s vers l\u2019avenir et pertinents pour l\u2019ensemble de la soci\u00e9t\u00e9.<\/p><p style=\"font-size: medium\">Fid\u00e8le \u00e0 notre devise \u00ab\u00a0Mise en r\u00e9seau. R\u00e9alisation. Cr\u00e9ation.\u00a0\u00bb, co:hub66 ouvre ses portes \u00e0 toutes les personnes int\u00e9ress\u00e9es, en particulier aux cr\u00e9ateurs, aux citoyens ou aux entreprises ayant une id\u00e9e commerciale innovante et durable, ainsi qu\u2019aux fondateurs ambitieux.<\/p><p style=\"font-size: medium\">\u00a0<\/p>\t\t\t\t\t\t\t\t<\/div>\n\t\t\t\t<\/div>\n\t\t\t\t\t<\/div>\n\t\t<\/div>\n\t\t\t\t<div class=\"elementor-column elementor-col-50 elementor-top-column elementor-element elementor-element-ebfde46\" data-id=\"ebfde46\" data-element_type=\"column\" data-e-type=\"column\">\n\t\t\t<div class=\"elementor-widget-wrap elementor-element-populated\">\n\t\t\t\t\t\t<div class=\"elementor-element elementor-element-751569f elementor-widget elementor-widget-image\" data-id=\"751569f\" data-element_type=\"widget\" data-e-type=\"widget\" data-widget_type=\"image.default\">\n\t\t\t\t<div class=\"elementor-widget-container\">\n\t\t\t\t\t\t\t\t\t\t\t\t\t\t\t<img decoding=\"async\" src=\"https:\/\/saaris.de\/wp-content\/uploads\/elementor\/thumbs\/cohub66_innen-ppkrilnufycmz13ttr6zi62mrmsry9rdz7jqr5a39c.jpg\" title=\"cohub66_innen\" alt=\"cohub66_innen\" loading=\"lazy\" \/>\t\t\t\t\t\t\t\t\t\t\t\t\t\t\t<\/div>\n\t\t\t\t<\/div>\n\t\t\t\t\t<\/div>\n\t\t<\/div>\n\t\t\t\t\t<\/div>\n\t\t<\/section>\n\t\t\t\t<section class=\"elementor-section elementor-top-section elementor-element elementor-element-4135a09 elementor-section-full_width elementor-section-height-default elementor-section-height-default\" data-id=\"4135a09\" data-element_type=\"section\" data-e-type=\"section\">\n\t\t\t\t\t\t<div class=\"elementor-container elementor-column-gap-default\">\n\t\t\t\t\t<div class=\"elementor-column elementor-col-100 elementor-top-column elementor-element elementor-element-1dbbefa\" data-id=\"1dbbefa\" data-element_type=\"column\" data-e-type=\"column\">\n\t\t\t<div class=\"elementor-widget-wrap elementor-element-populated\">\n\t\t\t\t\t\t<div class=\"elementor-element elementor-element-9b3a206 elementor-widget elementor-widget-n49__call_2_action\" data-id=\"9b3a206\" data-element_type=\"widget\" data-e-type=\"widget\" data-widget_type=\"n49__call_2_action.default\">\n\t\t\t\t<div class=\"elementor-widget-container\">\n\t\t\t\t\t\n        <section class=\"block--element has-space block--call-to-action\">\n            <div class=\"content-container\">\n                <div class=\"action--container\">\n                    <div class=\"action--background\"><img decoding=\"async\" src=\"https:\/\/saaris.de\/wp-content\/uploads\/2022\/05\/cohub_Stoerer.png\" title=\"Veranstaltung im co:hub66\" alt=\"Veranstaltung im co:hub66\" loading=\"lazy\" \/><\/div>\n                    <div class=\"action--content\">\n                        <div class=\"content--left\">\n                            <div>\n                                <h2>co:hub66<\/h2>\n                                <p>Le point de contact central pour tous les cr\u00e9ateurs, citoyens ou entreprises aux id\u00e9es commerciales durables, ainsi que pour les cr\u00e9ateurs d\u2019entreprise.<\/p>\n                            <\/div>\n                        <\/div>\n                        <div class=\"content--right\">\n                            <a href=\"https:\/\/cohub66.com\/\" target=\"_blank\" rel=\"\" >en savoir plus<\/a>\n                        <\/div>\n                    <\/div>\n                <\/div>\n            <\/div>\n        <\/section>\n\n        <section class=\"block--element block--call-to-action-mobile has-space\">\n            <div class=\"content-container\">\n                <div class=\"action--container\">\n                    <div class=\"action--background\"><img decoding=\"async\" src=\"https:\/\/saaris.de\/wp-content\/uploads\/2022\/05\/cohub_Stoerer.png\" title=\"Veranstaltung im co:hub66\" alt=\"Veranstaltung im co:hub66\" loading=\"lazy\" \/><\/div>\n                    <div class=\"action--content\">\n                        <div class=\"content--left\">\n                            <div>\n                                <h2>co:hub66<\/h2>\n                                <p>Le point de contact central pour tous les cr\u00e9ateurs, citoyens ou entreprises aux id\u00e9es commerciales durables, ainsi que pour les cr\u00e9ateurs d\u2019entreprise.<\/p>\n                            <\/div>\n                        <\/div>\n                        <div class=\"content--right\">\n                            <a href=\"https:\/\/cohub66.com\/\" target=\"_blank\" rel=\"\" >en savoir plus<\/a>\n                        <\/div>\n                    <\/div>\n                <\/div>\n            <\/div>\n        <\/section>\n\n        \t\t\t\t<\/div>\n\t\t\t\t<\/div>\n\t\t\t\t\t<\/div>\n\t\t<\/div>\n\t\t\t\t\t<\/div>\n\t\t<\/section>\n\t\t\t\t<section class=\"elementor-section elementor-top-section elementor-element elementor-element-44df2db elementor-section-boxed elementor-section-height-default elementor-section-height-default\" data-id=\"44df2db\" data-element_type=\"section\" data-e-type=\"section\">\n\t\t\t\t\t\t<div class=\"elementor-container elementor-column-gap-default\">\n\t\t\t\t\t<div class=\"elementor-column elementor-col-100 elementor-top-column elementor-element elementor-element-7e031f1\" data-id=\"7e031f1\" data-element_type=\"column\" data-e-type=\"column\">\n\t\t\t<div class=\"elementor-widget-wrap elementor-element-populated\">\n\t\t\t\t\t\t<div class=\"elementor-element elementor-element-adab9cd elementor-widget elementor-widget-n49__logos\" data-id=\"adab9cd\" data-element_type=\"widget\" data-e-type=\"widget\" data-widget_type=\"n49__logos.default\">\n\t\t\t\t<div class=\"elementor-widget-container\">\n\t\t\t\t\t\n        <section class=\"block--logos\">\n            <h3>\n                Promoteurs            <\/h3>\n            <div class=\"logos-container\">\n                                <a href=\"https:\/\/www.saarland.de\/mwide\/DE\/home\/home_node.html\" target=\"_blank\">\n                        <img decoding=\"async\" src=\"https:\/\/saaris.de\/wp-content\/uploads\/2022\/06\/Logo-WiMi-2-e1691393801738.png\" alt=\"\" title=\"Logo WiMi 2\"\/>\n                    <\/a>\n                                                                <\/div>\n        <\/section>\n\n        \t\t\t\t<\/div>\n\t\t\t\t<\/div>\n\t\t\t\t<div class=\"elementor-element elementor-element-987d6ab elementor-widget elementor-widget-spacer\" data-id=\"987d6ab\" data-element_type=\"widget\" data-e-type=\"widget\" data-widget_type=\"spacer.default\">\n\t\t\t\t<div class=\"elementor-widget-container\">\n\t\t\t\t\t\t\t<div class=\"elementor-spacer\">\n\t\t\t<div class=\"elementor-spacer-inner\"><\/div>\n\t\t<\/div>\n\t\t\t\t\t\t<\/div>\n\t\t\t\t<\/div>\n\t\t\t\t\t<\/div>\n\t\t<\/div>\n\t\t\t\t\t<\/div>\n\t\t<\/section>\n\t\t\t\t<\/div>\n\t\t","protected":false},"excerpt":{"rendered":"<p>Mise en r\u00e9seau. R\u00e9alisation. Cr\u00e9ation. co:hub66 repr\u00e9sente une nouvelle forme de coop\u00e9ration (\u00ab\u00a0co\u00a0\u00bb) ainsi qu\u2019un lieu central et de rassemblement [&hellip;]<\/p>\n","protected":false},"author":61,"featured_media":36101,"parent":44697,"menu_order":7,"comment_status":"closed","ping_status":"closed","template":"","meta":{"_acf_changed":false,"footnotes":""},"class_list":["post-44771","page","type-page","status-publish","has-post-thumbnail","hentry"],"acf":[],"yoast_head":"<!-- This site is optimized with the Yoast SEO plugin v27.4 - https:\/\/yoast.com\/product\/yoast-seo-wordpress\/ -->\n<title>Mise en r\u00e9seau<\/title>\n<meta name=\"robots\" content=\"index, follow, max-snippet:-1, max-image-preview:large, max-video-preview:-1\" \/>\n<link rel=\"canonical\" href=\"https:\/\/saaris.de\/fr\/leistungen\/gruenden-und-kreatives\/vernetzen\/\" \/>\n<meta property=\"og:locale\" content=\"fr_FR\" \/>\n<meta property=\"og:type\" content=\"article\" \/>\n<meta property=\"og:title\" content=\"Mise en r\u00e9seau\" \/>\n<meta property=\"og:description\" content=\"Mise en r\u00e9seau. R\u00e9alisation. Cr\u00e9ation. co:hub66 repr\u00e9sente une nouvelle forme de coop\u00e9ration (\u00ab\u00a0co\u00a0\u00bb) ainsi qu\u2019un lieu central et de rassemblement [&hellip;]\" \/>\n<meta property=\"og:url\" content=\"https:\/\/saaris.de\/fr\/leistungen\/gruenden-und-kreatives\/vernetzen\/\" \/>\n<meta property=\"og:site_name\" content=\"saaris\" \/>\n<meta property=\"article:publisher\" content=\"https:\/\/www.facebook.com\/saaris\" \/>\n<meta property=\"article:modified_time\" content=\"2025-10-16T09:37:53+00:00\" \/>\n<meta property=\"og:image\" content=\"https:\/\/saaris.de\/wp-content\/uploads\/2022\/05\/cohub_Kachel.png\" \/>\n\t<meta property=\"og:image:width\" content=\"400\" \/>\n\t<meta property=\"og:image:height\" content=\"300\" \/>\n\t<meta property=\"og:image:type\" content=\"image\/png\" \/>\n<meta name=\"twitter:card\" content=\"summary_large_image\" \/>\n<meta name=\"twitter:site\" content=\"@saaris_ikt\" \/>\n<meta name=\"twitter:label1\" content=\"Dur\u00e9e de lecture estim\u00e9e\" \/>\n\t<meta name=\"twitter:data1\" content=\"3 minutes\" \/>\n<script type=\"application\/ld+json\" class=\"yoast-schema-graph\">{\"@context\":\"https:\\\/\\\/schema.org\",\"@graph\":[{\"@type\":\"WebPage\",\"@id\":\"https:\\\/\\\/saaris.de\\\/fr\\\/leistungen\\\/gruenden-und-kreatives\\\/vernetzen\\\/\",\"url\":\"https:\\\/\\\/saaris.de\\\/fr\\\/leistungen\\\/gruenden-und-kreatives\\\/vernetzen\\\/\",\"name\":\"Mise en r\u00e9seau\",\"isPartOf\":{\"@id\":\"https:\\\/\\\/saaris.de\\\/fr\\\/#website\"},\"primaryImageOfPage\":{\"@id\":\"https:\\\/\\\/saaris.de\\\/fr\\\/leistungen\\\/gruenden-und-kreatives\\\/vernetzen\\\/#primaryimage\"},\"image\":{\"@id\":\"https:\\\/\\\/saaris.de\\\/fr\\\/leistungen\\\/gruenden-und-kreatives\\\/vernetzen\\\/#primaryimage\"},\"thumbnailUrl\":\"https:\\\/\\\/saaris.de\\\/wp-content\\\/uploads\\\/2022\\\/05\\\/cohub_Kachel.png\",\"datePublished\":\"2022-05-24T09:32:10+00:00\",\"dateModified\":\"2025-10-16T09:37:53+00:00\",\"breadcrumb\":{\"@id\":\"https:\\\/\\\/saaris.de\\\/fr\\\/leistungen\\\/gruenden-und-kreatives\\\/vernetzen\\\/#breadcrumb\"},\"inLanguage\":\"fr-FR\",\"potentialAction\":[{\"@type\":\"ReadAction\",\"target\":[\"https:\\\/\\\/saaris.de\\\/fr\\\/leistungen\\\/gruenden-und-kreatives\\\/vernetzen\\\/\"]}]},{\"@type\":\"ImageObject\",\"inLanguage\":\"fr-FR\",\"@id\":\"https:\\\/\\\/saaris.de\\\/fr\\\/leistungen\\\/gruenden-und-kreatives\\\/vernetzen\\\/#primaryimage\",\"url\":\"https:\\\/\\\/saaris.de\\\/wp-content\\\/uploads\\\/2022\\\/05\\\/cohub_Kachel.png\",\"contentUrl\":\"https:\\\/\\\/saaris.de\\\/wp-content\\\/uploads\\\/2022\\\/05\\\/cohub_Kachel.png\",\"width\":400,\"height\":300},{\"@type\":\"BreadcrumbList\",\"@id\":\"https:\\\/\\\/saaris.de\\\/fr\\\/leistungen\\\/gruenden-und-kreatives\\\/vernetzen\\\/#breadcrumb\",\"itemListElement\":[{\"@type\":\"ListItem\",\"position\":1,\"name\":\"Home\",\"item\":\"https:\\\/\\\/saaris.de\\\/fr\\\/\"},{\"@type\":\"ListItem\",\"position\":2,\"name\":\"Services\",\"item\":\"https:\\\/\\\/saaris.de\\\/fr\\\/leistungen\\\/\"},{\"@type\":\"ListItem\",\"position\":3,\"name\":\"Entrepreneuriat et cr\u00e9ativit\u00e9\",\"item\":\"https:\\\/\\\/saaris.de\\\/fr\\\/leistungen\\\/gruenden-und-kreatives\\\/\"},{\"@type\":\"ListItem\",\"position\":4,\"name\":\"Mise en r\u00e9seau\"}]},{\"@type\":\"WebSite\",\"@id\":\"https:\\\/\\\/saaris.de\\\/fr\\\/#website\",\"url\":\"https:\\\/\\\/saaris.de\\\/fr\\\/\",\"name\":\"saaris\",\"description\":\"saarland.innovation&amp;standort e. V.\",\"publisher\":{\"@id\":\"https:\\\/\\\/saaris.de\\\/fr\\\/#organization\"},\"potentialAction\":[{\"@type\":\"SearchAction\",\"target\":{\"@type\":\"EntryPoint\",\"urlTemplate\":\"https:\\\/\\\/saaris.de\\\/fr\\\/?s={search_term_string}\"},\"query-input\":{\"@type\":\"PropertyValueSpecification\",\"valueRequired\":true,\"valueName\":\"search_term_string\"}}],\"inLanguage\":\"fr-FR\"},{\"@type\":\"Organization\",\"@id\":\"https:\\\/\\\/saaris.de\\\/fr\\\/#organization\",\"name\":\"saaris\",\"url\":\"https:\\\/\\\/saaris.de\\\/fr\\\/\",\"logo\":{\"@type\":\"ImageObject\",\"inLanguage\":\"fr-FR\",\"@id\":\"https:\\\/\\\/saaris.de\\\/fr\\\/#\\\/schema\\\/logo\\\/image\\\/\",\"url\":\"https:\\\/\\\/saaris.de\\\/wp-content\\\/uploads\\\/2022\\\/03\\\/saaris-logo-footer.jpg\",\"contentUrl\":\"https:\\\/\\\/saaris.de\\\/wp-content\\\/uploads\\\/2022\\\/03\\\/saaris-logo-footer.jpg\",\"width\":175,\"height\":80,\"caption\":\"saaris\"},\"image\":{\"@id\":\"https:\\\/\\\/saaris.de\\\/fr\\\/#\\\/schema\\\/logo\\\/image\\\/\"},\"sameAs\":[\"https:\\\/\\\/www.facebook.com\\\/saaris\",\"https:\\\/\\\/x.com\\\/saaris_ikt\"]}]}<\/script>\n<!-- \/ Yoast SEO plugin. -->","yoast_head_json":{"title":"Mise en r\u00e9seau","robots":{"index":"index","follow":"follow","max-snippet":"max-snippet:-1","max-image-preview":"max-image-preview:large","max-video-preview":"max-video-preview:-1"},"canonical":"https:\/\/saaris.de\/fr\/leistungen\/gruenden-und-kreatives\/vernetzen\/","og_locale":"fr_FR","og_type":"article","og_title":"Mise en r\u00e9seau","og_description":"Mise en r\u00e9seau. R\u00e9alisation. Cr\u00e9ation. co:hub66 repr\u00e9sente une nouvelle forme de coop\u00e9ration (\u00ab\u00a0co\u00a0\u00bb) ainsi qu\u2019un lieu central et de rassemblement [&hellip;]","og_url":"https:\/\/saaris.de\/fr\/leistungen\/gruenden-und-kreatives\/vernetzen\/","og_site_name":"saaris","article_publisher":"https:\/\/www.facebook.com\/saaris","article_modified_time":"2025-10-16T09:37:53+00:00","og_image":[{"width":400,"height":300,"url":"https:\/\/saaris.de\/wp-content\/uploads\/2022\/05\/cohub_Kachel.png","type":"image\/png"}],"twitter_card":"summary_large_image","twitter_site":"@saaris_ikt","twitter_misc":{"Dur\u00e9e de lecture estim\u00e9e":"3 minutes"},"schema":{"@context":"https:\/\/schema.org","@graph":[{"@type":"WebPage","@id":"https:\/\/saaris.de\/fr\/leistungen\/gruenden-und-kreatives\/vernetzen\/","url":"https:\/\/saaris.de\/fr\/leistungen\/gruenden-und-kreatives\/vernetzen\/","name":"Mise en r\u00e9seau","isPartOf":{"@id":"https:\/\/saaris.de\/fr\/#website"},"primaryImageOfPage":{"@id":"https:\/\/saaris.de\/fr\/leistungen\/gruenden-und-kreatives\/vernetzen\/#primaryimage"},"image":{"@id":"https:\/\/saaris.de\/fr\/leistungen\/gruenden-und-kreatives\/vernetzen\/#primaryimage"},"thumbnailUrl":"https:\/\/saaris.de\/wp-content\/uploads\/2022\/05\/cohub_Kachel.png","datePublished":"2022-05-24T09:32:10+00:00","dateModified":"2025-10-16T09:37:53+00:00","breadcrumb":{"@id":"https:\/\/saaris.de\/fr\/leistungen\/gruenden-und-kreatives\/vernetzen\/#breadcrumb"},"inLanguage":"fr-FR","potentialAction":[{"@type":"ReadAction","target":["https:\/\/saaris.de\/fr\/leistungen\/gruenden-und-kreatives\/vernetzen\/"]}]},{"@type":"ImageObject","inLanguage":"fr-FR","@id":"https:\/\/saaris.de\/fr\/leistungen\/gruenden-und-kreatives\/vernetzen\/#primaryimage","url":"https:\/\/saaris.de\/wp-content\/uploads\/2022\/05\/cohub_Kachel.png","contentUrl":"https:\/\/saaris.de\/wp-content\/uploads\/2022\/05\/cohub_Kachel.png","width":400,"height":300},{"@type":"BreadcrumbList","@id":"https:\/\/saaris.de\/fr\/leistungen\/gruenden-und-kreatives\/vernetzen\/#breadcrumb","itemListElement":[{"@type":"ListItem","position":1,"name":"Home","item":"https:\/\/saaris.de\/fr\/"},{"@type":"ListItem","position":2,"name":"Services","item":"https:\/\/saaris.de\/fr\/leistungen\/"},{"@type":"ListItem","position":3,"name":"Entrepreneuriat et cr\u00e9ativit\u00e9","item":"https:\/\/saaris.de\/fr\/leistungen\/gruenden-und-kreatives\/"},{"@type":"ListItem","position":4,"name":"Mise en r\u00e9seau"}]},{"@type":"WebSite","@id":"https:\/\/saaris.de\/fr\/#website","url":"https:\/\/saaris.de\/fr\/","name":"saaris","description":"saarland.innovation&amp;standort e. V.","publisher":{"@id":"https:\/\/saaris.de\/fr\/#organization"},"potentialAction":[{"@type":"SearchAction","target":{"@type":"EntryPoint","urlTemplate":"https:\/\/saaris.de\/fr\/?s={search_term_string}"},"query-input":{"@type":"PropertyValueSpecification","valueRequired":true,"valueName":"search_term_string"}}],"inLanguage":"fr-FR"},{"@type":"Organization","@id":"https:\/\/saaris.de\/fr\/#organization","name":"saaris","url":"https:\/\/saaris.de\/fr\/","logo":{"@type":"ImageObject","inLanguage":"fr-FR","@id":"https:\/\/saaris.de\/fr\/#\/schema\/logo\/image\/","url":"https:\/\/saaris.de\/wp-content\/uploads\/2022\/03\/saaris-logo-footer.jpg","contentUrl":"https:\/\/saaris.de\/wp-content\/uploads\/2022\/03\/saaris-logo-footer.jpg","width":175,"height":80,"caption":"saaris"},"image":{"@id":"https:\/\/saaris.de\/fr\/#\/schema\/logo\/image\/"},"sameAs":["https:\/\/www.facebook.com\/saaris","https:\/\/x.com\/saaris_ikt"]}]}},"publishpress_future_workflow_manual_trigger":{"enabledWorkflows":[]},"_links":{"self":[{"href":"https:\/\/saaris.de\/fr\/wp-json\/wp\/v2\/pages\/44771","targetHints":{"allow":["GET"]}}],"collection":[{"href":"https:\/\/saaris.de\/fr\/wp-json\/wp\/v2\/pages"}],"about":[{"href":"https:\/\/saaris.de\/fr\/wp-json\/wp\/v2\/types\/page"}],"author":[{"embeddable":true,"href":"https:\/\/saaris.de\/fr\/wp-json\/wp\/v2\/users\/61"}],"replies":[{"embeddable":true,"href":"https:\/\/saaris.de\/fr\/wp-json\/wp\/v2\/comments?post=44771"}],"version-history":[{"count":26,"href":"https:\/\/saaris.de\/fr\/wp-json\/wp\/v2\/pages\/44771\/revisions"}],"predecessor-version":[{"id":67887,"href":"https:\/\/saaris.de\/fr\/wp-json\/wp\/v2\/pages\/44771\/revisions\/67887"}],"up":[{"embeddable":true,"href":"https:\/\/saaris.de\/fr\/wp-json\/wp\/v2\/pages\/44697"}],"wp:featuredmedia":[{"embeddable":true,"href":"https:\/\/saaris.de\/fr\/wp-json\/wp\/v2\/media\/36101"}],"wp:attachment":[{"href":"https:\/\/saaris.de\/fr\/wp-json\/wp\/v2\/media?parent=44771"}],"curies":[{"name":"wp","href":"https:\/\/api.w.org\/{rel}","templated":true}]}}