{"id":44764,"date":"2022-05-24T11:31:39","date_gmt":"2022-05-24T09:31:39","guid":{"rendered":"https:\/\/saaris.de\/?page_id=44764"},"modified":"2025-04-25T12:02:03","modified_gmt":"2025-04-25T10:02:03","slug":"rapid-prototyping","status":"publish","type":"page","link":"https:\/\/saaris.de\/fr\/leistungen\/gruenden-und-kreatives\/rapid-prototyping\/","title":{"rendered":"Prototypage rapide"},"content":{"rendered":"\t\t<div data-elementor-type=\"wp-page\" data-elementor-id=\"44764\" class=\"elementor elementor-44764 elementor-18039\" data-elementor-post-type=\"page\">\n\t\t\t\t\t\t<section class=\"elementor-section elementor-top-section elementor-element elementor-element-f255aa7 elementor-section-boxed elementor-section-height-default elementor-section-height-default\" data-id=\"f255aa7\" data-element_type=\"section\" data-e-type=\"section\">\n\t\t\t\t\t\t<div class=\"elementor-container elementor-column-gap-default\">\n\t\t\t\t\t<div class=\"elementor-column elementor-col-100 elementor-top-column elementor-element elementor-element-9049590\" data-id=\"9049590\" data-element_type=\"column\" data-e-type=\"column\">\n\t\t\t<div class=\"elementor-widget-wrap elementor-element-populated\">\n\t\t\t\t\t\t<div class=\"elementor-element elementor-element-586513c elementor-widget elementor-widget-spacer\" data-id=\"586513c\" data-element_type=\"widget\" data-e-type=\"widget\" data-widget_type=\"spacer.default\">\n\t\t\t\t<div class=\"elementor-widget-container\">\n\t\t\t\t\t\t\t<div class=\"elementor-spacer\">\n\t\t\t<div class=\"elementor-spacer-inner\"><\/div>\n\t\t<\/div>\n\t\t\t\t\t\t<\/div>\n\t\t\t\t<\/div>\n\t\t\t\t\t<\/div>\n\t\t<\/div>\n\t\t\t\t\t<\/div>\n\t\t<\/section>\n\t\t\t\t<section class=\"elementor-section elementor-top-section elementor-element elementor-element-d240984 elementor-section-boxed elementor-section-height-default elementor-section-height-default\" data-id=\"d240984\" data-element_type=\"section\" data-e-type=\"section\">\n\t\t\t\t\t\t<div class=\"elementor-container elementor-column-gap-default\">\n\t\t\t\t\t<div class=\"elementor-column elementor-col-66 elementor-top-column elementor-element elementor-element-2fee3f1\" data-id=\"2fee3f1\" data-element_type=\"column\" data-e-type=\"column\">\n\t\t\t<div class=\"elementor-widget-wrap elementor-element-populated\">\n\t\t\t\t\t\t<div class=\"elementor-element elementor-element-b063457 elementor-widget elementor-widget-heading\" data-id=\"b063457\" data-element_type=\"widget\" data-e-type=\"widget\" data-widget_type=\"heading.default\">\n\t\t\t\t<div class=\"elementor-widget-container\">\n\t\t\t\t\t<h2 class=\"elementor-heading-title elementor-size-default\">L\u2019innovation chez FabLab<\/h2>\t\t\t\t<\/div>\n\t\t\t\t<\/div>\n\t\t\t\t\t<\/div>\n\t\t<\/div>\n\t\t\t\t<div class=\"elementor-column elementor-col-33 elementor-top-column elementor-element elementor-element-e4cd283\" data-id=\"e4cd283\" data-element_type=\"column\" data-e-type=\"column\">\n\t\t\t<div class=\"elementor-widget-wrap elementor-element-populated\">\n\t\t\t\t\t\t<div class=\"elementor-element elementor-element-20666f3 elementor-widget elementor-widget-image\" data-id=\"20666f3\" data-element_type=\"widget\" data-e-type=\"widget\" data-widget_type=\"image.default\">\n\t\t\t\t<div class=\"elementor-widget-container\">\n\t\t\t\t\t\t\t\t\t\t\t\t\t\t\t<img decoding=\"async\" width=\"373\" height=\"70\" src=\"https:\/\/saaris.de\/wp-content\/uploads\/2022\/04\/cohub66-logo.png\" class=\"attachment-medium_large size-medium_large wp-image-35174\" alt=\"\" srcset=\"https:\/\/saaris.de\/wp-content\/uploads\/2022\/04\/cohub66-logo.png 373w, https:\/\/saaris.de\/wp-content\/uploads\/2022\/04\/cohub66-logo-300x56.png 300w\" sizes=\"(max-width: 373px) 100vw, 373px\" \/>\t\t\t\t\t\t\t\t\t\t\t\t\t\t\t<\/div>\n\t\t\t\t<\/div>\n\t\t\t\t\t<\/div>\n\t\t<\/div>\n\t\t\t\t\t<\/div>\n\t\t<\/section>\n\t\t\t\t<section class=\"elementor-section elementor-top-section elementor-element elementor-element-1a9f74f elementor-section-boxed elementor-section-height-default elementor-section-height-default\" data-id=\"1a9f74f\" data-element_type=\"section\" data-e-type=\"section\">\n\t\t\t\t\t\t<div class=\"elementor-container elementor-column-gap-default\">\n\t\t\t\t\t<div class=\"elementor-column elementor-col-50 elementor-top-column elementor-element elementor-element-e70784d\" data-id=\"e70784d\" data-element_type=\"column\" data-e-type=\"column\">\n\t\t\t<div class=\"elementor-widget-wrap elementor-element-populated\">\n\t\t\t\t\t\t<div class=\"elementor-element elementor-element-8e2c863 elementor-widget elementor-widget-text-editor\" data-id=\"8e2c863\" data-element_type=\"widget\" data-e-type=\"widget\" data-widget_type=\"text-editor.default\">\n\t\t\t\t<div class=\"elementor-widget-container\">\n\t\t\t\t\t\t\t\t\t<p>FabLab est une institution interdisciplinaire centrale du co:hub66 pour les domaines du mod\u00e9lisme et de la proto-industrie assist\u00e9s par ordinateur (\u00ab\u00a0rapid prototyping\u00a0\u00bb), des proc\u00e9d\u00e9s de fabrication et de production innovants (\u00ab\u00a0rapid manufacturing\u00a0\u00bb) et des syst\u00e8mes mat\u00e9riels et logiciels interactifs et en r\u00e9seau (\u00ab\u00a0physical computing\u00a0\u00bb). Des id\u00e9es, mod\u00e8les, prototypes et petites s\u00e9ries peuvent \u00eatre d\u00e9velopp\u00e9s et prototyp\u00e9s \u00e0 l\u2019aide de proc\u00e9d\u00e9s de d\u00e9veloppement et de fabrication num\u00e9riques. FabLab poss\u00e8de, entre autres, diff\u00e9rentes imprimantes 3D, d\u2019un laser CO\u00b2, d\u2019une fraiseuse \u00e0 portique CNC, d\u2019un traceur de d\u00e9coupe, et de diff\u00e9rents appareils manuels.<\/p><p>FabLab est en libre acc\u00e8s et peut \u00eatre utilis\u00e9 une fois les instructions n\u00e9cessaires re\u00e7ues. Visitez notre site web et informez-vous sur les dates et heures d\u2019ouverture actuelles.<\/p>\t\t\t\t\t\t\t\t<\/div>\n\t\t\t\t<\/div>\n\t\t\t\t\t<\/div>\n\t\t<\/div>\n\t\t\t\t<div class=\"elementor-column elementor-col-50 elementor-top-column elementor-element elementor-element-aa6d180\" data-id=\"aa6d180\" data-element_type=\"column\" data-e-type=\"column\">\n\t\t\t<div class=\"elementor-widget-wrap elementor-element-populated\">\n\t\t\t\t\t\t<div class=\"elementor-element elementor-element-6fc287d elementor-widget elementor-widget-image\" data-id=\"6fc287d\" data-element_type=\"widget\" data-e-type=\"widget\" data-widget_type=\"image.default\">\n\t\t\t\t<div class=\"elementor-widget-container\">\n\t\t\t\t\t\t\t\t\t\t\t\t\t\t\t<img fetchpriority=\"high\" decoding=\"async\" width=\"768\" height=\"576\" src=\"https:\/\/saaris.de\/wp-content\/uploads\/2022\/06\/P1001377-768x576.jpg\" class=\"attachment-medium_large size-medium_large wp-image-36404\" alt=\"\" srcset=\"https:\/\/saaris.de\/wp-content\/uploads\/2022\/06\/P1001377-768x576.jpg 768w, https:\/\/saaris.de\/wp-content\/uploads\/2022\/06\/P1001377-300x225.jpg 300w, https:\/\/saaris.de\/wp-content\/uploads\/2022\/06\/P1001377-1024x768.jpg 1024w, https:\/\/saaris.de\/wp-content\/uploads\/2022\/06\/P1001377-1536x1152.jpg 1536w, https:\/\/saaris.de\/wp-content\/uploads\/2022\/06\/P1001377.jpg 1920w\" sizes=\"(max-width: 768px) 100vw, 768px\" \/>\t\t\t\t\t\t\t\t\t\t\t\t\t\t\t<\/div>\n\t\t\t\t<\/div>\n\t\t\t\t\t<\/div>\n\t\t<\/div>\n\t\t\t\t\t<\/div>\n\t\t<\/section>\n\t\t\t\t<section class=\"elementor-section elementor-top-section elementor-element elementor-element-e1b4bc6 elementor-section-full_width elementor-section-height-default elementor-section-height-default\" data-id=\"e1b4bc6\" data-element_type=\"section\" data-e-type=\"section\">\n\t\t\t\t\t\t<div class=\"elementor-container elementor-column-gap-default\">\n\t\t\t\t\t<div class=\"elementor-column elementor-col-100 elementor-top-column elementor-element elementor-element-f0b967a\" data-id=\"f0b967a\" data-element_type=\"column\" data-e-type=\"column\">\n\t\t\t<div class=\"elementor-widget-wrap elementor-element-populated\">\n\t\t\t\t\t\t<div class=\"elementor-element elementor-element-66ef346 elementor-widget elementor-widget-n49__call_2_action\" data-id=\"66ef346\" data-element_type=\"widget\" data-e-type=\"widget\" data-widget_type=\"n49__call_2_action.default\">\n\t\t\t\t<div class=\"elementor-widget-container\">\n\t\t\t\t\t\n        <section class=\"block--element has-space block--call-to-action\">\n            <div class=\"content-container\">\n                <div class=\"action--container\">\n                    <div class=\"action--background\"><img decoding=\"async\" src=\"https:\/\/saaris.de\/wp-content\/uploads\/2022\/06\/prototyping_Stoerer.png\" title=\"Prototyping\" alt=\"Prototyping\" loading=\"lazy\" \/><\/div>\n                    <div class=\"action--content\">\n                        <div class=\"content--left\">\n                            <div>\n                                <h2>FabLab<\/h2>\n                                <p>Pour essayer, pour \u00ab bricoler \u00bb de mani\u00e8re innovante, pour r\u00e9aliser un prototypage professionnel.<\/p>\n                            <\/div>\n                        <\/div>\n                        <div class=\"content--right\">\n                            <a href=\"https:\/\/cohub66.com\/\" target=\"_blank\" rel=\"\" >se renseigner<\/a>\n                        <\/div>\n                    <\/div>\n                <\/div>\n            <\/div>\n        <\/section>\n\n        <section class=\"block--element block--call-to-action-mobile has-space\">\n            <div class=\"content-container\">\n                <div class=\"action--container\">\n                    <div class=\"action--background\"><img decoding=\"async\" src=\"https:\/\/saaris.de\/wp-content\/uploads\/2022\/06\/prototyping_Stoerer.png\" title=\"Prototyping\" alt=\"Prototyping\" loading=\"lazy\" \/><\/div>\n                    <div class=\"action--content\">\n                        <div class=\"content--left\">\n                            <div>\n                                <h2>FabLab<\/h2>\n                                <p>Pour essayer, pour \u00ab bricoler \u00bb de mani\u00e8re innovante, pour r\u00e9aliser un prototypage professionnel.<\/p>\n                            <\/div>\n                        <\/div>\n                        <div class=\"content--right\">\n                            <a href=\"https:\/\/cohub66.com\/\" target=\"_blank\" rel=\"\" >se renseigner<\/a>\n                        <\/div>\n                    <\/div>\n                <\/div>\n            <\/div>\n        <\/section>\n\n        \t\t\t\t<\/div>\n\t\t\t\t<\/div>\n\t\t\t\t\t<\/div>\n\t\t<\/div>\n\t\t\t\t\t<\/div>\n\t\t<\/section>\n\t\t\t\t<section class=\"elementor-section elementor-top-section elementor-element elementor-element-127431a elementor-section-boxed elementor-section-height-default elementor-section-height-default\" data-id=\"127431a\" data-element_type=\"section\" data-e-type=\"section\">\n\t\t\t\t\t\t<div class=\"elementor-container elementor-column-gap-default\">\n\t\t\t\t\t<div class=\"elementor-column elementor-col-100 elementor-top-column elementor-element elementor-element-187edea\" data-id=\"187edea\" data-element_type=\"column\" data-e-type=\"column\">\n\t\t\t<div class=\"elementor-widget-wrap elementor-element-populated\">\n\t\t\t\t\t\t<div class=\"elementor-element elementor-element-a3dc5e1 elementor-widget elementor-widget-spacer\" data-id=\"a3dc5e1\" data-element_type=\"widget\" data-e-type=\"widget\" data-widget_type=\"spacer.default\">\n\t\t\t\t<div class=\"elementor-widget-container\">\n\t\t\t\t\t\t\t<div class=\"elementor-spacer\">\n\t\t\t<div class=\"elementor-spacer-inner\"><\/div>\n\t\t<\/div>\n\t\t\t\t\t\t<\/div>\n\t\t\t\t<\/div>\n\t\t\t\t\t<\/div>\n\t\t<\/div>\n\t\t\t\t\t<\/div>\n\t\t<\/section>\n\t\t\t\t<\/div>\n\t\t","protected":false},"excerpt":{"rendered":"<p>L\u2019innovation chez FabLab FabLab est une institution interdisciplinaire centrale du co:hub66 pour les domaines du mod\u00e9lisme et de la proto-industrie [&hellip;]<\/p>\n","protected":false},"author":61,"featured_media":36384,"parent":44697,"menu_order":6,"comment_status":"closed","ping_status":"closed","template":"","meta":{"_acf_changed":false,"footnotes":""},"class_list":["post-44764","page","type-page","status-publish","has-post-thumbnail","hentry"],"acf":[],"yoast_head":"<!-- This site is optimized with the Yoast SEO plugin v27.3 - https:\/\/yoast.com\/product\/yoast-seo-wordpress\/ -->\n<title>Prototypage rapide<\/title>\n<meta name=\"robots\" content=\"index, follow, max-snippet:-1, max-image-preview:large, max-video-preview:-1\" \/>\n<link rel=\"canonical\" href=\"https:\/\/saaris.de\/fr\/leistungen\/gruenden-und-kreatives\/rapid-prototyping\/\" \/>\n<meta property=\"og:locale\" content=\"fr_FR\" \/>\n<meta property=\"og:type\" content=\"article\" \/>\n<meta property=\"og:title\" content=\"Prototypage rapide\" \/>\n<meta property=\"og:description\" content=\"L\u2019innovation chez FabLab FabLab est une institution interdisciplinaire centrale du co:hub66 pour les domaines du mod\u00e9lisme et de la proto-industrie [&hellip;]\" \/>\n<meta property=\"og:url\" content=\"https:\/\/saaris.de\/fr\/leistungen\/gruenden-und-kreatives\/rapid-prototyping\/\" \/>\n<meta property=\"og:site_name\" content=\"saaris\" \/>\n<meta property=\"article:publisher\" content=\"https:\/\/www.facebook.com\/saaris\" \/>\n<meta property=\"article:modified_time\" content=\"2025-04-25T10:02:03+00:00\" \/>\n<meta property=\"og:image\" content=\"https:\/\/saaris.de\/wp-content\/uploads\/2022\/06\/AdobeStock_283522597_Prototyping_Kachel.png\" \/>\n\t<meta property=\"og:image:width\" content=\"400\" \/>\n\t<meta property=\"og:image:height\" content=\"300\" \/>\n\t<meta property=\"og:image:type\" content=\"image\/png\" \/>\n<meta name=\"twitter:card\" content=\"summary_large_image\" \/>\n<meta name=\"twitter:site\" content=\"@saaris_ikt\" \/>\n<meta name=\"twitter:label1\" content=\"Dur\u00e9e de lecture estim\u00e9e\" \/>\n\t<meta name=\"twitter:data1\" content=\"1 minute\" \/>\n<script type=\"application\/ld+json\" class=\"yoast-schema-graph\">{\"@context\":\"https:\\\/\\\/schema.org\",\"@graph\":[{\"@type\":\"WebPage\",\"@id\":\"https:\\\/\\\/saaris.de\\\/fr\\\/leistungen\\\/gruenden-und-kreatives\\\/rapid-prototyping\\\/\",\"url\":\"https:\\\/\\\/saaris.de\\\/fr\\\/leistungen\\\/gruenden-und-kreatives\\\/rapid-prototyping\\\/\",\"name\":\"Prototypage rapide\",\"isPartOf\":{\"@id\":\"https:\\\/\\\/saaris.de\\\/fr\\\/#website\"},\"primaryImageOfPage\":{\"@id\":\"https:\\\/\\\/saaris.de\\\/fr\\\/leistungen\\\/gruenden-und-kreatives\\\/rapid-prototyping\\\/#primaryimage\"},\"image\":{\"@id\":\"https:\\\/\\\/saaris.de\\\/fr\\\/leistungen\\\/gruenden-und-kreatives\\\/rapid-prototyping\\\/#primaryimage\"},\"thumbnailUrl\":\"https:\\\/\\\/saaris.de\\\/wp-content\\\/uploads\\\/2022\\\/06\\\/AdobeStock_283522597_Prototyping_Kachel.png\",\"datePublished\":\"2022-05-24T09:31:39+00:00\",\"dateModified\":\"2025-04-25T10:02:03+00:00\",\"breadcrumb\":{\"@id\":\"https:\\\/\\\/saaris.de\\\/fr\\\/leistungen\\\/gruenden-und-kreatives\\\/rapid-prototyping\\\/#breadcrumb\"},\"inLanguage\":\"fr-FR\",\"potentialAction\":[{\"@type\":\"ReadAction\",\"target\":[\"https:\\\/\\\/saaris.de\\\/fr\\\/leistungen\\\/gruenden-und-kreatives\\\/rapid-prototyping\\\/\"]}]},{\"@type\":\"ImageObject\",\"inLanguage\":\"fr-FR\",\"@id\":\"https:\\\/\\\/saaris.de\\\/fr\\\/leistungen\\\/gruenden-und-kreatives\\\/rapid-prototyping\\\/#primaryimage\",\"url\":\"https:\\\/\\\/saaris.de\\\/wp-content\\\/uploads\\\/2022\\\/06\\\/AdobeStock_283522597_Prototyping_Kachel.png\",\"contentUrl\":\"https:\\\/\\\/saaris.de\\\/wp-content\\\/uploads\\\/2022\\\/06\\\/AdobeStock_283522597_Prototyping_Kachel.png\",\"width\":400,\"height\":300},{\"@type\":\"BreadcrumbList\",\"@id\":\"https:\\\/\\\/saaris.de\\\/fr\\\/leistungen\\\/gruenden-und-kreatives\\\/rapid-prototyping\\\/#breadcrumb\",\"itemListElement\":[{\"@type\":\"ListItem\",\"position\":1,\"name\":\"Home\",\"item\":\"https:\\\/\\\/saaris.de\\\/fr\\\/\"},{\"@type\":\"ListItem\",\"position\":2,\"name\":\"Services\",\"item\":\"https:\\\/\\\/saaris.de\\\/fr\\\/leistungen\\\/\"},{\"@type\":\"ListItem\",\"position\":3,\"name\":\"Entrepreneuriat et cr\u00e9ativit\u00e9\",\"item\":\"https:\\\/\\\/saaris.de\\\/fr\\\/leistungen\\\/gruenden-und-kreatives\\\/\"},{\"@type\":\"ListItem\",\"position\":4,\"name\":\"Prototypage rapide\"}]},{\"@type\":\"WebSite\",\"@id\":\"https:\\\/\\\/saaris.de\\\/fr\\\/#website\",\"url\":\"https:\\\/\\\/saaris.de\\\/fr\\\/\",\"name\":\"saaris\",\"description\":\"saarland.innovation&amp;standort e. V.\",\"publisher\":{\"@id\":\"https:\\\/\\\/saaris.de\\\/fr\\\/#organization\"},\"potentialAction\":[{\"@type\":\"SearchAction\",\"target\":{\"@type\":\"EntryPoint\",\"urlTemplate\":\"https:\\\/\\\/saaris.de\\\/fr\\\/?s={search_term_string}\"},\"query-input\":{\"@type\":\"PropertyValueSpecification\",\"valueRequired\":true,\"valueName\":\"search_term_string\"}}],\"inLanguage\":\"fr-FR\"},{\"@type\":\"Organization\",\"@id\":\"https:\\\/\\\/saaris.de\\\/fr\\\/#organization\",\"name\":\"saaris\",\"url\":\"https:\\\/\\\/saaris.de\\\/fr\\\/\",\"logo\":{\"@type\":\"ImageObject\",\"inLanguage\":\"fr-FR\",\"@id\":\"https:\\\/\\\/saaris.de\\\/fr\\\/#\\\/schema\\\/logo\\\/image\\\/\",\"url\":\"https:\\\/\\\/saaris.de\\\/wp-content\\\/uploads\\\/2022\\\/03\\\/saaris-logo-footer.jpg\",\"contentUrl\":\"https:\\\/\\\/saaris.de\\\/wp-content\\\/uploads\\\/2022\\\/03\\\/saaris-logo-footer.jpg\",\"width\":175,\"height\":80,\"caption\":\"saaris\"},\"image\":{\"@id\":\"https:\\\/\\\/saaris.de\\\/fr\\\/#\\\/schema\\\/logo\\\/image\\\/\"},\"sameAs\":[\"https:\\\/\\\/www.facebook.com\\\/saaris\",\"https:\\\/\\\/x.com\\\/saaris_ikt\"]}]}<\/script>\n<!-- \/ Yoast SEO plugin. -->","yoast_head_json":{"title":"Prototypage rapide","robots":{"index":"index","follow":"follow","max-snippet":"max-snippet:-1","max-image-preview":"max-image-preview:large","max-video-preview":"max-video-preview:-1"},"canonical":"https:\/\/saaris.de\/fr\/leistungen\/gruenden-und-kreatives\/rapid-prototyping\/","og_locale":"fr_FR","og_type":"article","og_title":"Prototypage rapide","og_description":"L\u2019innovation chez FabLab FabLab est une institution interdisciplinaire centrale du co:hub66 pour les domaines du mod\u00e9lisme et de la proto-industrie [&hellip;]","og_url":"https:\/\/saaris.de\/fr\/leistungen\/gruenden-und-kreatives\/rapid-prototyping\/","og_site_name":"saaris","article_publisher":"https:\/\/www.facebook.com\/saaris","article_modified_time":"2025-04-25T10:02:03+00:00","og_image":[{"width":400,"height":300,"url":"https:\/\/saaris.de\/wp-content\/uploads\/2022\/06\/AdobeStock_283522597_Prototyping_Kachel.png","type":"image\/png"}],"twitter_card":"summary_large_image","twitter_site":"@saaris_ikt","twitter_misc":{"Dur\u00e9e de lecture estim\u00e9e":"1 minute"},"schema":{"@context":"https:\/\/schema.org","@graph":[{"@type":"WebPage","@id":"https:\/\/saaris.de\/fr\/leistungen\/gruenden-und-kreatives\/rapid-prototyping\/","url":"https:\/\/saaris.de\/fr\/leistungen\/gruenden-und-kreatives\/rapid-prototyping\/","name":"Prototypage rapide","isPartOf":{"@id":"https:\/\/saaris.de\/fr\/#website"},"primaryImageOfPage":{"@id":"https:\/\/saaris.de\/fr\/leistungen\/gruenden-und-kreatives\/rapid-prototyping\/#primaryimage"},"image":{"@id":"https:\/\/saaris.de\/fr\/leistungen\/gruenden-und-kreatives\/rapid-prototyping\/#primaryimage"},"thumbnailUrl":"https:\/\/saaris.de\/wp-content\/uploads\/2022\/06\/AdobeStock_283522597_Prototyping_Kachel.png","datePublished":"2022-05-24T09:31:39+00:00","dateModified":"2025-04-25T10:02:03+00:00","breadcrumb":{"@id":"https:\/\/saaris.de\/fr\/leistungen\/gruenden-und-kreatives\/rapid-prototyping\/#breadcrumb"},"inLanguage":"fr-FR","potentialAction":[{"@type":"ReadAction","target":["https:\/\/saaris.de\/fr\/leistungen\/gruenden-und-kreatives\/rapid-prototyping\/"]}]},{"@type":"ImageObject","inLanguage":"fr-FR","@id":"https:\/\/saaris.de\/fr\/leistungen\/gruenden-und-kreatives\/rapid-prototyping\/#primaryimage","url":"https:\/\/saaris.de\/wp-content\/uploads\/2022\/06\/AdobeStock_283522597_Prototyping_Kachel.png","contentUrl":"https:\/\/saaris.de\/wp-content\/uploads\/2022\/06\/AdobeStock_283522597_Prototyping_Kachel.png","width":400,"height":300},{"@type":"BreadcrumbList","@id":"https:\/\/saaris.de\/fr\/leistungen\/gruenden-und-kreatives\/rapid-prototyping\/#breadcrumb","itemListElement":[{"@type":"ListItem","position":1,"name":"Home","item":"https:\/\/saaris.de\/fr\/"},{"@type":"ListItem","position":2,"name":"Services","item":"https:\/\/saaris.de\/fr\/leistungen\/"},{"@type":"ListItem","position":3,"name":"Entrepreneuriat et cr\u00e9ativit\u00e9","item":"https:\/\/saaris.de\/fr\/leistungen\/gruenden-und-kreatives\/"},{"@type":"ListItem","position":4,"name":"Prototypage rapide"}]},{"@type":"WebSite","@id":"https:\/\/saaris.de\/fr\/#website","url":"https:\/\/saaris.de\/fr\/","name":"saaris","description":"saarland.innovation&amp;standort e. V.","publisher":{"@id":"https:\/\/saaris.de\/fr\/#organization"},"potentialAction":[{"@type":"SearchAction","target":{"@type":"EntryPoint","urlTemplate":"https:\/\/saaris.de\/fr\/?s={search_term_string}"},"query-input":{"@type":"PropertyValueSpecification","valueRequired":true,"valueName":"search_term_string"}}],"inLanguage":"fr-FR"},{"@type":"Organization","@id":"https:\/\/saaris.de\/fr\/#organization","name":"saaris","url":"https:\/\/saaris.de\/fr\/","logo":{"@type":"ImageObject","inLanguage":"fr-FR","@id":"https:\/\/saaris.de\/fr\/#\/schema\/logo\/image\/","url":"https:\/\/saaris.de\/wp-content\/uploads\/2022\/03\/saaris-logo-footer.jpg","contentUrl":"https:\/\/saaris.de\/wp-content\/uploads\/2022\/03\/saaris-logo-footer.jpg","width":175,"height":80,"caption":"saaris"},"image":{"@id":"https:\/\/saaris.de\/fr\/#\/schema\/logo\/image\/"},"sameAs":["https:\/\/www.facebook.com\/saaris","https:\/\/x.com\/saaris_ikt"]}]}},"publishpress_future_workflow_manual_trigger":{"enabledWorkflows":[]},"_links":{"self":[{"href":"https:\/\/saaris.de\/fr\/wp-json\/wp\/v2\/pages\/44764","targetHints":{"allow":["GET"]}}],"collection":[{"href":"https:\/\/saaris.de\/fr\/wp-json\/wp\/v2\/pages"}],"about":[{"href":"https:\/\/saaris.de\/fr\/wp-json\/wp\/v2\/types\/page"}],"author":[{"embeddable":true,"href":"https:\/\/saaris.de\/fr\/wp-json\/wp\/v2\/users\/61"}],"replies":[{"embeddable":true,"href":"https:\/\/saaris.de\/fr\/wp-json\/wp\/v2\/comments?post=44764"}],"version-history":[{"count":18,"href":"https:\/\/saaris.de\/fr\/wp-json\/wp\/v2\/pages\/44764\/revisions"}],"predecessor-version":[{"id":65150,"href":"https:\/\/saaris.de\/fr\/wp-json\/wp\/v2\/pages\/44764\/revisions\/65150"}],"up":[{"embeddable":true,"href":"https:\/\/saaris.de\/fr\/wp-json\/wp\/v2\/pages\/44697"}],"wp:featuredmedia":[{"embeddable":true,"href":"https:\/\/saaris.de\/fr\/wp-json\/wp\/v2\/media\/36384"}],"wp:attachment":[{"href":"https:\/\/saaris.de\/fr\/wp-json\/wp\/v2\/media?parent=44764"}],"curies":[{"name":"wp","href":"https:\/\/api.w.org\/{rel}","templated":true}]}}