{"id":44720,"date":"2021-05-11T11:28:50","date_gmt":"2021-05-11T09:28:50","guid":{"rendered":"https:\/\/saaris.de\/?page_id=44720"},"modified":"2025-10-16T11:30:57","modified_gmt":"2025-10-16T09:30:57","slug":"foerderung-von-jungunternehmen","status":"publish","type":"page","link":"https:\/\/saaris.de\/fr\/leistungen\/gruenden-und-kreatives\/foerderung-von-jungunternehmen\/","title":{"rendered":"Promotion des jeunes entreprises"},"content":{"rendered":"\t\t<div data-elementor-type=\"wp-page\" data-elementor-id=\"44720\" class=\"elementor elementor-44720 elementor-1312\" data-elementor-post-type=\"page\">\n\t\t\t\t\t\t<section class=\"elementor-section elementor-top-section elementor-element elementor-element-770e35e3 elementor-section-boxed elementor-section-height-default elementor-section-height-default\" data-id=\"770e35e3\" data-element_type=\"section\" data-e-type=\"section\">\n\t\t\t\t\t\t<div class=\"elementor-container elementor-column-gap-default\">\n\t\t\t\t\t<div class=\"elementor-column elementor-col-100 elementor-top-column elementor-element elementor-element-1b3713cd\" data-id=\"1b3713cd\" data-element_type=\"column\" data-e-type=\"column\">\n\t\t\t<div class=\"elementor-widget-wrap elementor-element-populated\">\n\t\t\t\t\t\t<div class=\"elementor-element elementor-element-6405895 elementor-widget elementor-widget-spacer\" data-id=\"6405895\" data-element_type=\"widget\" data-e-type=\"widget\" data-widget_type=\"spacer.default\">\n\t\t\t\t<div class=\"elementor-widget-container\">\n\t\t\t\t\t\t\t<div class=\"elementor-spacer\">\n\t\t\t<div class=\"elementor-spacer-inner\"><\/div>\n\t\t<\/div>\n\t\t\t\t\t\t<\/div>\n\t\t\t\t<\/div>\n\t\t\t\t<div class=\"elementor-element elementor-element-724e6ea elementor-widget elementor-widget-heading\" data-id=\"724e6ea\" data-element_type=\"widget\" data-e-type=\"widget\" data-widget_type=\"heading.default\">\n\t\t\t\t<div class=\"elementor-widget-container\">\n\t\t\t\t\t<h2 class=\"elementor-heading-title elementor-size-default\">Promotion des jeunes entreprises en Sarre<\/h2>\t\t\t\t<\/div>\n\t\t\t\t<\/div>\n\t\t\t\t<section class=\"elementor-section elementor-inner-section elementor-element elementor-element-4cdf9551 elementor-section-boxed elementor-section-height-default elementor-section-height-default\" data-id=\"4cdf9551\" data-element_type=\"section\" data-e-type=\"section\">\n\t\t\t\t\t\t<div class=\"elementor-container elementor-column-gap-default\">\n\t\t\t\t\t<div class=\"elementor-column elementor-col-50 elementor-inner-column elementor-element elementor-element-7b765d6c\" data-id=\"7b765d6c\" data-element_type=\"column\" data-e-type=\"column\">\n\t\t\t<div class=\"elementor-widget-wrap elementor-element-populated\">\n\t\t\t\t\t\t<div class=\"elementor-element elementor-element-c32bf30 elementor-widget elementor-widget-text-editor\" data-id=\"c32bf30\" data-element_type=\"widget\" data-e-type=\"widget\" data-widget_type=\"text-editor.default\">\n\t\t\t\t<div class=\"elementor-widget-container\">\n\t\t\t\t\t\t\t\t\t<p>Les premi\u00e8res ann\u00e9es suivant leur lancement, les jeunes entreprises traversent une phase de d\u00e9veloppement particuli\u00e8rement difficile.<\/p><p>Elles doivent, notamment\u00a0:<\/p><ul><li>consolider et d\u00e9velopper leur position sur le march\u00e9<\/li><li>\u00e9tablir un management d\u2019entreprise performant<\/li><li>d\u00e9velopper des concepts de financement viables qui m\u00e8nent au succ\u00e8s \u00e9conomique le plus rapidement possible<\/li><\/ul><p>L\u2019aide que vous apportent les professionnels exp\u00e9riment\u00e9s permet souvent d\u2019\u00e9viter les probl\u00e8mes de lancement que les entreprises rencontrent g\u00e9n\u00e9ralement.<\/p>\t\t\t\t\t\t\t\t<\/div>\n\t\t\t\t<\/div>\n\t\t\t\t\t<\/div>\n\t\t<\/div>\n\t\t\t\t<div class=\"elementor-column elementor-col-50 elementor-inner-column elementor-element elementor-element-e179f2d\" data-id=\"e179f2d\" data-element_type=\"column\" data-e-type=\"column\">\n\t\t\t<div class=\"elementor-widget-wrap elementor-element-populated\">\n\t\t\t\t\t\t<div class=\"elementor-element elementor-element-7ff9893 elementor-widget elementor-widget-image\" data-id=\"7ff9893\" data-element_type=\"widget\" data-e-type=\"widget\" data-widget_type=\"image.default\">\n\t\t\t\t<div class=\"elementor-widget-container\">\n\t\t\t\t\t\t\t\t\t\t\t\t\t\t\t<img decoding=\"async\" src=\"https:\/\/saaris.de\/wp-content\/uploads\/elementor\/thumbs\/AdobeStock_202624790-pm6vqw08z8eotp81g1vtwu2kmza8iqxnzo0j76n01k.jpg\" title=\"AdobeStock_202624790\" alt=\"AdobeStock_202624790\" loading=\"lazy\" \/>\t\t\t\t\t\t\t\t\t\t\t\t\t\t\t<\/div>\n\t\t\t\t<\/div>\n\t\t\t\t\t<\/div>\n\t\t<\/div>\n\t\t\t\t\t<\/div>\n\t\t<\/section>\n\t\t\t\t\t<\/div>\n\t\t<\/div>\n\t\t\t\t\t<\/div>\n\t\t<\/section>\n\t\t\t\t<section class=\"elementor-section elementor-top-section elementor-element elementor-element-435bd63 elementor-section-boxed elementor-section-height-default elementor-section-height-default\" data-id=\"435bd63\" data-element_type=\"section\" data-e-type=\"section\">\n\t\t\t\t\t\t<div class=\"elementor-container elementor-column-gap-default\">\n\t\t\t\t\t<div class=\"elementor-column elementor-col-100 elementor-top-column elementor-element elementor-element-d5769f2\" data-id=\"d5769f2\" data-element_type=\"column\" data-e-type=\"column\">\n\t\t\t<div class=\"elementor-widget-wrap elementor-element-populated\">\n\t\t\t\t\t\t<div class=\"elementor-element elementor-element-576d677 elementor-widget elementor-widget-text-editor\" data-id=\"576d677\" data-element_type=\"widget\" data-e-type=\"widget\" data-widget_type=\"text-editor.default\">\n\t\t\t\t<div class=\"elementor-widget-container\">\n\t\t\t\t\t\t\t\t\t<p>Le programme de promotion du savoir-faire entrepreneurial des jeunes entreprises nouvellement cr\u00e9\u00e9es, financ\u00e9 par le Fonds social europ\u00e9en (FSE) et le minist\u00e8re f\u00e9d\u00e9ral de l\u2019\u00c9conomie et de la Protection du climat, intervient alors.<\/p><p>En Sarre, saaris agit en qualit\u00e9 l\u2019interlocuteur r\u00e9gional du centre de coordination de la DIHK Service GmbH, et fournit des informations sur les th\u00e8mes de conseil possibles, la pr\u00e9sentation des demandes et transmet d\u2019autres contacts utiles dans le cadre d\u2019un entretien personnel.<\/p>\t\t\t\t\t\t\t\t<\/div>\n\t\t\t\t<\/div>\n\t\t\t\t<div class=\"elementor-element elementor-element-fc29581 elementor-widget elementor-widget-heading\" data-id=\"fc29581\" data-element_type=\"widget\" data-e-type=\"widget\" data-widget_type=\"heading.default\">\n\t\t\t\t<div class=\"elementor-widget-container\">\n\t\t\t\t\t<h2 class=\"elementor-heading-title elementor-size-default\">Votre interlocutrice\n<\/h2>\t\t\t\t<\/div>\n\t\t\t\t<\/div>\n\t\t\t\t\t<\/div>\n\t\t<\/div>\n\t\t\t\t\t<\/div>\n\t\t<\/section>\n\t\t\t\t<section class=\"elementor-section elementor-top-section elementor-element elementor-element-3e138c8 elementor-section-boxed elementor-section-height-default elementor-section-height-default\" data-id=\"3e138c8\" data-element_type=\"section\" data-e-type=\"section\">\n\t\t\t\t\t\t<div class=\"elementor-container elementor-column-gap-default\">\n\t\t\t\t\t<div class=\"elementor-column elementor-col-100 elementor-top-column elementor-element elementor-element-50ddc36\" data-id=\"50ddc36\" data-element_type=\"column\" data-e-type=\"column\">\n\t\t\t<div class=\"elementor-widget-wrap elementor-element-populated\">\n\t\t\t\t\t\t<div class=\"elementor-element elementor-element-ba80247 elementor-widget elementor-widget-n49__contact_item\" data-id=\"ba80247\" data-element_type=\"widget\" data-e-type=\"widget\" data-widget_type=\"n49__contact_item.default\">\n\t\t\t\t<div class=\"elementor-widget-container\">\n\t\t\t\t\t\n                <div class=\"block--contact-item\">\n            <div class=\"contact-item\">\n                <img decoding=\"async\" src=\"https:\/\/saaris.de\/wp-content\/uploads\/2023\/03\/Angelina-Jochum.png\" alt=\"Max Mustermann\">                <div>\n                    <span class=\"t-title\">Angelina Jochem<\/span>\n                    <span class=\"t-position\">Programme de conseil Sarre<\/span>\n\n                    <span class=\"t-tel\">0681 210 66 402<\/span>\n                    <a class=\"t-email\"\n                       href=\"mailto:angelina.jochem@saaris.saarland\">angelina.jochem@saaris.saarland<\/a>\n                <\/div>\n\n            <\/div>\n        <\/div>\n    \n        \n\n        \t\t\t\t<\/div>\n\t\t\t\t<\/div>\n\t\t\t\t\t<\/div>\n\t\t<\/div>\n\t\t\t\t\t<\/div>\n\t\t<\/section>\n\t\t\t\t<section class=\"elementor-section elementor-top-section elementor-element elementor-element-5ba8e47 elementor-section-boxed elementor-section-height-default elementor-section-height-default\" data-id=\"5ba8e47\" data-element_type=\"section\" data-e-type=\"section\">\n\t\t\t\t\t\t<div class=\"elementor-container elementor-column-gap-default\">\n\t\t\t\t\t<div class=\"elementor-column elementor-col-100 elementor-top-column elementor-element elementor-element-2f2791d\" data-id=\"2f2791d\" data-element_type=\"column\" data-e-type=\"column\">\n\t\t\t<div class=\"elementor-widget-wrap elementor-element-populated\">\n\t\t\t\t\t\t<div class=\"elementor-element elementor-element-a04a53a elementor-widget elementor-widget-spacer\" data-id=\"a04a53a\" data-element_type=\"widget\" data-e-type=\"widget\" data-widget_type=\"spacer.default\">\n\t\t\t\t<div class=\"elementor-widget-container\">\n\t\t\t\t\t\t\t<div class=\"elementor-spacer\">\n\t\t\t<div class=\"elementor-spacer-inner\"><\/div>\n\t\t<\/div>\n\t\t\t\t\t\t<\/div>\n\t\t\t\t<\/div>\n\t\t\t\t\t<\/div>\n\t\t<\/div>\n\t\t\t\t\t<\/div>\n\t\t<\/section>\n\t\t\t\t<\/div>\n\t\t","protected":false},"excerpt":{"rendered":"<p>Promotion des jeunes entreprises en Sarre Les premi\u00e8res ann\u00e9es suivant leur lancement, les jeunes entreprises traversent une phase de d\u00e9veloppement [&hellip;]<\/p>\n","protected":false},"author":60,"featured_media":33730,"parent":44697,"menu_order":4,"comment_status":"closed","ping_status":"closed","template":"","meta":{"_acf_changed":false,"footnotes":""},"class_list":["post-44720","page","type-page","status-publish","has-post-thumbnail","hentry"],"acf":[],"yoast_head":"<!-- This site is optimized with the Yoast SEO plugin v27.3 - https:\/\/yoast.com\/product\/yoast-seo-wordpress\/ -->\n<title>Promotion des jeunes entreprises<\/title>\n<meta name=\"robots\" content=\"index, follow, max-snippet:-1, max-image-preview:large, max-video-preview:-1\" \/>\n<link rel=\"canonical\" href=\"https:\/\/saaris.de\/fr\/leistungen\/gruenden-und-kreatives\/foerderung-von-jungunternehmen\/\" \/>\n<meta property=\"og:locale\" content=\"fr_FR\" \/>\n<meta property=\"og:type\" content=\"article\" \/>\n<meta property=\"og:title\" content=\"Promotion des jeunes entreprises\" \/>\n<meta property=\"og:description\" content=\"Promotion des jeunes entreprises en Sarre Les premi\u00e8res ann\u00e9es suivant leur lancement, les jeunes entreprises traversent une phase de d\u00e9veloppement [&hellip;]\" \/>\n<meta property=\"og:url\" content=\"https:\/\/saaris.de\/fr\/leistungen\/gruenden-und-kreatives\/foerderung-von-jungunternehmen\/\" \/>\n<meta property=\"og:site_name\" content=\"saaris\" \/>\n<meta property=\"article:publisher\" content=\"https:\/\/www.facebook.com\/saaris\" \/>\n<meta property=\"article:modified_time\" content=\"2025-10-16T09:30:57+00:00\" \/>\n<meta property=\"og:image\" content=\"https:\/\/saaris.de\/wp-content\/uploads\/2022\/03\/AdobeStock_83238846_Forderung-Jungunternehmen_Kachel.jpeg\" \/>\n\t<meta property=\"og:image:width\" content=\"400\" \/>\n\t<meta property=\"og:image:height\" content=\"300\" \/>\n\t<meta property=\"og:image:type\" content=\"image\/jpeg\" \/>\n<meta name=\"twitter:card\" content=\"summary_large_image\" \/>\n<meta name=\"twitter:site\" content=\"@saaris_ikt\" \/>\n<meta name=\"twitter:label1\" content=\"Dur\u00e9e de lecture estim\u00e9e\" \/>\n\t<meta name=\"twitter:data1\" content=\"2 minutes\" \/>\n<script type=\"application\/ld+json\" class=\"yoast-schema-graph\">{\"@context\":\"https:\\\/\\\/schema.org\",\"@graph\":[{\"@type\":\"WebPage\",\"@id\":\"https:\\\/\\\/saaris.de\\\/fr\\\/leistungen\\\/gruenden-und-kreatives\\\/foerderung-von-jungunternehmen\\\/\",\"url\":\"https:\\\/\\\/saaris.de\\\/fr\\\/leistungen\\\/gruenden-und-kreatives\\\/foerderung-von-jungunternehmen\\\/\",\"name\":\"Promotion des jeunes entreprises\",\"isPartOf\":{\"@id\":\"https:\\\/\\\/saaris.de\\\/fr\\\/#website\"},\"primaryImageOfPage\":{\"@id\":\"https:\\\/\\\/saaris.de\\\/fr\\\/leistungen\\\/gruenden-und-kreatives\\\/foerderung-von-jungunternehmen\\\/#primaryimage\"},\"image\":{\"@id\":\"https:\\\/\\\/saaris.de\\\/fr\\\/leistungen\\\/gruenden-und-kreatives\\\/foerderung-von-jungunternehmen\\\/#primaryimage\"},\"thumbnailUrl\":\"https:\\\/\\\/saaris.de\\\/wp-content\\\/uploads\\\/2022\\\/03\\\/AdobeStock_83238846_Forderung-Jungunternehmen_Kachel.jpeg\",\"datePublished\":\"2021-05-11T09:28:50+00:00\",\"dateModified\":\"2025-10-16T09:30:57+00:00\",\"breadcrumb\":{\"@id\":\"https:\\\/\\\/saaris.de\\\/fr\\\/leistungen\\\/gruenden-und-kreatives\\\/foerderung-von-jungunternehmen\\\/#breadcrumb\"},\"inLanguage\":\"fr-FR\",\"potentialAction\":[{\"@type\":\"ReadAction\",\"target\":[\"https:\\\/\\\/saaris.de\\\/fr\\\/leistungen\\\/gruenden-und-kreatives\\\/foerderung-von-jungunternehmen\\\/\"]}]},{\"@type\":\"ImageObject\",\"inLanguage\":\"fr-FR\",\"@id\":\"https:\\\/\\\/saaris.de\\\/fr\\\/leistungen\\\/gruenden-und-kreatives\\\/foerderung-von-jungunternehmen\\\/#primaryimage\",\"url\":\"https:\\\/\\\/saaris.de\\\/wp-content\\\/uploads\\\/2022\\\/03\\\/AdobeStock_83238846_Forderung-Jungunternehmen_Kachel.jpeg\",\"contentUrl\":\"https:\\\/\\\/saaris.de\\\/wp-content\\\/uploads\\\/2022\\\/03\\\/AdobeStock_83238846_Forderung-Jungunternehmen_Kachel.jpeg\",\"width\":400,\"height\":300},{\"@type\":\"BreadcrumbList\",\"@id\":\"https:\\\/\\\/saaris.de\\\/fr\\\/leistungen\\\/gruenden-und-kreatives\\\/foerderung-von-jungunternehmen\\\/#breadcrumb\",\"itemListElement\":[{\"@type\":\"ListItem\",\"position\":1,\"name\":\"Home\",\"item\":\"https:\\\/\\\/saaris.de\\\/fr\\\/\"},{\"@type\":\"ListItem\",\"position\":2,\"name\":\"Services\",\"item\":\"https:\\\/\\\/saaris.de\\\/fr\\\/leistungen\\\/\"},{\"@type\":\"ListItem\",\"position\":3,\"name\":\"Entrepreneuriat et cr\u00e9ativit\u00e9\",\"item\":\"https:\\\/\\\/saaris.de\\\/fr\\\/leistungen\\\/gruenden-und-kreatives\\\/\"},{\"@type\":\"ListItem\",\"position\":4,\"name\":\"Promotion des jeunes entreprises\"}]},{\"@type\":\"WebSite\",\"@id\":\"https:\\\/\\\/saaris.de\\\/fr\\\/#website\",\"url\":\"https:\\\/\\\/saaris.de\\\/fr\\\/\",\"name\":\"saaris\",\"description\":\"saarland.innovation&amp;standort e. V.\",\"publisher\":{\"@id\":\"https:\\\/\\\/saaris.de\\\/fr\\\/#organization\"},\"potentialAction\":[{\"@type\":\"SearchAction\",\"target\":{\"@type\":\"EntryPoint\",\"urlTemplate\":\"https:\\\/\\\/saaris.de\\\/fr\\\/?s={search_term_string}\"},\"query-input\":{\"@type\":\"PropertyValueSpecification\",\"valueRequired\":true,\"valueName\":\"search_term_string\"}}],\"inLanguage\":\"fr-FR\"},{\"@type\":\"Organization\",\"@id\":\"https:\\\/\\\/saaris.de\\\/fr\\\/#organization\",\"name\":\"saaris\",\"url\":\"https:\\\/\\\/saaris.de\\\/fr\\\/\",\"logo\":{\"@type\":\"ImageObject\",\"inLanguage\":\"fr-FR\",\"@id\":\"https:\\\/\\\/saaris.de\\\/fr\\\/#\\\/schema\\\/logo\\\/image\\\/\",\"url\":\"https:\\\/\\\/saaris.de\\\/wp-content\\\/uploads\\\/2022\\\/03\\\/saaris-logo-footer.jpg\",\"contentUrl\":\"https:\\\/\\\/saaris.de\\\/wp-content\\\/uploads\\\/2022\\\/03\\\/saaris-logo-footer.jpg\",\"width\":175,\"height\":80,\"caption\":\"saaris\"},\"image\":{\"@id\":\"https:\\\/\\\/saaris.de\\\/fr\\\/#\\\/schema\\\/logo\\\/image\\\/\"},\"sameAs\":[\"https:\\\/\\\/www.facebook.com\\\/saaris\",\"https:\\\/\\\/x.com\\\/saaris_ikt\"]}]}<\/script>\n<!-- \/ Yoast SEO plugin. -->","yoast_head_json":{"title":"Promotion des jeunes entreprises","robots":{"index":"index","follow":"follow","max-snippet":"max-snippet:-1","max-image-preview":"max-image-preview:large","max-video-preview":"max-video-preview:-1"},"canonical":"https:\/\/saaris.de\/fr\/leistungen\/gruenden-und-kreatives\/foerderung-von-jungunternehmen\/","og_locale":"fr_FR","og_type":"article","og_title":"Promotion des jeunes entreprises","og_description":"Promotion des jeunes entreprises en Sarre Les premi\u00e8res ann\u00e9es suivant leur lancement, les jeunes entreprises traversent une phase de d\u00e9veloppement [&hellip;]","og_url":"https:\/\/saaris.de\/fr\/leistungen\/gruenden-und-kreatives\/foerderung-von-jungunternehmen\/","og_site_name":"saaris","article_publisher":"https:\/\/www.facebook.com\/saaris","article_modified_time":"2025-10-16T09:30:57+00:00","og_image":[{"width":400,"height":300,"url":"https:\/\/saaris.de\/wp-content\/uploads\/2022\/03\/AdobeStock_83238846_Forderung-Jungunternehmen_Kachel.jpeg","type":"image\/jpeg"}],"twitter_card":"summary_large_image","twitter_site":"@saaris_ikt","twitter_misc":{"Dur\u00e9e de lecture estim\u00e9e":"2 minutes"},"schema":{"@context":"https:\/\/schema.org","@graph":[{"@type":"WebPage","@id":"https:\/\/saaris.de\/fr\/leistungen\/gruenden-und-kreatives\/foerderung-von-jungunternehmen\/","url":"https:\/\/saaris.de\/fr\/leistungen\/gruenden-und-kreatives\/foerderung-von-jungunternehmen\/","name":"Promotion des jeunes entreprises","isPartOf":{"@id":"https:\/\/saaris.de\/fr\/#website"},"primaryImageOfPage":{"@id":"https:\/\/saaris.de\/fr\/leistungen\/gruenden-und-kreatives\/foerderung-von-jungunternehmen\/#primaryimage"},"image":{"@id":"https:\/\/saaris.de\/fr\/leistungen\/gruenden-und-kreatives\/foerderung-von-jungunternehmen\/#primaryimage"},"thumbnailUrl":"https:\/\/saaris.de\/wp-content\/uploads\/2022\/03\/AdobeStock_83238846_Forderung-Jungunternehmen_Kachel.jpeg","datePublished":"2021-05-11T09:28:50+00:00","dateModified":"2025-10-16T09:30:57+00:00","breadcrumb":{"@id":"https:\/\/saaris.de\/fr\/leistungen\/gruenden-und-kreatives\/foerderung-von-jungunternehmen\/#breadcrumb"},"inLanguage":"fr-FR","potentialAction":[{"@type":"ReadAction","target":["https:\/\/saaris.de\/fr\/leistungen\/gruenden-und-kreatives\/foerderung-von-jungunternehmen\/"]}]},{"@type":"ImageObject","inLanguage":"fr-FR","@id":"https:\/\/saaris.de\/fr\/leistungen\/gruenden-und-kreatives\/foerderung-von-jungunternehmen\/#primaryimage","url":"https:\/\/saaris.de\/wp-content\/uploads\/2022\/03\/AdobeStock_83238846_Forderung-Jungunternehmen_Kachel.jpeg","contentUrl":"https:\/\/saaris.de\/wp-content\/uploads\/2022\/03\/AdobeStock_83238846_Forderung-Jungunternehmen_Kachel.jpeg","width":400,"height":300},{"@type":"BreadcrumbList","@id":"https:\/\/saaris.de\/fr\/leistungen\/gruenden-und-kreatives\/foerderung-von-jungunternehmen\/#breadcrumb","itemListElement":[{"@type":"ListItem","position":1,"name":"Home","item":"https:\/\/saaris.de\/fr\/"},{"@type":"ListItem","position":2,"name":"Services","item":"https:\/\/saaris.de\/fr\/leistungen\/"},{"@type":"ListItem","position":3,"name":"Entrepreneuriat et cr\u00e9ativit\u00e9","item":"https:\/\/saaris.de\/fr\/leistungen\/gruenden-und-kreatives\/"},{"@type":"ListItem","position":4,"name":"Promotion des jeunes entreprises"}]},{"@type":"WebSite","@id":"https:\/\/saaris.de\/fr\/#website","url":"https:\/\/saaris.de\/fr\/","name":"saaris","description":"saarland.innovation&amp;standort e. V.","publisher":{"@id":"https:\/\/saaris.de\/fr\/#organization"},"potentialAction":[{"@type":"SearchAction","target":{"@type":"EntryPoint","urlTemplate":"https:\/\/saaris.de\/fr\/?s={search_term_string}"},"query-input":{"@type":"PropertyValueSpecification","valueRequired":true,"valueName":"search_term_string"}}],"inLanguage":"fr-FR"},{"@type":"Organization","@id":"https:\/\/saaris.de\/fr\/#organization","name":"saaris","url":"https:\/\/saaris.de\/fr\/","logo":{"@type":"ImageObject","inLanguage":"fr-FR","@id":"https:\/\/saaris.de\/fr\/#\/schema\/logo\/image\/","url":"https:\/\/saaris.de\/wp-content\/uploads\/2022\/03\/saaris-logo-footer.jpg","contentUrl":"https:\/\/saaris.de\/wp-content\/uploads\/2022\/03\/saaris-logo-footer.jpg","width":175,"height":80,"caption":"saaris"},"image":{"@id":"https:\/\/saaris.de\/fr\/#\/schema\/logo\/image\/"},"sameAs":["https:\/\/www.facebook.com\/saaris","https:\/\/x.com\/saaris_ikt"]}]}},"publishpress_future_workflow_manual_trigger":{"enabledWorkflows":[]},"_links":{"self":[{"href":"https:\/\/saaris.de\/fr\/wp-json\/wp\/v2\/pages\/44720","targetHints":{"allow":["GET"]}}],"collection":[{"href":"https:\/\/saaris.de\/fr\/wp-json\/wp\/v2\/pages"}],"about":[{"href":"https:\/\/saaris.de\/fr\/wp-json\/wp\/v2\/types\/page"}],"author":[{"embeddable":true,"href":"https:\/\/saaris.de\/fr\/wp-json\/wp\/v2\/users\/60"}],"replies":[{"embeddable":true,"href":"https:\/\/saaris.de\/fr\/wp-json\/wp\/v2\/comments?post=44720"}],"version-history":[{"count":25,"href":"https:\/\/saaris.de\/fr\/wp-json\/wp\/v2\/pages\/44720\/revisions"}],"predecessor-version":[{"id":67866,"href":"https:\/\/saaris.de\/fr\/wp-json\/wp\/v2\/pages\/44720\/revisions\/67866"}],"up":[{"embeddable":true,"href":"https:\/\/saaris.de\/fr\/wp-json\/wp\/v2\/pages\/44697"}],"wp:featuredmedia":[{"embeddable":true,"href":"https:\/\/saaris.de\/fr\/wp-json\/wp\/v2\/media\/33730"}],"wp:attachment":[{"href":"https:\/\/saaris.de\/fr\/wp-json\/wp\/v2\/media?parent=44720"}],"curies":[{"name":"wp","href":"https:\/\/api.w.org\/{rel}","templated":true}]}}