{"id":44706,"date":"2021-05-11T11:29:08","date_gmt":"2021-05-11T09:29:08","guid":{"rendered":"https:\/\/saaris.de\/?page_id=44706"},"modified":"2025-10-16T11:26:41","modified_gmt":"2025-10-16T09:26:41","slug":"betriebsberatung","status":"publish","type":"page","link":"https:\/\/saaris.de\/fr\/leistungen\/gruenden-und-kreatives\/betriebsberatung\/","title":{"rendered":"Conseil aux entreprises"},"content":{"rendered":"\t\t<div data-elementor-type=\"wp-page\" data-elementor-id=\"44706\" class=\"elementor elementor-44706 elementor-1314\" data-elementor-post-type=\"page\">\n\t\t\t\t\t\t<section class=\"elementor-section elementor-top-section elementor-element elementor-element-012a4d4 elementor-section-boxed elementor-section-height-default elementor-section-height-default\" data-id=\"012a4d4\" data-element_type=\"section\" data-e-type=\"section\">\n\t\t\t\t\t\t<div class=\"elementor-container elementor-column-gap-default\">\n\t\t\t\t\t<div class=\"elementor-column elementor-col-100 elementor-top-column elementor-element elementor-element-baa66df\" data-id=\"baa66df\" data-element_type=\"column\" data-e-type=\"column\">\n\t\t\t<div class=\"elementor-widget-wrap elementor-element-populated\">\n\t\t\t\t\t\t<div class=\"elementor-element elementor-element-bf8fd3c elementor-widget elementor-widget-spacer\" data-id=\"bf8fd3c\" data-element_type=\"widget\" data-e-type=\"widget\" data-widget_type=\"spacer.default\">\n\t\t\t\t<div class=\"elementor-widget-container\">\n\t\t\t\t\t\t\t<div class=\"elementor-spacer\">\n\t\t\t<div class=\"elementor-spacer-inner\"><\/div>\n\t\t<\/div>\n\t\t\t\t\t\t<\/div>\n\t\t\t\t<\/div>\n\t\t\t\t<div class=\"elementor-element elementor-element-f42e703 elementor-widget elementor-widget-heading\" data-id=\"f42e703\" data-element_type=\"widget\" data-e-type=\"widget\" data-widget_type=\"heading.default\">\n\t\t\t\t<div class=\"elementor-widget-container\">\n\t\t\t\t\t<h2 class=\"elementor-heading-title elementor-size-default\">Conseil aux entreprises pour les PME sarroises<\/h2>\t\t\t\t<\/div>\n\t\t\t\t<\/div>\n\t\t\t\t\t<\/div>\n\t\t<\/div>\n\t\t\t\t\t<\/div>\n\t\t<\/section>\n\t\t\t\t<section class=\"elementor-section elementor-top-section elementor-element elementor-element-adbc9eb elementor-section-boxed elementor-section-height-default elementor-section-height-default\" data-id=\"adbc9eb\" data-element_type=\"section\" data-e-type=\"section\">\n\t\t\t\t\t\t<div class=\"elementor-container elementor-column-gap-default\">\n\t\t\t\t\t<div class=\"elementor-column elementor-col-50 elementor-top-column elementor-element elementor-element-c36620f\" data-id=\"c36620f\" data-element_type=\"column\" data-e-type=\"column\">\n\t\t\t<div class=\"elementor-widget-wrap elementor-element-populated\">\n\t\t\t\t\t\t<div class=\"elementor-element elementor-element-45930ad elementor-widget elementor-widget-spacer\" data-id=\"45930ad\" data-element_type=\"widget\" data-e-type=\"widget\" data-widget_type=\"spacer.default\">\n\t\t\t\t<div class=\"elementor-widget-container\">\n\t\t\t\t\t\t\t<div class=\"elementor-spacer\">\n\t\t\t<div class=\"elementor-spacer-inner\"><\/div>\n\t\t<\/div>\n\t\t\t\t\t\t<\/div>\n\t\t\t\t<\/div>\n\t\t\t\t<div class=\"elementor-element elementor-element-4e47904 elementor-widget elementor-widget-text-editor\" data-id=\"4e47904\" data-element_type=\"widget\" data-e-type=\"widget\" data-widget_type=\"text-editor.default\">\n\t\t\t\t<div class=\"elementor-widget-container\">\n\t\t\t\t\t\t\t\t\t<p><span style=\"font-weight: 400\">Les petites et moyennes entreprises en particulier doivent faire face \u00e0 de multiples exigences pour rester comp\u00e9titives et renforcer leur pr\u00e9sence sur le march\u00e9. Les conseils d\u2019experts externes permettent d\u2019identifier les points faibles des entreprises ainsi que les nouvelles opportunit\u00e9s, et de d\u00e9velopper des strat\u00e9gies \u00e0 appliquer.<br \/><\/span><\/p><p>Les petites et moyennes entreprises existant depuis au moins deux ans sur le march\u00e9 peuvent b\u00e9n\u00e9ficier d\u2019un soutien du programme f\u00e9d\u00e9ral, intitul\u00e9 \u00ab\u00a0F\u00f6rderung unternehmerischen Know-Hows\u00a0\u00bb (\u00ab\u00a0Promotion du savoir-faire entrepreneurial\u00a0\u00bb) pour des conseils g\u00e9n\u00e9raux sur toutes les questions \u00e9conomiques, financi\u00e8res, personnelles et organisationnelles li\u00e9es \u00e0 la gestion d\u2019entreprise.<\/p>\t\t\t\t\t\t\t\t<\/div>\n\t\t\t\t<\/div>\n\t\t\t\t\t<\/div>\n\t\t<\/div>\n\t\t\t\t<div class=\"elementor-column elementor-col-50 elementor-top-column elementor-element elementor-element-e4931f2\" data-id=\"e4931f2\" data-element_type=\"column\" data-e-type=\"column\">\n\t\t\t<div class=\"elementor-widget-wrap elementor-element-populated\">\n\t\t\t\t\t\t<div class=\"elementor-element elementor-element-797dda6 elementor-widget elementor-widget-image\" data-id=\"797dda6\" data-element_type=\"widget\" data-e-type=\"widget\" data-widget_type=\"image.default\">\n\t\t\t\t<div class=\"elementor-widget-container\">\n\t\t\t\t\t\t\t\t\t\t\t\t\t\t\t<img decoding=\"async\" src=\"https:\/\/saaris.de\/wp-content\/uploads\/elementor\/thumbs\/AdobeStock_488529472-2-pm6vf3554fwdjwpvk4f25urdxh0hne0tpb2gxk9zo8.jpeg\" title=\"Business people are meeting for analysis data figures to plan business strategies. Business discussing concept\" alt=\"Natee Meepian \/ Adobe Stock\" loading=\"lazy\" \/>\t\t\t\t\t\t\t\t\t\t\t\t\t\t\t<\/div>\n\t\t\t\t<\/div>\n\t\t\t\t\t<\/div>\n\t\t<\/div>\n\t\t\t\t\t<\/div>\n\t\t<\/section>\n\t\t\t\t<section class=\"elementor-section elementor-top-section elementor-element elementor-element-fc35411 elementor-section-boxed elementor-section-height-default elementor-section-height-default\" data-id=\"fc35411\" data-element_type=\"section\" data-e-type=\"section\">\n\t\t\t\t\t\t<div class=\"elementor-container elementor-column-gap-default\">\n\t\t\t\t\t<div class=\"elementor-column elementor-col-100 elementor-top-column elementor-element elementor-element-8842366\" data-id=\"8842366\" data-element_type=\"column\" data-e-type=\"column\">\n\t\t\t<div class=\"elementor-widget-wrap elementor-element-populated\">\n\t\t\t\t\t\t<div class=\"elementor-element elementor-element-4105fcf elementor-widget elementor-widget-text-editor\" data-id=\"4105fcf\" data-element_type=\"widget\" data-e-type=\"widget\" data-widget_type=\"text-editor.default\">\n\t\t\t\t<div class=\"elementor-widget-container\">\n\t\t\t\t\t\t\t\t\t<p>Ce programme est soutenu par le Fonds social europ\u00e9en (FSE) et par des fonds du minist\u00e8re f\u00e9d\u00e9ral de l\u2019\u00c9conomie et de la Protection du climat (BMWK).\u00a0<\/p><p>Nous nous rendrons avec plaisir dans votre entreprise pour un entretien pr\u00e9liminaire gratuit et ensuite analyser vos besoins individuels. N\u2019h\u00e9sitez pas \u00e0 nous contacter\u00a0!<\/p>\t\t\t\t\t\t\t\t<\/div>\n\t\t\t\t<\/div>\n\t\t\t\t\t<\/div>\n\t\t<\/div>\n\t\t\t\t\t<\/div>\n\t\t<\/section>\n\t\t\t\t<section class=\"elementor-section elementor-top-section elementor-element elementor-element-7e2e386 elementor-section-boxed elementor-section-height-default elementor-section-height-default\" data-id=\"7e2e386\" data-element_type=\"section\" data-e-type=\"section\">\n\t\t\t\t\t\t<div class=\"elementor-container elementor-column-gap-default\">\n\t\t\t\t\t<div class=\"elementor-column elementor-col-100 elementor-top-column elementor-element elementor-element-5c149ae\" data-id=\"5c149ae\" data-element_type=\"column\" data-e-type=\"column\">\n\t\t\t<div class=\"elementor-widget-wrap elementor-element-populated\">\n\t\t\t\t\t\t<div class=\"elementor-element elementor-element-a619241 elementor-widget elementor-widget-heading\" data-id=\"a619241\" data-element_type=\"widget\" data-e-type=\"widget\" data-widget_type=\"heading.default\">\n\t\t\t\t<div class=\"elementor-widget-container\">\n\t\t\t\t\t<h2 class=\"elementor-heading-title elementor-size-default\">Votre interlocutrice<\/h2>\t\t\t\t<\/div>\n\t\t\t\t<\/div>\n\t\t\t\t\t<\/div>\n\t\t<\/div>\n\t\t\t\t\t<\/div>\n\t\t<\/section>\n\t\t\t\t<section class=\"elementor-section elementor-top-section elementor-element elementor-element-58e364b elementor-section-boxed elementor-section-height-default elementor-section-height-default\" data-id=\"58e364b\" data-element_type=\"section\" data-e-type=\"section\">\n\t\t\t\t\t\t<div class=\"elementor-container elementor-column-gap-default\">\n\t\t\t\t\t<div class=\"elementor-column elementor-col-100 elementor-top-column elementor-element elementor-element-9e22a37\" data-id=\"9e22a37\" data-element_type=\"column\" data-e-type=\"column\">\n\t\t\t<div class=\"elementor-widget-wrap elementor-element-populated\">\n\t\t\t\t\t\t<div class=\"elementor-element elementor-element-548a12f elementor-widget elementor-widget-n49__contact_item\" data-id=\"548a12f\" data-element_type=\"widget\" data-e-type=\"widget\" data-widget_type=\"n49__contact_item.default\">\n\t\t\t\t<div class=\"elementor-widget-container\">\n\t\t\t\t\t\n                <div class=\"block--contact-item\">\n            <div class=\"contact-item\">\n                <img decoding=\"async\" src=\"https:\/\/saaris.de\/wp-content\/uploads\/2023\/03\/Angelina-Jochum.png\" alt=\"Max Mustermann\">                <div>\n                    <span class=\"t-title\">Angelina Jochem<\/span>\n                    <span class=\"t-position\">Programme de conseil Sarre<\/span>\n\n                    <span class=\"t-tel\">0681 210 66 402<\/span>\n                    <a class=\"t-email\"\n                       href=\"mailto:angelina.jochem@saaris.saarland\">angelina.jochem@saaris.saarland<\/a>\n                <\/div>\n\n            <\/div>\n        <\/div>\n    \n        \n\n        \t\t\t\t<\/div>\n\t\t\t\t<\/div>\n\t\t\t\t\t<\/div>\n\t\t<\/div>\n\t\t\t\t\t<\/div>\n\t\t<\/section>\n\t\t\t\t<section class=\"elementor-section elementor-top-section elementor-element elementor-element-bd7278f elementor-section-boxed elementor-section-height-default elementor-section-height-default\" data-id=\"bd7278f\" data-element_type=\"section\" data-e-type=\"section\">\n\t\t\t\t\t\t<div class=\"elementor-container elementor-column-gap-default\">\n\t\t\t\t\t<div class=\"elementor-column elementor-col-100 elementor-top-column elementor-element elementor-element-0ba09e2\" data-id=\"0ba09e2\" data-element_type=\"column\" data-e-type=\"column\">\n\t\t\t<div class=\"elementor-widget-wrap elementor-element-populated\">\n\t\t\t\t\t\t<div class=\"elementor-element elementor-element-c54171b elementor-widget elementor-widget-spacer\" data-id=\"c54171b\" data-element_type=\"widget\" data-e-type=\"widget\" data-widget_type=\"spacer.default\">\n\t\t\t\t<div class=\"elementor-widget-container\">\n\t\t\t\t\t\t\t<div class=\"elementor-spacer\">\n\t\t\t<div class=\"elementor-spacer-inner\"><\/div>\n\t\t<\/div>\n\t\t\t\t\t\t<\/div>\n\t\t\t\t<\/div>\n\t\t\t\t\t<\/div>\n\t\t<\/div>\n\t\t\t\t\t<\/div>\n\t\t<\/section>\n\t\t\t\t<\/div>\n\t\t","protected":false},"excerpt":{"rendered":"<p>Conseil aux entreprises pour les PME sarroises Les petites et moyennes entreprises en particulier doivent faire face \u00e0 de multiples [&hellip;]<\/p>\n","protected":false},"author":60,"featured_media":34072,"parent":44697,"menu_order":0,"comment_status":"closed","ping_status":"closed","template":"","meta":{"_acf_changed":false,"footnotes":""},"class_list":["post-44706","page","type-page","status-publish","has-post-thumbnail","hentry"],"acf":[],"yoast_head":"<!-- This site is optimized with the Yoast SEO plugin v27.3 - https:\/\/yoast.com\/product\/yoast-seo-wordpress\/ -->\n<title>Conseil aux entreprises<\/title>\n<meta name=\"robots\" content=\"index, follow, max-snippet:-1, max-image-preview:large, max-video-preview:-1\" \/>\n<link rel=\"canonical\" href=\"https:\/\/saaris.de\/fr\/leistungen\/gruenden-und-kreatives\/betriebsberatung\/\" \/>\n<meta property=\"og:locale\" content=\"fr_FR\" \/>\n<meta property=\"og:type\" content=\"article\" \/>\n<meta property=\"og:title\" content=\"Conseil aux entreprises\" \/>\n<meta property=\"og:description\" content=\"Conseil aux entreprises pour les PME sarroises Les petites et moyennes entreprises en particulier doivent faire face \u00e0 de multiples [&hellip;]\" \/>\n<meta property=\"og:url\" content=\"https:\/\/saaris.de\/fr\/leistungen\/gruenden-und-kreatives\/betriebsberatung\/\" \/>\n<meta property=\"og:site_name\" content=\"saaris\" \/>\n<meta property=\"article:publisher\" content=\"https:\/\/www.facebook.com\/saaris\" \/>\n<meta property=\"article:modified_time\" content=\"2025-10-16T09:26:41+00:00\" \/>\n<meta property=\"og:image\" content=\"https:\/\/saaris.de\/wp-content\/uploads\/2022\/03\/AdobeStock_71183939_Betriebsberatung2_Kachel.jpeg\" \/>\n\t<meta property=\"og:image:width\" content=\"400\" \/>\n\t<meta property=\"og:image:height\" content=\"300\" \/>\n\t<meta property=\"og:image:type\" content=\"image\/jpeg\" \/>\n<meta name=\"twitter:card\" content=\"summary_large_image\" \/>\n<meta name=\"twitter:site\" content=\"@saaris_ikt\" \/>\n<meta name=\"twitter:label1\" content=\"Dur\u00e9e de lecture estim\u00e9e\" \/>\n\t<meta name=\"twitter:data1\" content=\"2 minutes\" \/>\n<script type=\"application\/ld+json\" class=\"yoast-schema-graph\">{\"@context\":\"https:\\\/\\\/schema.org\",\"@graph\":[{\"@type\":\"WebPage\",\"@id\":\"https:\\\/\\\/saaris.de\\\/fr\\\/leistungen\\\/gruenden-und-kreatives\\\/betriebsberatung\\\/\",\"url\":\"https:\\\/\\\/saaris.de\\\/fr\\\/leistungen\\\/gruenden-und-kreatives\\\/betriebsberatung\\\/\",\"name\":\"Conseil aux entreprises\",\"isPartOf\":{\"@id\":\"https:\\\/\\\/saaris.de\\\/fr\\\/#website\"},\"primaryImageOfPage\":{\"@id\":\"https:\\\/\\\/saaris.de\\\/fr\\\/leistungen\\\/gruenden-und-kreatives\\\/betriebsberatung\\\/#primaryimage\"},\"image\":{\"@id\":\"https:\\\/\\\/saaris.de\\\/fr\\\/leistungen\\\/gruenden-und-kreatives\\\/betriebsberatung\\\/#primaryimage\"},\"thumbnailUrl\":\"https:\\\/\\\/saaris.de\\\/wp-content\\\/uploads\\\/2022\\\/03\\\/AdobeStock_71183939_Betriebsberatung2_Kachel.jpeg\",\"datePublished\":\"2021-05-11T09:29:08+00:00\",\"dateModified\":\"2025-10-16T09:26:41+00:00\",\"breadcrumb\":{\"@id\":\"https:\\\/\\\/saaris.de\\\/fr\\\/leistungen\\\/gruenden-und-kreatives\\\/betriebsberatung\\\/#breadcrumb\"},\"inLanguage\":\"fr-FR\",\"potentialAction\":[{\"@type\":\"ReadAction\",\"target\":[\"https:\\\/\\\/saaris.de\\\/fr\\\/leistungen\\\/gruenden-und-kreatives\\\/betriebsberatung\\\/\"]}]},{\"@type\":\"ImageObject\",\"inLanguage\":\"fr-FR\",\"@id\":\"https:\\\/\\\/saaris.de\\\/fr\\\/leistungen\\\/gruenden-und-kreatives\\\/betriebsberatung\\\/#primaryimage\",\"url\":\"https:\\\/\\\/saaris.de\\\/wp-content\\\/uploads\\\/2022\\\/03\\\/AdobeStock_71183939_Betriebsberatung2_Kachel.jpeg\",\"contentUrl\":\"https:\\\/\\\/saaris.de\\\/wp-content\\\/uploads\\\/2022\\\/03\\\/AdobeStock_71183939_Betriebsberatung2_Kachel.jpeg\",\"width\":400,\"height\":300},{\"@type\":\"BreadcrumbList\",\"@id\":\"https:\\\/\\\/saaris.de\\\/fr\\\/leistungen\\\/gruenden-und-kreatives\\\/betriebsberatung\\\/#breadcrumb\",\"itemListElement\":[{\"@type\":\"ListItem\",\"position\":1,\"name\":\"Home\",\"item\":\"https:\\\/\\\/saaris.de\\\/fr\\\/\"},{\"@type\":\"ListItem\",\"position\":2,\"name\":\"Services\",\"item\":\"https:\\\/\\\/saaris.de\\\/fr\\\/leistungen\\\/\"},{\"@type\":\"ListItem\",\"position\":3,\"name\":\"Entrepreneuriat et cr\u00e9ativit\u00e9\",\"item\":\"https:\\\/\\\/saaris.de\\\/fr\\\/leistungen\\\/gruenden-und-kreatives\\\/\"},{\"@type\":\"ListItem\",\"position\":4,\"name\":\"Conseil aux entreprises\"}]},{\"@type\":\"WebSite\",\"@id\":\"https:\\\/\\\/saaris.de\\\/fr\\\/#website\",\"url\":\"https:\\\/\\\/saaris.de\\\/fr\\\/\",\"name\":\"saaris\",\"description\":\"saarland.innovation&amp;standort e. V.\",\"publisher\":{\"@id\":\"https:\\\/\\\/saaris.de\\\/fr\\\/#organization\"},\"potentialAction\":[{\"@type\":\"SearchAction\",\"target\":{\"@type\":\"EntryPoint\",\"urlTemplate\":\"https:\\\/\\\/saaris.de\\\/fr\\\/?s={search_term_string}\"},\"query-input\":{\"@type\":\"PropertyValueSpecification\",\"valueRequired\":true,\"valueName\":\"search_term_string\"}}],\"inLanguage\":\"fr-FR\"},{\"@type\":\"Organization\",\"@id\":\"https:\\\/\\\/saaris.de\\\/fr\\\/#organization\",\"name\":\"saaris\",\"url\":\"https:\\\/\\\/saaris.de\\\/fr\\\/\",\"logo\":{\"@type\":\"ImageObject\",\"inLanguage\":\"fr-FR\",\"@id\":\"https:\\\/\\\/saaris.de\\\/fr\\\/#\\\/schema\\\/logo\\\/image\\\/\",\"url\":\"https:\\\/\\\/saaris.de\\\/wp-content\\\/uploads\\\/2022\\\/03\\\/saaris-logo-footer.jpg\",\"contentUrl\":\"https:\\\/\\\/saaris.de\\\/wp-content\\\/uploads\\\/2022\\\/03\\\/saaris-logo-footer.jpg\",\"width\":175,\"height\":80,\"caption\":\"saaris\"},\"image\":{\"@id\":\"https:\\\/\\\/saaris.de\\\/fr\\\/#\\\/schema\\\/logo\\\/image\\\/\"},\"sameAs\":[\"https:\\\/\\\/www.facebook.com\\\/saaris\",\"https:\\\/\\\/x.com\\\/saaris_ikt\"]}]}<\/script>\n<!-- \/ Yoast SEO plugin. -->","yoast_head_json":{"title":"Conseil aux entreprises","robots":{"index":"index","follow":"follow","max-snippet":"max-snippet:-1","max-image-preview":"max-image-preview:large","max-video-preview":"max-video-preview:-1"},"canonical":"https:\/\/saaris.de\/fr\/leistungen\/gruenden-und-kreatives\/betriebsberatung\/","og_locale":"fr_FR","og_type":"article","og_title":"Conseil aux entreprises","og_description":"Conseil aux entreprises pour les PME sarroises Les petites et moyennes entreprises en particulier doivent faire face \u00e0 de multiples [&hellip;]","og_url":"https:\/\/saaris.de\/fr\/leistungen\/gruenden-und-kreatives\/betriebsberatung\/","og_site_name":"saaris","article_publisher":"https:\/\/www.facebook.com\/saaris","article_modified_time":"2025-10-16T09:26:41+00:00","og_image":[{"width":400,"height":300,"url":"https:\/\/saaris.de\/wp-content\/uploads\/2022\/03\/AdobeStock_71183939_Betriebsberatung2_Kachel.jpeg","type":"image\/jpeg"}],"twitter_card":"summary_large_image","twitter_site":"@saaris_ikt","twitter_misc":{"Dur\u00e9e de lecture estim\u00e9e":"2 minutes"},"schema":{"@context":"https:\/\/schema.org","@graph":[{"@type":"WebPage","@id":"https:\/\/saaris.de\/fr\/leistungen\/gruenden-und-kreatives\/betriebsberatung\/","url":"https:\/\/saaris.de\/fr\/leistungen\/gruenden-und-kreatives\/betriebsberatung\/","name":"Conseil aux entreprises","isPartOf":{"@id":"https:\/\/saaris.de\/fr\/#website"},"primaryImageOfPage":{"@id":"https:\/\/saaris.de\/fr\/leistungen\/gruenden-und-kreatives\/betriebsberatung\/#primaryimage"},"image":{"@id":"https:\/\/saaris.de\/fr\/leistungen\/gruenden-und-kreatives\/betriebsberatung\/#primaryimage"},"thumbnailUrl":"https:\/\/saaris.de\/wp-content\/uploads\/2022\/03\/AdobeStock_71183939_Betriebsberatung2_Kachel.jpeg","datePublished":"2021-05-11T09:29:08+00:00","dateModified":"2025-10-16T09:26:41+00:00","breadcrumb":{"@id":"https:\/\/saaris.de\/fr\/leistungen\/gruenden-und-kreatives\/betriebsberatung\/#breadcrumb"},"inLanguage":"fr-FR","potentialAction":[{"@type":"ReadAction","target":["https:\/\/saaris.de\/fr\/leistungen\/gruenden-und-kreatives\/betriebsberatung\/"]}]},{"@type":"ImageObject","inLanguage":"fr-FR","@id":"https:\/\/saaris.de\/fr\/leistungen\/gruenden-und-kreatives\/betriebsberatung\/#primaryimage","url":"https:\/\/saaris.de\/wp-content\/uploads\/2022\/03\/AdobeStock_71183939_Betriebsberatung2_Kachel.jpeg","contentUrl":"https:\/\/saaris.de\/wp-content\/uploads\/2022\/03\/AdobeStock_71183939_Betriebsberatung2_Kachel.jpeg","width":400,"height":300},{"@type":"BreadcrumbList","@id":"https:\/\/saaris.de\/fr\/leistungen\/gruenden-und-kreatives\/betriebsberatung\/#breadcrumb","itemListElement":[{"@type":"ListItem","position":1,"name":"Home","item":"https:\/\/saaris.de\/fr\/"},{"@type":"ListItem","position":2,"name":"Services","item":"https:\/\/saaris.de\/fr\/leistungen\/"},{"@type":"ListItem","position":3,"name":"Entrepreneuriat et cr\u00e9ativit\u00e9","item":"https:\/\/saaris.de\/fr\/leistungen\/gruenden-und-kreatives\/"},{"@type":"ListItem","position":4,"name":"Conseil aux entreprises"}]},{"@type":"WebSite","@id":"https:\/\/saaris.de\/fr\/#website","url":"https:\/\/saaris.de\/fr\/","name":"saaris","description":"saarland.innovation&amp;standort e. V.","publisher":{"@id":"https:\/\/saaris.de\/fr\/#organization"},"potentialAction":[{"@type":"SearchAction","target":{"@type":"EntryPoint","urlTemplate":"https:\/\/saaris.de\/fr\/?s={search_term_string}"},"query-input":{"@type":"PropertyValueSpecification","valueRequired":true,"valueName":"search_term_string"}}],"inLanguage":"fr-FR"},{"@type":"Organization","@id":"https:\/\/saaris.de\/fr\/#organization","name":"saaris","url":"https:\/\/saaris.de\/fr\/","logo":{"@type":"ImageObject","inLanguage":"fr-FR","@id":"https:\/\/saaris.de\/fr\/#\/schema\/logo\/image\/","url":"https:\/\/saaris.de\/wp-content\/uploads\/2022\/03\/saaris-logo-footer.jpg","contentUrl":"https:\/\/saaris.de\/wp-content\/uploads\/2022\/03\/saaris-logo-footer.jpg","width":175,"height":80,"caption":"saaris"},"image":{"@id":"https:\/\/saaris.de\/fr\/#\/schema\/logo\/image\/"},"sameAs":["https:\/\/www.facebook.com\/saaris","https:\/\/x.com\/saaris_ikt"]}]}},"publishpress_future_workflow_manual_trigger":{"enabledWorkflows":[]},"_links":{"self":[{"href":"https:\/\/saaris.de\/fr\/wp-json\/wp\/v2\/pages\/44706","targetHints":{"allow":["GET"]}}],"collection":[{"href":"https:\/\/saaris.de\/fr\/wp-json\/wp\/v2\/pages"}],"about":[{"href":"https:\/\/saaris.de\/fr\/wp-json\/wp\/v2\/types\/page"}],"author":[{"embeddable":true,"href":"https:\/\/saaris.de\/fr\/wp-json\/wp\/v2\/users\/60"}],"replies":[{"embeddable":true,"href":"https:\/\/saaris.de\/fr\/wp-json\/wp\/v2\/comments?post=44706"}],"version-history":[{"count":22,"href":"https:\/\/saaris.de\/fr\/wp-json\/wp\/v2\/pages\/44706\/revisions"}],"predecessor-version":[{"id":67857,"href":"https:\/\/saaris.de\/fr\/wp-json\/wp\/v2\/pages\/44706\/revisions\/67857"}],"up":[{"embeddable":true,"href":"https:\/\/saaris.de\/fr\/wp-json\/wp\/v2\/pages\/44697"}],"wp:featuredmedia":[{"embeddable":true,"href":"https:\/\/saaris.de\/fr\/wp-json\/wp\/v2\/media\/34072"}],"wp:attachment":[{"href":"https:\/\/saaris.de\/fr\/wp-json\/wp\/v2\/media?parent=44706"}],"curies":[{"name":"wp","href":"https:\/\/api.w.org\/{rel}","templated":true}]}}