{"id":44337,"date":"2021-05-12T09:56:12","date_gmt":"2021-05-12T07:56:12","guid":{"rendered":"https:\/\/saaris.de\/?page_id=44337"},"modified":"2026-03-13T11:11:11","modified_gmt":"2026-03-13T10:11:11","slug":"leistungen","status":"publish","type":"page","link":"https:\/\/saaris.de\/fr\/leistungen\/","title":{"rendered":"Services"},"content":{"rendered":"\t\t<div data-elementor-type=\"wp-page\" data-elementor-id=\"44337\" class=\"elementor elementor-44337 elementor-1425\" data-elementor-post-type=\"page\">\n\t\t\t\t\t\t<section class=\"elementor-section elementor-top-section elementor-element elementor-element-ec28107 elementor-section-boxed elementor-section-height-default elementor-section-height-default\" data-id=\"ec28107\" data-element_type=\"section\" data-e-type=\"section\">\n\t\t\t\t\t\t<div class=\"elementor-container elementor-column-gap-default\">\n\t\t\t\t\t<div class=\"elementor-column elementor-col-100 elementor-top-column elementor-element elementor-element-62f8386\" data-id=\"62f8386\" data-element_type=\"column\" data-e-type=\"column\">\n\t\t\t<div class=\"elementor-widget-wrap elementor-element-populated\">\n\t\t\t\t\t\t<div class=\"elementor-element elementor-element-ccd4c34 elementor-widget elementor-widget-spacer\" data-id=\"ccd4c34\" data-element_type=\"widget\" data-e-type=\"widget\" data-widget_type=\"spacer.default\">\n\t\t\t\t<div class=\"elementor-widget-container\">\n\t\t\t\t\t\t\t<div class=\"elementor-spacer\">\n\t\t\t<div class=\"elementor-spacer-inner\"><\/div>\n\t\t<\/div>\n\t\t\t\t\t\t<\/div>\n\t\t\t\t<\/div>\n\t\t\t\t<div class=\"elementor-element elementor-element-91f3f1c elementor-widget elementor-widget-heading\" data-id=\"91f3f1c\" data-element_type=\"widget\" data-e-type=\"widget\" data-widget_type=\"heading.default\">\n\t\t\t\t<div class=\"elementor-widget-container\">\n\t\t\t\t\t<h2 class=\"elementor-heading-title elementor-size-default\">Votre succ\u00e8s, gr\u00e2ce \u00e0 nos services<\/h2>\t\t\t\t<\/div>\n\t\t\t\t<\/div>\n\t\t\t\t\t<\/div>\n\t\t<\/div>\n\t\t\t\t\t<\/div>\n\t\t<\/section>\n\t\t\t\t<section class=\"elementor-section elementor-top-section elementor-element elementor-element-f57f75a elementor-section-boxed elementor-section-height-default elementor-section-height-default\" data-id=\"f57f75a\" data-element_type=\"section\" data-e-type=\"section\">\n\t\t\t\t\t\t<div class=\"elementor-container elementor-column-gap-default\">\n\t\t\t\t\t<div class=\"elementor-column elementor-col-100 elementor-top-column elementor-element elementor-element-3ed538e\" data-id=\"3ed538e\" data-element_type=\"column\" data-e-type=\"column\">\n\t\t\t<div class=\"elementor-widget-wrap elementor-element-populated\">\n\t\t\t\t\t\t<div class=\"elementor-element elementor-element-f26bdef elementor-widget elementor-widget-n49__archive_item\" data-id=\"f26bdef\" data-element_type=\"widget\" data-e-type=\"widget\" data-widget_type=\"n49__archive_item.default\">\n\t\t\t\t<div class=\"elementor-widget-container\">\n\t\t\t\t\t\n        <section class=\"block--archive-item\">\n            <div class=\"content-container\">\n\n                                    <div class=\"list-container\">\n                        <a href=\"https:\/\/saaris.de\/fr\/leistungen\/digitalisierung\/\" target=\"_blank\" rel=\"\">\n                            <div class=\"archive--item\">\n                                <div class=\"item--image\">\n                                    <img decoding=\"async\" src=\"https:\/\/saaris.de\/wp-content\/uploads\/2023\/06\/Digitale-Transformation_Kachel.png\" title=\"Digitale Transformation_Kachel\" alt=\"Symbole Digitale Transformation\" loading=\"lazy\" \/>                                <\/div>\n                                <div class=\"item--content\">\n                                    <h3>Num\u00e9risation<\/h3>\n                                    <p class=\"text-3-lines\">Nous apportons notre soutien dans le cadre de la num\u00e9risation : des d\u00e9cisions strat\u00e9giques, de l\u2019identification des potentiels, de la mise en pratique, en passant par l\u2019exp\u00e9rimentation et l\u2019apprentissage, jusqu\u2019\u00e0 la mise en \u0153uvre dans la pratique de l\u2019entreprise. <\/p>\n                                    <p class=\"read-more\"><i class=\"icon icon-arrow-solid-right\"><\/i>Mehr erfahren<\/p>\n                                <\/div>\n                            <\/div>\n                        <\/a>\n                    <\/div>\n                \n            <\/div>\n        <\/section>\n\n        \t\t\t\t<\/div>\n\t\t\t\t<\/div>\n\t\t\t\t<div class=\"elementor-element elementor-element-24be235 elementor-widget elementor-widget-n49__archive_item\" data-id=\"24be235\" data-element_type=\"widget\" data-e-type=\"widget\" data-widget_type=\"n49__archive_item.default\">\n\t\t\t\t<div class=\"elementor-widget-container\">\n\t\t\t\t\t\n        <section class=\"block--archive-item\">\n            <div class=\"content-container\">\n\n                                    <div class=\"list-container\">\n                        <a href=\"https:\/\/saaris.de\/fr\/leistungen\/fachkraefte-gewinnen-und-binden\/\" target=\"\" rel=\"\">\n                            <div class=\"archive--item\">\n                                <div class=\"item--image\">\n                                    <img decoding=\"async\" src=\"https:\/\/saaris.de\/wp-content\/uploads\/2022\/07\/AdobeStock_300143961-1_Kachel.png\" title=\"Junge Menschen im B\u00fcro\" alt=\"Junge Menschen im B\u00fcro\" loading=\"lazy\" \/>                                <\/div>\n                                <div class=\"item--content\">\n                                    <h3>Attirer et fid\u00e9liser des professionels<\/h3>\n                                    <p class=\"text-3-lines\">Devenez un employeur attrayant et pr\u00e9sentez les bons arguments qui attireront les meilleurs profils vers votre entreprise.<\/p>\n                                    <p class=\"read-more\"><i class=\"icon icon-arrow-solid-right\"><\/i>En savoir plus<\/p>\n                                <\/div>\n                            <\/div>\n                        <\/a>\n                    <\/div>\n                \n            <\/div>\n        <\/section>\n\n        \t\t\t\t<\/div>\n\t\t\t\t<\/div>\n\t\t\t\t<div class=\"elementor-element elementor-element-417bc68 elementor-widget elementor-widget-n49__archive_item\" data-id=\"417bc68\" data-element_type=\"widget\" data-e-type=\"widget\" data-widget_type=\"n49__archive_item.default\">\n\t\t\t\t<div class=\"elementor-widget-container\">\n\t\t\t\t\t\n        <section class=\"block--archive-item\">\n            <div class=\"content-container\">\n\n                                    <div class=\"list-container\">\n                        <a href=\"https:\/\/saaris.de\/fr\/leistungen\/moderne-unternehmenskultur\/\" target=\"\" rel=\"\">\n                            <div class=\"archive--item\">\n                                <div class=\"item--image\">\n                                    <img decoding=\"async\" src=\"https:\/\/saaris.de\/wp-content\/uploads\/2022\/03\/AdobeStock_369977292_Arbeitgeberattraktivitat_Kachel.jpeg\" title=\"Pr\u00e4sentation\" alt=\"Pr\u00e4sentation\" loading=\"lazy\" \/>                                <\/div>\n                                <div class=\"item--content\">\n                                    <h3>Une culture d\u2019entreprise moderne<\/h3>\n                                    <p class=\"text-3-lines\">La concurrence pour attirer des professionnels qualifi\u00e9s se fait donc de plus en plus sentir. La p\u00e9nurie de main-d\u2019\u0153uvre qualifi\u00e9e d\u00e9clenche une pression particuli\u00e8rement forte du c\u00f4t\u00e9 des PME et des entreprises artisanales.<\/p>\n                                    <p class=\"read-more\"><i class=\"icon icon-arrow-solid-right\"><\/i>En savoir plus<\/p>\n                                <\/div>\n                            <\/div>\n                        <\/a>\n                    <\/div>\n                \n            <\/div>\n        <\/section>\n\n        \t\t\t\t<\/div>\n\t\t\t\t<\/div>\n\t\t\t\t<div class=\"elementor-element elementor-element-edccf59 elementor-widget elementor-widget-n49__archive_item\" data-id=\"edccf59\" data-element_type=\"widget\" data-e-type=\"widget\" data-widget_type=\"n49__archive_item.default\">\n\t\t\t\t<div class=\"elementor-widget-container\">\n\t\t\t\t\t\n        <section class=\"block--archive-item\">\n            <div class=\"content-container\">\n\n                                    <div class=\"list-container\">\n                        <a href=\"https:\/\/saaris.de\/fr\/leistungen\/nachhaltigkeit-und-kreislaufwirtschaft\/\" target=\"_blank\" rel=\"\">\n                            <div class=\"archive--item\">\n                                <div class=\"item--image\">\n                                    <img decoding=\"async\" src=\"https:\/\/saaris.de\/wp-content\/uploads\/2023\/04\/KoK3.png\" title=\"KoK3\" alt=\"KoK3\" loading=\"lazy\" \/>                                <\/div>\n                                <div class=\"item--content\">\n                                    <h3>Durabilit\u00e9 et \u00e9conomie circulaire<\/h3>\n                                    <p class=\"text-3-lines\">Nous soutenons les entreprises sarroises dans la mise en \u0153uvre de leur durabilit\u00e9 et de l'\u00e9conomie circulaire et les aidons tout au long de la cha\u00eene de cr\u00e9ation de valeur de ces d\u00e9fis de transformation.<\/p>\n                                    <p class=\"read-more\"><i class=\"icon icon-arrow-solid-right\"><\/i>En savoir plus<\/p>\n                                <\/div>\n                            <\/div>\n                        <\/a>\n                    <\/div>\n                \n            <\/div>\n        <\/section>\n\n        \t\t\t\t<\/div>\n\t\t\t\t<\/div>\n\t\t\t\t<div class=\"elementor-element elementor-element-4421e3b elementor-widget elementor-widget-n49__archive_item\" data-id=\"4421e3b\" data-element_type=\"widget\" data-e-type=\"widget\" data-widget_type=\"n49__archive_item.default\">\n\t\t\t\t<div class=\"elementor-widget-container\">\n\t\t\t\t\t\n        <section class=\"block--archive-item\">\n            <div class=\"content-container\">\n\n                                    <div class=\"list-container\">\n                        <a href=\"https:\/\/saaris.de\/fr\/leistungen\/gruenden-und-kreatives\/\" target=\"\" rel=\"\">\n                            <div class=\"archive--item\">\n                                <div class=\"item--image\">\n                                    <img decoding=\"async\" src=\"https:\/\/saaris.de\/wp-content\/uploads\/2022\/03\/AdobeStock_300142466Kachel.jpeg\" title=\"Young business people in office\" alt=\"Young business people in office\" loading=\"lazy\" \/>                                <\/div>\n                                <div class=\"item--content\">\n                                    <h3>Entrepreneuriat et cr\u00e9ativit\u00e9<\/h3>\n                                    <p class=\"text-3-lines\">Pour les cr\u00e9ateurs d\u2019entreprise de la Sarre\u00a0: nous proposons des informations compl\u00e8tes sur toutes les questions importantes relatives \u00e0 la cr\u00e9ation ou \u00e0 la consolidation d\u2019une entreprise.<\/p>\n                                    <p class=\"read-more\"><i class=\"icon icon-arrow-solid-right\"><\/i>En savoir plus<\/p>\n                                <\/div>\n                            <\/div>\n                        <\/a>\n                    <\/div>\n                \n            <\/div>\n        <\/section>\n\n        \t\t\t\t<\/div>\n\t\t\t\t<\/div>\n\t\t\t\t<div class=\"elementor-element elementor-element-ebfca19 elementor-widget elementor-widget-n49__archive_item\" data-id=\"ebfca19\" data-element_type=\"widget\" data-e-type=\"widget\" data-widget_type=\"n49__archive_item.default\">\n\t\t\t\t<div class=\"elementor-widget-container\">\n\t\t\t\t\t\n        <section class=\"block--archive-item\">\n            <div class=\"content-container\">\n\n                                    <div class=\"list-container\">\n                        <a href=\"https:\/\/saaris.de\/fr\/leistungen\/technologietransfer\/\" target=\"\" rel=\"\">\n                            <div class=\"archive--item\">\n                                <div class=\"item--image\">\n                                    <img decoding=\"async\" src=\"https:\/\/saaris.de\/wp-content\/uploads\/2022\/03\/AdobeStock_296170939_Technologie-und-Innovation_Kachel-1.jpeg\" title=\"Server\" alt=\"Server\" loading=\"lazy\" \/>                                <\/div>\n                                <div class=\"item--content\">\n                                    <h3>Transfert de technologies<\/h3>\n                                    <p class=\"text-3-lines\">Nous avons soutenu les activit\u00e9s de recherche et le d\u00e9veloppement exp\u00e9rimental (R&amp;D) des PME sarroises, car nous en connaissons la priorit\u00e9\u00a0: le d\u00e9veloppement de produits, de services et de proc\u00e9d\u00e9s bas\u00e9s sur la technologie constitue un v\u00e9ritable pilier de l\u2019\u00e9conomie allemande.<\/p>\n                                    <p class=\"read-more\"><i class=\"icon icon-arrow-solid-right\"><\/i>En savoir plus<\/p>\n                                <\/div>\n                            <\/div>\n                        <\/a>\n                    <\/div>\n                \n            <\/div>\n        <\/section>\n\n        \t\t\t\t<\/div>\n\t\t\t\t<\/div>\n\t\t\t\t\t<\/div>\n\t\t<\/div>\n\t\t\t\t\t<\/div>\n\t\t<\/section>\n\t\t\t\t<section class=\"elementor-section elementor-top-section elementor-element elementor-element-81a85b2 elementor-section-boxed elementor-section-height-default elementor-section-height-default\" data-id=\"81a85b2\" data-element_type=\"section\" data-e-type=\"section\">\n\t\t\t\t\t\t<div class=\"elementor-container elementor-column-gap-default\">\n\t\t\t\t\t<div class=\"elementor-column elementor-col-100 elementor-top-column elementor-element elementor-element-116ce14\" data-id=\"116ce14\" data-element_type=\"column\" data-e-type=\"column\">\n\t\t\t<div class=\"elementor-widget-wrap elementor-element-populated\">\n\t\t\t\t\t\t<div class=\"elementor-element elementor-element-15fa6d0 elementor-widget elementor-widget-spacer\" data-id=\"15fa6d0\" data-element_type=\"widget\" data-e-type=\"widget\" data-widget_type=\"spacer.default\">\n\t\t\t\t<div class=\"elementor-widget-container\">\n\t\t\t\t\t\t\t<div class=\"elementor-spacer\">\n\t\t\t<div class=\"elementor-spacer-inner\"><\/div>\n\t\t<\/div>\n\t\t\t\t\t\t<\/div>\n\t\t\t\t<\/div>\n\t\t\t\t\t<\/div>\n\t\t<\/div>\n\t\t\t\t\t<\/div>\n\t\t<\/section>\n\t\t\t\t<\/div>\n\t\t","protected":false},"excerpt":{"rendered":"<p>Votre succ\u00e8s, gr\u00e2ce \u00e0 nos services Num\u00e9risation Nous apportons notre soutien dans le cadre de la num\u00e9risation : des d\u00e9cisions [&hellip;]<\/p>\n","protected":false},"author":61,"featured_media":34053,"parent":0,"menu_order":21,"comment_status":"closed","ping_status":"closed","template":"","meta":{"_acf_changed":false,"footnotes":""},"class_list":["post-44337","page","type-page","status-publish","has-post-thumbnail","hentry"],"acf":[],"yoast_head":"<!-- This site is optimized with the Yoast SEO plugin v27.3 - https:\/\/yoast.com\/product\/yoast-seo-wordpress\/ -->\n<title>Services<\/title>\n<meta name=\"robots\" content=\"index, follow, max-snippet:-1, max-image-preview:large, max-video-preview:-1\" \/>\n<link rel=\"canonical\" href=\"https:\/\/saaris.de\/fr\/leistungen\/\" \/>\n<meta property=\"og:locale\" content=\"fr_FR\" \/>\n<meta property=\"og:type\" content=\"article\" \/>\n<meta property=\"og:title\" content=\"Services\" \/>\n<meta property=\"og:description\" content=\"Votre succ\u00e8s, gr\u00e2ce \u00e0 nos services Num\u00e9risation Nous apportons notre soutien dans le cadre de la num\u00e9risation : des d\u00e9cisions [&hellip;]\" \/>\n<meta property=\"og:url\" content=\"https:\/\/saaris.de\/fr\/leistungen\/\" \/>\n<meta property=\"og:site_name\" content=\"saaris\" \/>\n<meta property=\"article:publisher\" content=\"https:\/\/www.facebook.com\/saaris\" \/>\n<meta property=\"article:modified_time\" content=\"2026-03-13T10:11:11+00:00\" \/>\n<meta property=\"og:image\" content=\"https:\/\/saaris.de\/wp-content\/uploads\/2022\/03\/AdobeStock_352977849_Leistungen_Kachel.jpeg\" \/>\n\t<meta property=\"og:image:width\" content=\"400\" \/>\n\t<meta property=\"og:image:height\" content=\"300\" \/>\n\t<meta property=\"og:image:type\" content=\"image\/jpeg\" \/>\n<meta name=\"twitter:card\" content=\"summary_large_image\" \/>\n<meta name=\"twitter:site\" content=\"@saaris_ikt\" \/>\n<meta name=\"twitter:label1\" content=\"Dur\u00e9e de lecture estim\u00e9e\" \/>\n\t<meta name=\"twitter:data1\" content=\"3 minutes\" \/>\n<script type=\"application\/ld+json\" class=\"yoast-schema-graph\">{\"@context\":\"https:\\\/\\\/schema.org\",\"@graph\":[{\"@type\":\"WebPage\",\"@id\":\"https:\\\/\\\/saaris.de\\\/fr\\\/leistungen\\\/\",\"url\":\"https:\\\/\\\/saaris.de\\\/fr\\\/leistungen\\\/\",\"name\":\"Services\",\"isPartOf\":{\"@id\":\"https:\\\/\\\/saaris.de\\\/fr\\\/#website\"},\"primaryImageOfPage\":{\"@id\":\"https:\\\/\\\/saaris.de\\\/fr\\\/leistungen\\\/#primaryimage\"},\"image\":{\"@id\":\"https:\\\/\\\/saaris.de\\\/fr\\\/leistungen\\\/#primaryimage\"},\"thumbnailUrl\":\"https:\\\/\\\/saaris.de\\\/wp-content\\\/uploads\\\/2022\\\/03\\\/AdobeStock_352977849_Leistungen_Kachel.jpeg\",\"datePublished\":\"2021-05-12T07:56:12+00:00\",\"dateModified\":\"2026-03-13T10:11:11+00:00\",\"breadcrumb\":{\"@id\":\"https:\\\/\\\/saaris.de\\\/fr\\\/leistungen\\\/#breadcrumb\"},\"inLanguage\":\"fr-FR\",\"potentialAction\":[{\"@type\":\"ReadAction\",\"target\":[\"https:\\\/\\\/saaris.de\\\/fr\\\/leistungen\\\/\"]}]},{\"@type\":\"ImageObject\",\"inLanguage\":\"fr-FR\",\"@id\":\"https:\\\/\\\/saaris.de\\\/fr\\\/leistungen\\\/#primaryimage\",\"url\":\"https:\\\/\\\/saaris.de\\\/wp-content\\\/uploads\\\/2022\\\/03\\\/AdobeStock_352977849_Leistungen_Kachel.jpeg\",\"contentUrl\":\"https:\\\/\\\/saaris.de\\\/wp-content\\\/uploads\\\/2022\\\/03\\\/AdobeStock_352977849_Leistungen_Kachel.jpeg\",\"width\":400,\"height\":300},{\"@type\":\"BreadcrumbList\",\"@id\":\"https:\\\/\\\/saaris.de\\\/fr\\\/leistungen\\\/#breadcrumb\",\"itemListElement\":[{\"@type\":\"ListItem\",\"position\":1,\"name\":\"Home\",\"item\":\"https:\\\/\\\/saaris.de\\\/fr\\\/\"},{\"@type\":\"ListItem\",\"position\":2,\"name\":\"Services\"}]},{\"@type\":\"WebSite\",\"@id\":\"https:\\\/\\\/saaris.de\\\/fr\\\/#website\",\"url\":\"https:\\\/\\\/saaris.de\\\/fr\\\/\",\"name\":\"saaris\",\"description\":\"saarland.innovation&amp;standort e. V.\",\"publisher\":{\"@id\":\"https:\\\/\\\/saaris.de\\\/fr\\\/#organization\"},\"potentialAction\":[{\"@type\":\"SearchAction\",\"target\":{\"@type\":\"EntryPoint\",\"urlTemplate\":\"https:\\\/\\\/saaris.de\\\/fr\\\/?s={search_term_string}\"},\"query-input\":{\"@type\":\"PropertyValueSpecification\",\"valueRequired\":true,\"valueName\":\"search_term_string\"}}],\"inLanguage\":\"fr-FR\"},{\"@type\":\"Organization\",\"@id\":\"https:\\\/\\\/saaris.de\\\/fr\\\/#organization\",\"name\":\"saaris\",\"url\":\"https:\\\/\\\/saaris.de\\\/fr\\\/\",\"logo\":{\"@type\":\"ImageObject\",\"inLanguage\":\"fr-FR\",\"@id\":\"https:\\\/\\\/saaris.de\\\/fr\\\/#\\\/schema\\\/logo\\\/image\\\/\",\"url\":\"https:\\\/\\\/saaris.de\\\/wp-content\\\/uploads\\\/2022\\\/03\\\/saaris-logo-footer.jpg\",\"contentUrl\":\"https:\\\/\\\/saaris.de\\\/wp-content\\\/uploads\\\/2022\\\/03\\\/saaris-logo-footer.jpg\",\"width\":175,\"height\":80,\"caption\":\"saaris\"},\"image\":{\"@id\":\"https:\\\/\\\/saaris.de\\\/fr\\\/#\\\/schema\\\/logo\\\/image\\\/\"},\"sameAs\":[\"https:\\\/\\\/www.facebook.com\\\/saaris\",\"https:\\\/\\\/x.com\\\/saaris_ikt\"]}]}<\/script>\n<!-- \/ Yoast SEO plugin. -->","yoast_head_json":{"title":"Services","robots":{"index":"index","follow":"follow","max-snippet":"max-snippet:-1","max-image-preview":"max-image-preview:large","max-video-preview":"max-video-preview:-1"},"canonical":"https:\/\/saaris.de\/fr\/leistungen\/","og_locale":"fr_FR","og_type":"article","og_title":"Services","og_description":"Votre succ\u00e8s, gr\u00e2ce \u00e0 nos services Num\u00e9risation Nous apportons notre soutien dans le cadre de la num\u00e9risation : des d\u00e9cisions [&hellip;]","og_url":"https:\/\/saaris.de\/fr\/leistungen\/","og_site_name":"saaris","article_publisher":"https:\/\/www.facebook.com\/saaris","article_modified_time":"2026-03-13T10:11:11+00:00","og_image":[{"width":400,"height":300,"url":"https:\/\/saaris.de\/wp-content\/uploads\/2022\/03\/AdobeStock_352977849_Leistungen_Kachel.jpeg","type":"image\/jpeg"}],"twitter_card":"summary_large_image","twitter_site":"@saaris_ikt","twitter_misc":{"Dur\u00e9e de lecture estim\u00e9e":"3 minutes"},"schema":{"@context":"https:\/\/schema.org","@graph":[{"@type":"WebPage","@id":"https:\/\/saaris.de\/fr\/leistungen\/","url":"https:\/\/saaris.de\/fr\/leistungen\/","name":"Services","isPartOf":{"@id":"https:\/\/saaris.de\/fr\/#website"},"primaryImageOfPage":{"@id":"https:\/\/saaris.de\/fr\/leistungen\/#primaryimage"},"image":{"@id":"https:\/\/saaris.de\/fr\/leistungen\/#primaryimage"},"thumbnailUrl":"https:\/\/saaris.de\/wp-content\/uploads\/2022\/03\/AdobeStock_352977849_Leistungen_Kachel.jpeg","datePublished":"2021-05-12T07:56:12+00:00","dateModified":"2026-03-13T10:11:11+00:00","breadcrumb":{"@id":"https:\/\/saaris.de\/fr\/leistungen\/#breadcrumb"},"inLanguage":"fr-FR","potentialAction":[{"@type":"ReadAction","target":["https:\/\/saaris.de\/fr\/leistungen\/"]}]},{"@type":"ImageObject","inLanguage":"fr-FR","@id":"https:\/\/saaris.de\/fr\/leistungen\/#primaryimage","url":"https:\/\/saaris.de\/wp-content\/uploads\/2022\/03\/AdobeStock_352977849_Leistungen_Kachel.jpeg","contentUrl":"https:\/\/saaris.de\/wp-content\/uploads\/2022\/03\/AdobeStock_352977849_Leistungen_Kachel.jpeg","width":400,"height":300},{"@type":"BreadcrumbList","@id":"https:\/\/saaris.de\/fr\/leistungen\/#breadcrumb","itemListElement":[{"@type":"ListItem","position":1,"name":"Home","item":"https:\/\/saaris.de\/fr\/"},{"@type":"ListItem","position":2,"name":"Services"}]},{"@type":"WebSite","@id":"https:\/\/saaris.de\/fr\/#website","url":"https:\/\/saaris.de\/fr\/","name":"saaris","description":"saarland.innovation&amp;standort e. V.","publisher":{"@id":"https:\/\/saaris.de\/fr\/#organization"},"potentialAction":[{"@type":"SearchAction","target":{"@type":"EntryPoint","urlTemplate":"https:\/\/saaris.de\/fr\/?s={search_term_string}"},"query-input":{"@type":"PropertyValueSpecification","valueRequired":true,"valueName":"search_term_string"}}],"inLanguage":"fr-FR"},{"@type":"Organization","@id":"https:\/\/saaris.de\/fr\/#organization","name":"saaris","url":"https:\/\/saaris.de\/fr\/","logo":{"@type":"ImageObject","inLanguage":"fr-FR","@id":"https:\/\/saaris.de\/fr\/#\/schema\/logo\/image\/","url":"https:\/\/saaris.de\/wp-content\/uploads\/2022\/03\/saaris-logo-footer.jpg","contentUrl":"https:\/\/saaris.de\/wp-content\/uploads\/2022\/03\/saaris-logo-footer.jpg","width":175,"height":80,"caption":"saaris"},"image":{"@id":"https:\/\/saaris.de\/fr\/#\/schema\/logo\/image\/"},"sameAs":["https:\/\/www.facebook.com\/saaris","https:\/\/x.com\/saaris_ikt"]}]}},"publishpress_future_workflow_manual_trigger":{"enabledWorkflows":[]},"_links":{"self":[{"href":"https:\/\/saaris.de\/fr\/wp-json\/wp\/v2\/pages\/44337","targetHints":{"allow":["GET"]}}],"collection":[{"href":"https:\/\/saaris.de\/fr\/wp-json\/wp\/v2\/pages"}],"about":[{"href":"https:\/\/saaris.de\/fr\/wp-json\/wp\/v2\/types\/page"}],"author":[{"embeddable":true,"href":"https:\/\/saaris.de\/fr\/wp-json\/wp\/v2\/users\/61"}],"replies":[{"embeddable":true,"href":"https:\/\/saaris.de\/fr\/wp-json\/wp\/v2\/comments?post=44337"}],"version-history":[{"count":35,"href":"https:\/\/saaris.de\/fr\/wp-json\/wp\/v2\/pages\/44337\/revisions"}],"predecessor-version":[{"id":70169,"href":"https:\/\/saaris.de\/fr\/wp-json\/wp\/v2\/pages\/44337\/revisions\/70169"}],"wp:featuredmedia":[{"embeddable":true,"href":"https:\/\/saaris.de\/fr\/wp-json\/wp\/v2\/media\/34053"}],"wp:attachment":[{"href":"https:\/\/saaris.de\/fr\/wp-json\/wp\/v2\/media?parent=44337"}],"curies":[{"name":"wp","href":"https:\/\/api.w.org\/{rel}","templated":true}]}}