{"id":44305,"date":"2023-02-10T14:01:03","date_gmt":"2023-02-10T13:01:03","guid":{"rendered":"https:\/\/saaris.de\/?page_id=44305"},"modified":"2026-02-03T13:25:41","modified_gmt":"2026-02-03T12:25:41","slug":"impressum","status":"publish","type":"page","link":"https:\/\/saaris.de\/fr\/impressum\/","title":{"rendered":"Mentions l\u00e9gales"},"content":{"rendered":"\t\t<div data-elementor-type=\"wp-page\" data-elementor-id=\"44305\" class=\"elementor elementor-44305 elementor-43024\" data-elementor-post-type=\"page\">\n\t\t\t\t\t\t<section class=\"elementor-section elementor-top-section elementor-element elementor-element-87cdbdf elementor-section-boxed elementor-section-height-default elementor-section-height-default\" data-id=\"87cdbdf\" data-element_type=\"section\" data-e-type=\"section\">\n\t\t\t\t\t\t<div class=\"elementor-container elementor-column-gap-default\">\n\t\t\t\t\t<div class=\"elementor-column elementor-col-100 elementor-top-column elementor-element elementor-element-fb70058\" data-id=\"fb70058\" data-element_type=\"column\" data-e-type=\"column\">\n\t\t\t<div class=\"elementor-widget-wrap elementor-element-populated\">\n\t\t\t\t\t\t<div class=\"elementor-element elementor-element-534bf9b elementor-widget elementor-widget-spacer\" data-id=\"534bf9b\" data-element_type=\"widget\" data-e-type=\"widget\" data-widget_type=\"spacer.default\">\n\t\t\t\t<div class=\"elementor-widget-container\">\n\t\t\t\t\t\t\t<div class=\"elementor-spacer\">\n\t\t\t<div class=\"elementor-spacer-inner\"><\/div>\n\t\t<\/div>\n\t\t\t\t\t\t<\/div>\n\t\t\t\t<\/div>\n\t\t\t\t<div class=\"elementor-element elementor-element-b018c54 elementor-widget elementor-widget-heading\" data-id=\"b018c54\" data-element_type=\"widget\" data-e-type=\"widget\" data-widget_type=\"heading.default\">\n\t\t\t\t<div class=\"elementor-widget-container\">\n\t\t\t\t\t<h2 class=\"elementor-heading-title elementor-size-default\">Mentions l\u00e9gales<\/h2>\t\t\t\t<\/div>\n\t\t\t\t<\/div>\n\t\t\t\t<div class=\"elementor-element elementor-element-cc6b2ce elementor-widget elementor-widget-text-editor\" data-id=\"cc6b2ce\" data-element_type=\"widget\" data-e-type=\"widget\" data-widget_type=\"text-editor.default\">\n\t\t\t\t<div class=\"elementor-widget-container\">\n\t\t\t\t\t\t\t\t\t<p>saaris &#8211; saarland innovation und standort GmbH\u00a0<br \/>Balthasar-Goldstein-Stra\u00dfe 31<br \/>66131 Saarbr\u00fccken<\/p><p>T\u00e9l\u00e9phone: 0681 210 66 100<br \/>Fax: 0681 210 66 099<br \/>E-Mail: <a href=\"mailto:info@saaris.saarland\" target=\"_blank\" rel=\"noopener\">info@saaris.saarland<\/a><\/p><p><strong>G\u00e9rants autoris\u00e9s \u00e0 repr\u00e9senter la soci\u00e9t\u00e9:<\/strong><br \/>Rita Gindorf-Wagner und Valentin Holzer\u00a0<\/p><p><strong>Num\u00e9ro de TVA selon l\u2019art. 27a de la loi allemande relative \u00e0 la taxe sur le chiffre d&#8217;affaire<\/strong><br \/><span data-olk-copy-source=\"MessageBody\">DE191937540<\/span><\/p><p><strong>Registre du commerce:<\/strong><br \/>Tribunal d\u2019enregistrement: Tribunal d\u2019instance de Sarrebruck<br \/>Num\u00e9ro d\u2019enregistrement: <span class=\"ui-provider a b c d e f g h i j k l m n o p q r s t u v w x y z ab ac ae af ag ah ai aj ak\" dir=\"ltr\">HRB 110266<\/span><\/p><p><strong>Responsables du contenu conform\u00e9ment \u00e0 l\u2019art. 55 II du trait\u00e9 d\u2019\u00c9tat sur la radiodiffusion (RstV):<\/strong><br \/>Rita Gindorf-Wagner und Valentin Holzer\u00a0<br \/>(adresses ci-dessus)<\/p><p><strong>Mentions l\u00e9gale:<br \/><\/strong>saaris v\u00e9rifie et actualise en permanence les informations figurant sur le pr\u00e9sent site. Malgr\u00e9 tous nos efforts, des donn\u00e9es peuvent avoir chang\u00e9 entre-temps. Nous ne pouvons donc pas assumer de responsabilit\u00e9 ou de garantie quant \u00e0 l\u2019actualit\u00e9, l\u2019exactitude et l\u2019exhaustivit\u00e9 des informations publi\u00e9es.<\/p><p>saaris n\u2019assume \u00e9galement aucune responsabilit\u00e9 concernant le contenu des autres sites Internet r\u00e9f\u00e9renc\u00e9s par un hyperlien. Les articles, les donn\u00e9es et pr\u00e9visions publi\u00e9s sous l\u2019onglet \u00ab\u00a0Actualit\u00e9s\u00a0\u00bb ont fait l\u2019objet de recherches appliqu\u00e9es. Ni saaris ni ses fournisseurs ou sources ne peuvent toutefois en garantir l\u2019exactitude.<\/p><p>Les noms commerciaux, marques d\u00e9pos\u00e9es, et autres signes prot\u00e9g\u00e9s ne sont pas identifi\u00e9s en tant que tels, et peuvent \u00eatre utilis\u00e9s sans autorisation pr\u00e9alable \u00e0 une libre utilisation.<\/p><p>saaris se r\u00e9serve en outre le droit de modifier ou de compl\u00e9ter les informations mises \u00e0 disposition.<\/p><p>Les droits d\u2019auteur prot\u00e8gent le contenu et la structure du site Internet de saaris. Toute reproduction d\u2019informations ou de donn\u00e9es, notamment l\u2019utilisation de textes, de parties de textes ou d\u2019images, doit faire l\u2019objet d\u2019un accord pr\u00e9alable.<\/p><p>En envoyant une demande d\u2019information, l\u2019utilisateur accepte que ses donn\u00e9es soient enregistr\u00e9es dans notre syst\u00e8me informatique \u00e0 des fins de traitement \u2013 au sens de la loi f\u00e9d\u00e9rale allemande sur la protection des donn\u00e9es (BDSG).<\/p>\t\t\t\t\t\t\t\t<\/div>\n\t\t\t\t<\/div>\n\t\t\t\t<div class=\"elementor-element elementor-element-6334b2a elementor-widget elementor-widget-spacer\" data-id=\"6334b2a\" data-element_type=\"widget\" data-e-type=\"widget\" data-widget_type=\"spacer.default\">\n\t\t\t\t<div class=\"elementor-widget-container\">\n\t\t\t\t\t\t\t<div class=\"elementor-spacer\">\n\t\t\t<div class=\"elementor-spacer-inner\"><\/div>\n\t\t<\/div>\n\t\t\t\t\t\t<\/div>\n\t\t\t\t<\/div>\n\t\t\t\t\t<\/div>\n\t\t<\/div>\n\t\t\t\t\t<\/div>\n\t\t<\/section>\n\t\t\t\t<\/div>\n\t\t","protected":false},"excerpt":{"rendered":"<p>Mentions l\u00e9gales saaris &#8211; saarland innovation und standort GmbH\u00a0Balthasar-Goldstein-Stra\u00dfe 3166131 Saarbr\u00fccken T\u00e9l\u00e9phone: 0681 210 66 100Fax: 0681 210 66 099E-Mail: [&hellip;]<\/p>\n","protected":false},"author":61,"featured_media":0,"parent":0,"menu_order":19,"comment_status":"closed","ping_status":"closed","template":"","meta":{"_acf_changed":false,"footnotes":""},"class_list":["post-44305","page","type-page","status-publish","hentry"],"acf":[],"yoast_head":"<!-- This site is optimized with the Yoast SEO plugin v27.3 - https:\/\/yoast.com\/product\/yoast-seo-wordpress\/ -->\n<title>Mentions l\u00e9gales<\/title>\n<meta name=\"robots\" content=\"index, follow, max-snippet:-1, max-image-preview:large, max-video-preview:-1\" \/>\n<link rel=\"canonical\" href=\"https:\/\/saaris.de\/fr\/impressum\/\" \/>\n<meta property=\"og:locale\" content=\"fr_FR\" \/>\n<meta property=\"og:type\" content=\"article\" \/>\n<meta property=\"og:title\" content=\"Mentions l\u00e9gales\" \/>\n<meta property=\"og:description\" content=\"Mentions l\u00e9gales saaris &#8211; saarland innovation und standort GmbH\u00a0Balthasar-Goldstein-Stra\u00dfe 3166131 Saarbr\u00fccken T\u00e9l\u00e9phone: 0681 210 66 100Fax: 0681 210 66 099E-Mail: [&hellip;]\" \/>\n<meta property=\"og:url\" content=\"https:\/\/saaris.de\/fr\/impressum\/\" \/>\n<meta property=\"og:site_name\" content=\"saaris\" \/>\n<meta property=\"article:publisher\" content=\"https:\/\/www.facebook.com\/saaris\" \/>\n<meta property=\"article:modified_time\" content=\"2026-02-03T12:25:41+00:00\" \/>\n<meta name=\"twitter:card\" content=\"summary_large_image\" \/>\n<meta name=\"twitter:site\" content=\"@saaris_ikt\" \/>\n<meta name=\"twitter:label1\" content=\"Dur\u00e9e de lecture estim\u00e9e\" \/>\n\t<meta name=\"twitter:data1\" content=\"2 minutes\" \/>\n<script type=\"application\/ld+json\" class=\"yoast-schema-graph\">{\"@context\":\"https:\\\/\\\/schema.org\",\"@graph\":[{\"@type\":\"WebPage\",\"@id\":\"https:\\\/\\\/saaris.de\\\/fr\\\/impressum\\\/\",\"url\":\"https:\\\/\\\/saaris.de\\\/fr\\\/impressum\\\/\",\"name\":\"Mentions l\u00e9gales\",\"isPartOf\":{\"@id\":\"https:\\\/\\\/saaris.de\\\/fr\\\/#website\"},\"datePublished\":\"2023-02-10T13:01:03+00:00\",\"dateModified\":\"2026-02-03T12:25:41+00:00\",\"breadcrumb\":{\"@id\":\"https:\\\/\\\/saaris.de\\\/fr\\\/impressum\\\/#breadcrumb\"},\"inLanguage\":\"fr-FR\",\"potentialAction\":[{\"@type\":\"ReadAction\",\"target\":[\"https:\\\/\\\/saaris.de\\\/fr\\\/impressum\\\/\"]}]},{\"@type\":\"BreadcrumbList\",\"@id\":\"https:\\\/\\\/saaris.de\\\/fr\\\/impressum\\\/#breadcrumb\",\"itemListElement\":[{\"@type\":\"ListItem\",\"position\":1,\"name\":\"Home\",\"item\":\"https:\\\/\\\/saaris.de\\\/fr\\\/\"},{\"@type\":\"ListItem\",\"position\":2,\"name\":\"Mentions l\u00e9gales\"}]},{\"@type\":\"WebSite\",\"@id\":\"https:\\\/\\\/saaris.de\\\/fr\\\/#website\",\"url\":\"https:\\\/\\\/saaris.de\\\/fr\\\/\",\"name\":\"saaris\",\"description\":\"saarland.innovation&amp;standort e. V.\",\"publisher\":{\"@id\":\"https:\\\/\\\/saaris.de\\\/fr\\\/#organization\"},\"potentialAction\":[{\"@type\":\"SearchAction\",\"target\":{\"@type\":\"EntryPoint\",\"urlTemplate\":\"https:\\\/\\\/saaris.de\\\/fr\\\/?s={search_term_string}\"},\"query-input\":{\"@type\":\"PropertyValueSpecification\",\"valueRequired\":true,\"valueName\":\"search_term_string\"}}],\"inLanguage\":\"fr-FR\"},{\"@type\":\"Organization\",\"@id\":\"https:\\\/\\\/saaris.de\\\/fr\\\/#organization\",\"name\":\"saaris\",\"url\":\"https:\\\/\\\/saaris.de\\\/fr\\\/\",\"logo\":{\"@type\":\"ImageObject\",\"inLanguage\":\"fr-FR\",\"@id\":\"https:\\\/\\\/saaris.de\\\/fr\\\/#\\\/schema\\\/logo\\\/image\\\/\",\"url\":\"https:\\\/\\\/saaris.de\\\/wp-content\\\/uploads\\\/2022\\\/03\\\/saaris-logo-footer.jpg\",\"contentUrl\":\"https:\\\/\\\/saaris.de\\\/wp-content\\\/uploads\\\/2022\\\/03\\\/saaris-logo-footer.jpg\",\"width\":175,\"height\":80,\"caption\":\"saaris\"},\"image\":{\"@id\":\"https:\\\/\\\/saaris.de\\\/fr\\\/#\\\/schema\\\/logo\\\/image\\\/\"},\"sameAs\":[\"https:\\\/\\\/www.facebook.com\\\/saaris\",\"https:\\\/\\\/x.com\\\/saaris_ikt\"]}]}<\/script>\n<!-- \/ Yoast SEO plugin. -->","yoast_head_json":{"title":"Mentions l\u00e9gales","robots":{"index":"index","follow":"follow","max-snippet":"max-snippet:-1","max-image-preview":"max-image-preview:large","max-video-preview":"max-video-preview:-1"},"canonical":"https:\/\/saaris.de\/fr\/impressum\/","og_locale":"fr_FR","og_type":"article","og_title":"Mentions l\u00e9gales","og_description":"Mentions l\u00e9gales saaris &#8211; saarland innovation und standort GmbH\u00a0Balthasar-Goldstein-Stra\u00dfe 3166131 Saarbr\u00fccken T\u00e9l\u00e9phone: 0681 210 66 100Fax: 0681 210 66 099E-Mail: [&hellip;]","og_url":"https:\/\/saaris.de\/fr\/impressum\/","og_site_name":"saaris","article_publisher":"https:\/\/www.facebook.com\/saaris","article_modified_time":"2026-02-03T12:25:41+00:00","twitter_card":"summary_large_image","twitter_site":"@saaris_ikt","twitter_misc":{"Dur\u00e9e de lecture estim\u00e9e":"2 minutes"},"schema":{"@context":"https:\/\/schema.org","@graph":[{"@type":"WebPage","@id":"https:\/\/saaris.de\/fr\/impressum\/","url":"https:\/\/saaris.de\/fr\/impressum\/","name":"Mentions l\u00e9gales","isPartOf":{"@id":"https:\/\/saaris.de\/fr\/#website"},"datePublished":"2023-02-10T13:01:03+00:00","dateModified":"2026-02-03T12:25:41+00:00","breadcrumb":{"@id":"https:\/\/saaris.de\/fr\/impressum\/#breadcrumb"},"inLanguage":"fr-FR","potentialAction":[{"@type":"ReadAction","target":["https:\/\/saaris.de\/fr\/impressum\/"]}]},{"@type":"BreadcrumbList","@id":"https:\/\/saaris.de\/fr\/impressum\/#breadcrumb","itemListElement":[{"@type":"ListItem","position":1,"name":"Home","item":"https:\/\/saaris.de\/fr\/"},{"@type":"ListItem","position":2,"name":"Mentions l\u00e9gales"}]},{"@type":"WebSite","@id":"https:\/\/saaris.de\/fr\/#website","url":"https:\/\/saaris.de\/fr\/","name":"saaris","description":"saarland.innovation&amp;standort e. V.","publisher":{"@id":"https:\/\/saaris.de\/fr\/#organization"},"potentialAction":[{"@type":"SearchAction","target":{"@type":"EntryPoint","urlTemplate":"https:\/\/saaris.de\/fr\/?s={search_term_string}"},"query-input":{"@type":"PropertyValueSpecification","valueRequired":true,"valueName":"search_term_string"}}],"inLanguage":"fr-FR"},{"@type":"Organization","@id":"https:\/\/saaris.de\/fr\/#organization","name":"saaris","url":"https:\/\/saaris.de\/fr\/","logo":{"@type":"ImageObject","inLanguage":"fr-FR","@id":"https:\/\/saaris.de\/fr\/#\/schema\/logo\/image\/","url":"https:\/\/saaris.de\/wp-content\/uploads\/2022\/03\/saaris-logo-footer.jpg","contentUrl":"https:\/\/saaris.de\/wp-content\/uploads\/2022\/03\/saaris-logo-footer.jpg","width":175,"height":80,"caption":"saaris"},"image":{"@id":"https:\/\/saaris.de\/fr\/#\/schema\/logo\/image\/"},"sameAs":["https:\/\/www.facebook.com\/saaris","https:\/\/x.com\/saaris_ikt"]}]}},"publishpress_future_workflow_manual_trigger":{"enabledWorkflows":[]},"_links":{"self":[{"href":"https:\/\/saaris.de\/fr\/wp-json\/wp\/v2\/pages\/44305","targetHints":{"allow":["GET"]}}],"collection":[{"href":"https:\/\/saaris.de\/fr\/wp-json\/wp\/v2\/pages"}],"about":[{"href":"https:\/\/saaris.de\/fr\/wp-json\/wp\/v2\/types\/page"}],"author":[{"embeddable":true,"href":"https:\/\/saaris.de\/fr\/wp-json\/wp\/v2\/users\/61"}],"replies":[{"embeddable":true,"href":"https:\/\/saaris.de\/fr\/wp-json\/wp\/v2\/comments?post=44305"}],"version-history":[{"count":44,"href":"https:\/\/saaris.de\/fr\/wp-json\/wp\/v2\/pages\/44305\/revisions"}],"predecessor-version":[{"id":69645,"href":"https:\/\/saaris.de\/fr\/wp-json\/wp\/v2\/pages\/44305\/revisions\/69645"}],"wp:attachment":[{"href":"https:\/\/saaris.de\/fr\/wp-json\/wp\/v2\/media?parent=44305"}],"curies":[{"name":"wp","href":"https:\/\/api.w.org\/{rel}","templated":true}]}}