{"id":44288,"date":"2021-05-11T11:27:02","date_gmt":"2021-05-11T09:27:02","guid":{"rendered":"https:\/\/saaris.de\/?page_id=44288"},"modified":"2026-03-12T14:00:44","modified_gmt":"2026-03-12T13:00:44","slug":"standortmarketing","status":"publish","type":"page","link":"https:\/\/saaris.de\/fr\/leistungen\/standortmarketing\/","title":{"rendered":"Marketing r\u00e9gional"},"content":{"rendered":"\t\t<div data-elementor-type=\"wp-page\" data-elementor-id=\"44288\" class=\"elementor elementor-44288 elementor-1308\" data-elementor-post-type=\"page\">\n\t\t\t\t\t\t<section class=\"elementor-section elementor-top-section elementor-element elementor-element-4323ec9 elementor-section-boxed elementor-section-height-default elementor-section-height-default\" data-id=\"4323ec9\" data-element_type=\"section\" data-e-type=\"section\">\n\t\t\t\t\t\t<div class=\"elementor-container elementor-column-gap-default\">\n\t\t\t\t\t<div class=\"elementor-column elementor-col-100 elementor-top-column elementor-element elementor-element-b168d9b\" data-id=\"b168d9b\" data-element_type=\"column\" data-e-type=\"column\">\n\t\t\t<div class=\"elementor-widget-wrap elementor-element-populated\">\n\t\t\t\t\t\t<div class=\"elementor-element elementor-element-481f96a elementor-widget elementor-widget-spacer\" data-id=\"481f96a\" data-element_type=\"widget\" data-e-type=\"widget\" data-widget_type=\"spacer.default\">\n\t\t\t\t<div class=\"elementor-widget-container\">\n\t\t\t\t\t\t\t<div class=\"elementor-spacer\">\n\t\t\t<div class=\"elementor-spacer-inner\"><\/div>\n\t\t<\/div>\n\t\t\t\t\t\t<\/div>\n\t\t\t\t<\/div>\n\t\t\t\t\t<\/div>\n\t\t<\/div>\n\t\t\t\t\t<\/div>\n\t\t<\/section>\n\t\t\t\t<section class=\"elementor-section elementor-top-section elementor-element elementor-element-0c71aa0 elementor-section-boxed elementor-section-height-default elementor-section-height-default\" data-id=\"0c71aa0\" data-element_type=\"section\" data-e-type=\"section\">\n\t\t\t\t\t\t<div class=\"elementor-container elementor-column-gap-default\">\n\t\t\t\t\t<div class=\"elementor-column elementor-col-66 elementor-top-column elementor-element elementor-element-20dad25\" data-id=\"20dad25\" data-element_type=\"column\" data-e-type=\"column\">\n\t\t\t<div class=\"elementor-widget-wrap elementor-element-populated\">\n\t\t\t\t\t\t<div class=\"elementor-element elementor-element-8445325 elementor-widget elementor-widget-text-editor\" data-id=\"8445325\" data-element_type=\"widget\" data-e-type=\"widget\" data-widget_type=\"text-editor.default\">\n\t\t\t\t<div class=\"elementor-widget-container\">\n\t\t\t\t\t\t\t\t\t<p>Entre 2014 et 2024, saaris \u00e9tait responsable du marketing de la Sarre et soutenait la strat\u00e9gie d&#8217;implantation du gouvernement r\u00e9gional \u00e0 travers de nombreuses mesures et offres.<\/p><p>Depuis janvier 2025, le marketing de la Sarre, avec son credo central \u00ab Les grandes choses naissent toujours dans les petites \u00bb et sa marque phare \u00ab Germany&#8217;s Hidden Champion \u00bb, est bas\u00e9 \u00e0 la Chancellerie d&#8217;\u00c9tat de la Sarre, o\u00f9 il continue \u00e0 exploiter toute la gamme du marketing moderne de la r\u00e9gion, tant au niveau r\u00e9gional que suprar\u00e9gional et international.<\/p><p>\u00a0<\/p>\t\t\t\t\t\t\t\t<\/div>\n\t\t\t\t<\/div>\n\t\t\t\t\t<\/div>\n\t\t<\/div>\n\t\t\t\t<div class=\"elementor-column elementor-col-33 elementor-top-column elementor-element elementor-element-6590dc9\" data-id=\"6590dc9\" data-element_type=\"column\" data-e-type=\"column\">\n\t\t\t<div class=\"elementor-widget-wrap elementor-element-populated\">\n\t\t\t\t\t\t<div class=\"elementor-element elementor-element-e4ca744 elementor-widget elementor-widget-image\" data-id=\"e4ca744\" data-element_type=\"widget\" data-e-type=\"widget\" data-widget_type=\"image.default\">\n\t\t\t\t<div class=\"elementor-widget-container\">\n\t\t\t\t\t\t\t\t\t\t\t\t\t\t\t<img fetchpriority=\"high\" decoding=\"async\" width=\"1024\" height=\"576\" src=\"https:\/\/saaris.de\/wp-content\/uploads\/2022\/06\/WOHLFUEHLEN_1920x1080-1024x576.jpg\" class=\"attachment-large size-large wp-image-36272\" alt=\"\" srcset=\"https:\/\/saaris.de\/wp-content\/uploads\/2022\/06\/WOHLFUEHLEN_1920x1080-1024x576.jpg 1024w, https:\/\/saaris.de\/wp-content\/uploads\/2022\/06\/WOHLFUEHLEN_1920x1080-300x169.jpg 300w, https:\/\/saaris.de\/wp-content\/uploads\/2022\/06\/WOHLFUEHLEN_1920x1080-768x432.jpg 768w, https:\/\/saaris.de\/wp-content\/uploads\/2022\/06\/WOHLFUEHLEN_1920x1080-1536x864.jpg 1536w, https:\/\/saaris.de\/wp-content\/uploads\/2022\/06\/WOHLFUEHLEN_1920x1080.jpg 1920w\" sizes=\"(max-width: 1024px) 100vw, 1024px\" \/>\t\t\t\t\t\t\t\t\t\t\t\t\t\t\t<\/div>\n\t\t\t\t<\/div>\n\t\t\t\t\t<\/div>\n\t\t<\/div>\n\t\t\t\t\t<\/div>\n\t\t<\/section>\n\t\t\t\t<section class=\"elementor-section elementor-top-section elementor-element elementor-element-38854d8 elementor-section-boxed elementor-section-height-default elementor-section-height-default\" data-id=\"38854d8\" data-element_type=\"section\" data-e-type=\"section\">\n\t\t\t\t\t\t<div class=\"elementor-container elementor-column-gap-default\">\n\t\t\t\t\t<div class=\"elementor-column elementor-col-100 elementor-top-column elementor-element elementor-element-beeb032\" data-id=\"beeb032\" data-element_type=\"column\" data-e-type=\"column\">\n\t\t\t<div class=\"elementor-widget-wrap elementor-element-populated\">\n\t\t\t\t\t\t<div class=\"elementor-element elementor-element-60c4565 elementor-widget elementor-widget-spacer\" data-id=\"60c4565\" data-element_type=\"widget\" data-e-type=\"widget\" data-widget_type=\"spacer.default\">\n\t\t\t\t<div class=\"elementor-widget-container\">\n\t\t\t\t\t\t\t<div class=\"elementor-spacer\">\n\t\t\t<div class=\"elementor-spacer-inner\"><\/div>\n\t\t<\/div>\n\t\t\t\t\t\t<\/div>\n\t\t\t\t<\/div>\n\t\t\t\t\t<\/div>\n\t\t<\/div>\n\t\t\t\t\t<\/div>\n\t\t<\/section>\n\t\t\t\t<section class=\"elementor-section elementor-top-section elementor-element elementor-element-97d1cc6 elementor-section-boxed elementor-section-height-default elementor-section-height-default\" data-id=\"97d1cc6\" data-element_type=\"section\" data-e-type=\"section\">\n\t\t\t\t\t\t<div class=\"elementor-container elementor-column-gap-default\">\n\t\t\t\t\t<div class=\"elementor-column elementor-col-100 elementor-top-column elementor-element elementor-element-ca8c380\" data-id=\"ca8c380\" data-element_type=\"column\" data-e-type=\"column\">\n\t\t\t<div class=\"elementor-widget-wrap elementor-element-populated\">\n\t\t\t\t\t\t<div class=\"elementor-element elementor-element-f70f9e1 elementor-widget elementor-widget-heading\" data-id=\"f70f9e1\" data-element_type=\"widget\" data-e-type=\"widget\" data-widget_type=\"heading.default\">\n\t\t\t\t<div class=\"elementor-widget-container\">\n\t\t\t\t\t<h2 class=\"elementor-heading-title elementor-size-default\">Contact et informations compl\u00e9mentaires<\/h2>\t\t\t\t<\/div>\n\t\t\t\t<\/div>\n\t\t\t\t<div class=\"elementor-element elementor-element-30f8db1 elementor-widget elementor-widget-text-editor\" data-id=\"30f8db1\" data-element_type=\"widget\" data-e-type=\"widget\" data-widget_type=\"text-editor.default\">\n\t\t\t\t<div class=\"elementor-widget-container\">\n\t\t\t\t\t\t\t\t\t<p><span data-olk-copy-source=\"MessageBody\">Staatskanzlei des Saarlandes<br \/><\/span>Referat B\/7 Saarland-Marketing<br \/>Am Ludwigsplatz 14<br \/>66117 Saarbr\u00fccken<br \/><br \/>Tel.: 0681 501 00<br \/>E-Mail:\u00a0<a title=\"mailto:Saarland-Marketing@staatskanzlei.saarland.de\" href=\"mailto:Saarland-Marketing@staatskanzlei.saarland.de\" data-linkindex=\"1\">Saarland-Marketing@staatskanzlei.saarland.de<\/a><br \/>Internet: <a href=\"https:\/\/willkommen.saarland\/\" target=\"_blank\" rel=\"noopener\">willkommen.saarland<\/a><\/p>\t\t\t\t\t\t\t\t<\/div>\n\t\t\t\t<\/div>\n\t\t\t\t\t<\/div>\n\t\t<\/div>\n\t\t\t\t\t<\/div>\n\t\t<\/section>\n\t\t\t\t<section class=\"elementor-section elementor-top-section elementor-element elementor-element-31c9779 elementor-section-boxed elementor-section-height-default elementor-section-height-default\" data-id=\"31c9779\" data-element_type=\"section\" data-e-type=\"section\">\n\t\t\t\t\t\t<div class=\"elementor-container elementor-column-gap-default\">\n\t\t\t\t\t<div class=\"elementor-column elementor-col-100 elementor-top-column elementor-element elementor-element-4646457\" data-id=\"4646457\" data-element_type=\"column\" data-e-type=\"column\">\n\t\t\t<div class=\"elementor-widget-wrap elementor-element-populated\">\n\t\t\t\t\t\t<div class=\"elementor-element elementor-element-8dd2c26 elementor-widget elementor-widget-spacer\" data-id=\"8dd2c26\" data-element_type=\"widget\" data-e-type=\"widget\" data-widget_type=\"spacer.default\">\n\t\t\t\t<div class=\"elementor-widget-container\">\n\t\t\t\t\t\t\t<div class=\"elementor-spacer\">\n\t\t\t<div class=\"elementor-spacer-inner\"><\/div>\n\t\t<\/div>\n\t\t\t\t\t\t<\/div>\n\t\t\t\t<\/div>\n\t\t\t\t\t<\/div>\n\t\t<\/div>\n\t\t\t\t\t<\/div>\n\t\t<\/section>\n\t\t\t\t<\/div>\n\t\t","protected":false},"excerpt":{"rendered":"<p>Entre 2014 et 2024, saaris \u00e9tait responsable du marketing de la Sarre et soutenait la strat\u00e9gie d&#8217;implantation du gouvernement r\u00e9gional [&hellip;]<\/p>\n","protected":false},"author":60,"featured_media":33742,"parent":44337,"menu_order":4,"comment_status":"closed","ping_status":"closed","template":"","meta":{"_acf_changed":false,"footnotes":""},"class_list":["post-44288","page","type-page","status-publish","has-post-thumbnail","hentry"],"acf":[],"yoast_head":"<!-- This site is optimized with the Yoast SEO plugin v27.3 - https:\/\/yoast.com\/product\/yoast-seo-wordpress\/ -->\n<title>Marketing r\u00e9gional<\/title>\n<meta name=\"robots\" content=\"index, follow, max-snippet:-1, max-image-preview:large, max-video-preview:-1\" \/>\n<link rel=\"canonical\" href=\"https:\/\/saaris.de\/fr\/leistungen\/standortmarketing\/\" \/>\n<meta property=\"og:locale\" content=\"fr_FR\" \/>\n<meta property=\"og:type\" content=\"article\" \/>\n<meta property=\"og:title\" content=\"Marketing r\u00e9gional\" \/>\n<meta property=\"og:description\" content=\"Entre 2014 et 2024, saaris \u00e9tait responsable du marketing de la Sarre et soutenait la strat\u00e9gie d&#8217;implantation du gouvernement r\u00e9gional [&hellip;]\" \/>\n<meta property=\"og:url\" content=\"https:\/\/saaris.de\/fr\/leistungen\/standortmarketing\/\" \/>\n<meta property=\"og:site_name\" content=\"saaris\" \/>\n<meta property=\"article:publisher\" content=\"https:\/\/www.facebook.com\/saaris\" \/>\n<meta property=\"article:modified_time\" content=\"2026-03-12T13:00:44+00:00\" \/>\n<meta property=\"og:image\" content=\"https:\/\/saaris.de\/wp-content\/uploads\/2022\/03\/AdobeStock_123127663_Standort_Kachel.jpeg\" \/>\n\t<meta property=\"og:image:width\" content=\"400\" \/>\n\t<meta property=\"og:image:height\" content=\"300\" \/>\n\t<meta property=\"og:image:type\" content=\"image\/jpeg\" \/>\n<meta name=\"twitter:card\" content=\"summary_large_image\" \/>\n<meta name=\"twitter:site\" content=\"@saaris_ikt\" \/>\n<meta name=\"twitter:label1\" content=\"Dur\u00e9e de lecture estim\u00e9e\" \/>\n\t<meta name=\"twitter:data1\" content=\"1 minute\" \/>\n<script type=\"application\/ld+json\" class=\"yoast-schema-graph\">{\"@context\":\"https:\\\/\\\/schema.org\",\"@graph\":[{\"@type\":\"WebPage\",\"@id\":\"https:\\\/\\\/saaris.de\\\/fr\\\/leistungen\\\/standortmarketing\\\/\",\"url\":\"https:\\\/\\\/saaris.de\\\/fr\\\/leistungen\\\/standortmarketing\\\/\",\"name\":\"Marketing r\u00e9gional\",\"isPartOf\":{\"@id\":\"https:\\\/\\\/saaris.de\\\/fr\\\/#website\"},\"primaryImageOfPage\":{\"@id\":\"https:\\\/\\\/saaris.de\\\/fr\\\/leistungen\\\/standortmarketing\\\/#primaryimage\"},\"image\":{\"@id\":\"https:\\\/\\\/saaris.de\\\/fr\\\/leistungen\\\/standortmarketing\\\/#primaryimage\"},\"thumbnailUrl\":\"https:\\\/\\\/saaris.de\\\/wp-content\\\/uploads\\\/2022\\\/03\\\/AdobeStock_123127663_Standort_Kachel.jpeg\",\"datePublished\":\"2021-05-11T09:27:02+00:00\",\"dateModified\":\"2026-03-12T13:00:44+00:00\",\"breadcrumb\":{\"@id\":\"https:\\\/\\\/saaris.de\\\/fr\\\/leistungen\\\/standortmarketing\\\/#breadcrumb\"},\"inLanguage\":\"fr-FR\",\"potentialAction\":[{\"@type\":\"ReadAction\",\"target\":[\"https:\\\/\\\/saaris.de\\\/fr\\\/leistungen\\\/standortmarketing\\\/\"]}]},{\"@type\":\"ImageObject\",\"inLanguage\":\"fr-FR\",\"@id\":\"https:\\\/\\\/saaris.de\\\/fr\\\/leistungen\\\/standortmarketing\\\/#primaryimage\",\"url\":\"https:\\\/\\\/saaris.de\\\/wp-content\\\/uploads\\\/2022\\\/03\\\/AdobeStock_123127663_Standort_Kachel.jpeg\",\"contentUrl\":\"https:\\\/\\\/saaris.de\\\/wp-content\\\/uploads\\\/2022\\\/03\\\/AdobeStock_123127663_Standort_Kachel.jpeg\",\"width\":400,\"height\":300},{\"@type\":\"BreadcrumbList\",\"@id\":\"https:\\\/\\\/saaris.de\\\/fr\\\/leistungen\\\/standortmarketing\\\/#breadcrumb\",\"itemListElement\":[{\"@type\":\"ListItem\",\"position\":1,\"name\":\"Home\",\"item\":\"https:\\\/\\\/saaris.de\\\/fr\\\/\"},{\"@type\":\"ListItem\",\"position\":2,\"name\":\"Services\",\"item\":\"https:\\\/\\\/saaris.de\\\/fr\\\/leistungen\\\/\"},{\"@type\":\"ListItem\",\"position\":3,\"name\":\"Marketing r\u00e9gional\"}]},{\"@type\":\"WebSite\",\"@id\":\"https:\\\/\\\/saaris.de\\\/fr\\\/#website\",\"url\":\"https:\\\/\\\/saaris.de\\\/fr\\\/\",\"name\":\"saaris\",\"description\":\"saarland.innovation&amp;standort e. V.\",\"publisher\":{\"@id\":\"https:\\\/\\\/saaris.de\\\/fr\\\/#organization\"},\"potentialAction\":[{\"@type\":\"SearchAction\",\"target\":{\"@type\":\"EntryPoint\",\"urlTemplate\":\"https:\\\/\\\/saaris.de\\\/fr\\\/?s={search_term_string}\"},\"query-input\":{\"@type\":\"PropertyValueSpecification\",\"valueRequired\":true,\"valueName\":\"search_term_string\"}}],\"inLanguage\":\"fr-FR\"},{\"@type\":\"Organization\",\"@id\":\"https:\\\/\\\/saaris.de\\\/fr\\\/#organization\",\"name\":\"saaris\",\"url\":\"https:\\\/\\\/saaris.de\\\/fr\\\/\",\"logo\":{\"@type\":\"ImageObject\",\"inLanguage\":\"fr-FR\",\"@id\":\"https:\\\/\\\/saaris.de\\\/fr\\\/#\\\/schema\\\/logo\\\/image\\\/\",\"url\":\"https:\\\/\\\/saaris.de\\\/wp-content\\\/uploads\\\/2022\\\/03\\\/saaris-logo-footer.jpg\",\"contentUrl\":\"https:\\\/\\\/saaris.de\\\/wp-content\\\/uploads\\\/2022\\\/03\\\/saaris-logo-footer.jpg\",\"width\":175,\"height\":80,\"caption\":\"saaris\"},\"image\":{\"@id\":\"https:\\\/\\\/saaris.de\\\/fr\\\/#\\\/schema\\\/logo\\\/image\\\/\"},\"sameAs\":[\"https:\\\/\\\/www.facebook.com\\\/saaris\",\"https:\\\/\\\/x.com\\\/saaris_ikt\"]}]}<\/script>\n<!-- \/ Yoast SEO plugin. -->","yoast_head_json":{"title":"Marketing r\u00e9gional","robots":{"index":"index","follow":"follow","max-snippet":"max-snippet:-1","max-image-preview":"max-image-preview:large","max-video-preview":"max-video-preview:-1"},"canonical":"https:\/\/saaris.de\/fr\/leistungen\/standortmarketing\/","og_locale":"fr_FR","og_type":"article","og_title":"Marketing r\u00e9gional","og_description":"Entre 2014 et 2024, saaris \u00e9tait responsable du marketing de la Sarre et soutenait la strat\u00e9gie d&#8217;implantation du gouvernement r\u00e9gional [&hellip;]","og_url":"https:\/\/saaris.de\/fr\/leistungen\/standortmarketing\/","og_site_name":"saaris","article_publisher":"https:\/\/www.facebook.com\/saaris","article_modified_time":"2026-03-12T13:00:44+00:00","og_image":[{"width":400,"height":300,"url":"https:\/\/saaris.de\/wp-content\/uploads\/2022\/03\/AdobeStock_123127663_Standort_Kachel.jpeg","type":"image\/jpeg"}],"twitter_card":"summary_large_image","twitter_site":"@saaris_ikt","twitter_misc":{"Dur\u00e9e de lecture estim\u00e9e":"1 minute"},"schema":{"@context":"https:\/\/schema.org","@graph":[{"@type":"WebPage","@id":"https:\/\/saaris.de\/fr\/leistungen\/standortmarketing\/","url":"https:\/\/saaris.de\/fr\/leistungen\/standortmarketing\/","name":"Marketing r\u00e9gional","isPartOf":{"@id":"https:\/\/saaris.de\/fr\/#website"},"primaryImageOfPage":{"@id":"https:\/\/saaris.de\/fr\/leistungen\/standortmarketing\/#primaryimage"},"image":{"@id":"https:\/\/saaris.de\/fr\/leistungen\/standortmarketing\/#primaryimage"},"thumbnailUrl":"https:\/\/saaris.de\/wp-content\/uploads\/2022\/03\/AdobeStock_123127663_Standort_Kachel.jpeg","datePublished":"2021-05-11T09:27:02+00:00","dateModified":"2026-03-12T13:00:44+00:00","breadcrumb":{"@id":"https:\/\/saaris.de\/fr\/leistungen\/standortmarketing\/#breadcrumb"},"inLanguage":"fr-FR","potentialAction":[{"@type":"ReadAction","target":["https:\/\/saaris.de\/fr\/leistungen\/standortmarketing\/"]}]},{"@type":"ImageObject","inLanguage":"fr-FR","@id":"https:\/\/saaris.de\/fr\/leistungen\/standortmarketing\/#primaryimage","url":"https:\/\/saaris.de\/wp-content\/uploads\/2022\/03\/AdobeStock_123127663_Standort_Kachel.jpeg","contentUrl":"https:\/\/saaris.de\/wp-content\/uploads\/2022\/03\/AdobeStock_123127663_Standort_Kachel.jpeg","width":400,"height":300},{"@type":"BreadcrumbList","@id":"https:\/\/saaris.de\/fr\/leistungen\/standortmarketing\/#breadcrumb","itemListElement":[{"@type":"ListItem","position":1,"name":"Home","item":"https:\/\/saaris.de\/fr\/"},{"@type":"ListItem","position":2,"name":"Services","item":"https:\/\/saaris.de\/fr\/leistungen\/"},{"@type":"ListItem","position":3,"name":"Marketing r\u00e9gional"}]},{"@type":"WebSite","@id":"https:\/\/saaris.de\/fr\/#website","url":"https:\/\/saaris.de\/fr\/","name":"saaris","description":"saarland.innovation&amp;standort e. V.","publisher":{"@id":"https:\/\/saaris.de\/fr\/#organization"},"potentialAction":[{"@type":"SearchAction","target":{"@type":"EntryPoint","urlTemplate":"https:\/\/saaris.de\/fr\/?s={search_term_string}"},"query-input":{"@type":"PropertyValueSpecification","valueRequired":true,"valueName":"search_term_string"}}],"inLanguage":"fr-FR"},{"@type":"Organization","@id":"https:\/\/saaris.de\/fr\/#organization","name":"saaris","url":"https:\/\/saaris.de\/fr\/","logo":{"@type":"ImageObject","inLanguage":"fr-FR","@id":"https:\/\/saaris.de\/fr\/#\/schema\/logo\/image\/","url":"https:\/\/saaris.de\/wp-content\/uploads\/2022\/03\/saaris-logo-footer.jpg","contentUrl":"https:\/\/saaris.de\/wp-content\/uploads\/2022\/03\/saaris-logo-footer.jpg","width":175,"height":80,"caption":"saaris"},"image":{"@id":"https:\/\/saaris.de\/fr\/#\/schema\/logo\/image\/"},"sameAs":["https:\/\/www.facebook.com\/saaris","https:\/\/x.com\/saaris_ikt"]}]}},"publishpress_future_workflow_manual_trigger":{"enabledWorkflows":[]},"_links":{"self":[{"href":"https:\/\/saaris.de\/fr\/wp-json\/wp\/v2\/pages\/44288","targetHints":{"allow":["GET"]}}],"collection":[{"href":"https:\/\/saaris.de\/fr\/wp-json\/wp\/v2\/pages"}],"about":[{"href":"https:\/\/saaris.de\/fr\/wp-json\/wp\/v2\/types\/page"}],"author":[{"embeddable":true,"href":"https:\/\/saaris.de\/fr\/wp-json\/wp\/v2\/users\/60"}],"replies":[{"embeddable":true,"href":"https:\/\/saaris.de\/fr\/wp-json\/wp\/v2\/comments?post=44288"}],"version-history":[{"count":39,"href":"https:\/\/saaris.de\/fr\/wp-json\/wp\/v2\/pages\/44288\/revisions"}],"predecessor-version":[{"id":70135,"href":"https:\/\/saaris.de\/fr\/wp-json\/wp\/v2\/pages\/44288\/revisions\/70135"}],"up":[{"embeddable":true,"href":"https:\/\/saaris.de\/fr\/wp-json\/wp\/v2\/pages\/44337"}],"wp:featuredmedia":[{"embeddable":true,"href":"https:\/\/saaris.de\/fr\/wp-json\/wp\/v2\/media\/33742"}],"wp:attachment":[{"href":"https:\/\/saaris.de\/fr\/wp-json\/wp\/v2\/media?parent=44288"}],"curies":[{"name":"wp","href":"https:\/\/api.w.org\/{rel}","templated":true}]}}