{"id":43383,"date":"2021-05-12T11:11:15","date_gmt":"2021-05-12T09:11:15","guid":{"rendered":"https:\/\/saaris.de\/?page_id=43383"},"modified":"2023-06-22T10:10:53","modified_gmt":"2023-06-22T08:10:53","slug":"kontakt","status":"publish","type":"page","link":"https:\/\/saaris.de\/fr\/kontakt\/","title":{"rendered":"Contacts"},"content":{"rendered":"\t\t<div data-elementor-type=\"wp-page\" data-elementor-id=\"43383\" class=\"elementor elementor-43383 elementor-1503\" data-elementor-post-type=\"page\">\n\t\t\t\t\t\t<section class=\"elementor-section elementor-top-section elementor-element elementor-element-0a60822 elementor-section-boxed elementor-section-height-default elementor-section-height-default\" data-id=\"0a60822\" data-element_type=\"section\" data-e-type=\"section\">\n\t\t\t\t\t\t<div class=\"elementor-container elementor-column-gap-default\">\n\t\t\t\t\t<div class=\"elementor-column elementor-col-100 elementor-top-column elementor-element elementor-element-9a8772c\" data-id=\"9a8772c\" data-element_type=\"column\" data-e-type=\"column\">\n\t\t\t<div class=\"elementor-widget-wrap elementor-element-populated\">\n\t\t\t\t\t\t<div class=\"elementor-element elementor-element-173ce0d elementor-widget elementor-widget-spacer\" data-id=\"173ce0d\" data-element_type=\"widget\" data-e-type=\"widget\" data-widget_type=\"spacer.default\">\n\t\t\t\t<div class=\"elementor-widget-container\">\n\t\t\t\t\t\t\t<div class=\"elementor-spacer\">\n\t\t\t<div class=\"elementor-spacer-inner\"><\/div>\n\t\t<\/div>\n\t\t\t\t\t\t<\/div>\n\t\t\t\t<\/div>\n\t\t\t\t<div class=\"elementor-element elementor-element-4c92b5b elementor-widget elementor-widget-heading\" data-id=\"4c92b5b\" data-element_type=\"widget\" data-e-type=\"widget\" data-widget_type=\"heading.default\">\n\t\t\t\t<div class=\"elementor-widget-container\">\n\t\t\t\t\t<h2 class=\"elementor-heading-title elementor-size-default\"><font style=\"vertical-align: inherit\"><font style=\"vertical-align: inherit\">Vous souhaitez nous poser une question\u00a0? Nous vous r\u00e9pondons avec plaisir<\/font><\/font><font style=\"vertical-align: inherit\"><font style=\"vertical-align: inherit\">!<\/font><\/font><\/h2>\t\t\t\t<\/div>\n\t\t\t\t<\/div>\n\t\t\t\t\t<\/div>\n\t\t<\/div>\n\t\t\t\t\t<\/div>\n\t\t<\/section>\n\t\t\t\t<section class=\"elementor-section elementor-top-section elementor-element elementor-element-a1f194a elementor-section-boxed elementor-section-height-default elementor-section-height-default\" data-id=\"a1f194a\" data-element_type=\"section\" data-e-type=\"section\">\n\t\t\t\t\t\t<div class=\"elementor-container elementor-column-gap-default\">\n\t\t\t\t\t<div class=\"elementor-column elementor-col-66 elementor-top-column elementor-element elementor-element-5fd48ef\" data-id=\"5fd48ef\" data-element_type=\"column\" data-e-type=\"column\">\n\t\t\t<div class=\"elementor-widget-wrap elementor-element-populated\">\n\t\t\t\t\t\t<div class=\"elementor-element elementor-element-b4373f8 elementor-widget elementor-widget-wpforms\" data-id=\"b4373f8\" data-element_type=\"widget\" data-e-type=\"widget\" data-widget_type=\"wpforms.default\">\n\t\t\t\t<div class=\"elementor-widget-container\">\n\t\t\t\t\t<div class=\"wpforms-container \" id=\"wpforms-44897\"><form id=\"wpforms-form-44897\" class=\"wpforms-validate wpforms-form wpforms-ajax-form\" data-formid=\"44897\" method=\"post\" enctype=\"multipart\/form-data\" action=\"\/fr\/wp-json\/wp\/v2\/pages\/43383\" data-token=\"6ec3873b3e287c9cc5708e11db3b0f58\" data-token-time=\"1776424843\"><noscript class=\"wpforms-error-noscript\">Veuillez activer JavaScript dans votre navigateur pour remplir ce formulaire.<\/noscript><div class=\"wpforms-field-container\"><div id=\"wpforms-44897-field_3-container\" class=\"wpforms-field wpforms-field-text\" data-field-id=\"3\"><label class=\"wpforms-field-label\" for=\"wpforms-44897-field_3\">Entreprise\/Institut<\/label><input type=\"text\" id=\"wpforms-44897-field_3\" class=\"wpforms-field-large\" name=\"wpforms[fields][3]\" ><\/div><div id=\"wpforms-44897-field_2-container\" class=\"wpforms-field wpforms-field-select wpforms-field-select-style-classic\" data-field-id=\"2\"><label class=\"wpforms-field-label\" for=\"wpforms-44897-field_2\">Demande<\/label><select id=\"wpforms-44897-field_2\" class=\"wpforms-field-large\" name=\"wpforms[fields][2]\"><option value=\"Madame\"  class=\"choice-1 depth-1\"  >Madame<\/option><option value=\"Monsieur\"  class=\"choice-2 depth-1\"  >Monsieur<\/option><\/select><\/div><div id=\"wpforms-44897-field_4-container\" class=\"wpforms-field wpforms-field-name\" data-field-id=\"4\"><label class=\"wpforms-field-label\" for=\"wpforms-44897-field_4\">Nom <span class=\"wpforms-required-label\">*<\/span><\/label><div class=\"wpforms-field-row wpforms-field-large\"><div class=\"wpforms-field-row-block wpforms-first wpforms-one-half\"><input type=\"text\" id=\"wpforms-44897-field_4\" class=\"wpforms-field-name-first wpforms-field-required\" name=\"wpforms[fields][4][first]\" placeholder=\"Pr\u00e9nom\" required><label for=\"wpforms-44897-field_4\" class=\"wpforms-field-sublabel after wpforms-sublabel-hide\">Pr\u00e9nom<\/label><\/div><div class=\"wpforms-field-row-block wpforms-one-half\"><input type=\"text\" id=\"wpforms-44897-field_4-last\" class=\"wpforms-field-name-last wpforms-field-required\" name=\"wpforms[fields][4][last]\" placeholder=\"Nom\" required><label for=\"wpforms-44897-field_4-last\" class=\"wpforms-field-sublabel after wpforms-sublabel-hide\">Nom<\/label><\/div><\/div><\/div><div id=\"wpforms-44897-field_5-container\" class=\"wpforms-field wpforms-field-text\" data-field-id=\"5\"><label class=\"wpforms-field-label\" for=\"wpforms-44897-field_5\">Fonction<\/label><input type=\"text\" id=\"wpforms-44897-field_5\" class=\"wpforms-field-large\" name=\"wpforms[fields][5]\" ><\/div><div id=\"wpforms-44897-field_6-container\" class=\"wpforms-field wpforms-field-email\" data-field-id=\"6\"><label class=\"wpforms-field-label\" for=\"wpforms-44897-field_6\">E-Mail <span class=\"wpforms-required-label\">*<\/span><\/label><input type=\"email\" id=\"wpforms-44897-field_6\" class=\"wpforms-field-large wpforms-field-required\" name=\"wpforms[fields][6]\" spellcheck=\"false\" required><\/div><div id=\"wpforms-44897-field_7-container\" class=\"wpforms-field wpforms-field-phone\" data-field-id=\"7\"><label class=\"wpforms-field-label\" for=\"wpforms-44897-field_7\">Num\u00e9ro de t\u00e9l\u00e9phone<\/label><input type=\"tel\" id=\"wpforms-44897-field_7\" class=\"wpforms-field-large wpforms-smart-phone-field\" data-rule-smart-phone-field=\"true\" name=\"wpforms[fields][7]\" aria-label=\"Num\u00e9ro de t\u00e9l\u00e9phone\" ><\/div><div id=\"wpforms-44897-field_8-container\" class=\"wpforms-field wpforms-field-textarea\" data-field-id=\"8\"><label class=\"wpforms-field-label\" for=\"wpforms-44897-field_8\">Message<\/label><textarea id=\"wpforms-44897-field_8\" class=\"wpforms-field-large\" name=\"wpforms[fields][8]\" ><\/textarea><\/div><div id=\"wpforms-44897-field_10-container\" class=\"wpforms-field wpforms-field-checkbox\" data-field-id=\"10\"><label class=\"wpforms-field-label\">Protection des donn\u00e9es <span class=\"wpforms-required-label\">*<\/span><\/label><ul id=\"wpforms-44897-field_10\" class=\"wpforms-field-required\"><li class=\"choice-1 depth-1\"><input type=\"checkbox\" id=\"wpforms-44897-field_10_1\" name=\"wpforms[fields][10][]\" value=\"J&#039;ai lu, compris et j&#039;accepte la Politique de confidentialit\u00e9.\" required ><label class=\"wpforms-field-label-inline\" for=\"wpforms-44897-field_10_1\">J'ai lu, compris et j'accepte la Politique de confidentialit\u00e9.<\/label><\/li><\/ul><div class=\"wpforms-field-description\"><a href=\"https:\/\/saaris.de\/datenschutzerklaerung\/\">Consulter ici les informations relatives \u00e0 la protection des donn\u00e9es<\/a><\/div><\/div><\/div><!-- .wpforms-field-container --><div class=\"wpforms-submit-container\" ><input type=\"hidden\" name=\"wpforms[id]\" value=\"44897\"><input type=\"hidden\" name=\"page_title\" value=\"\"><input type=\"hidden\" name=\"page_url\" value=\"https:\/\/saaris.de\/fr\/wp-json\/wp\/v2\/pages\/43383\"><input type=\"hidden\" name=\"url_referer\" value=\"\"><div class=\"frc-captcha \" data-sitekey=\"FCMGDMKUNMFMSP5S\" data-lang=\"fr\" data-puzzle-endpoint=\"https:\/\/eu-api.friendlycaptcha.eu\/api\/v1\/puzzle\"><\/div>\n\t\t<noscript>You need to enable Javascript for the anti-spam check.<\/noscript><button type=\"submit\" name=\"wpforms[submit]\" id=\"wpforms-submit-44897\" class=\"wpforms-submit\" data-alt-text=\"Sending...\" data-submit-text=\"Envoyer\" aria-live=\"assertive\" value=\"wpforms-submit\">Envoyer<\/button><img decoding=\"async\" src=\"https:\/\/saaris.de\/wp-content\/plugins\/wpforms\/assets\/images\/submit-spin.svg\" class=\"wpforms-submit-spinner\" style=\"display: none;\" width=\"26\" height=\"26\" alt=\"Chargement en cours\"><\/div><\/form><\/div>  <!-- .wpforms-container -->\t\t\t\t<\/div>\n\t\t\t\t<\/div>\n\t\t\t\t\t<\/div>\n\t\t<\/div>\n\t\t\t\t<div class=\"elementor-column elementor-col-33 elementor-top-column elementor-element elementor-element-7bc56f0\" data-id=\"7bc56f0\" data-element_type=\"column\" data-e-type=\"column\">\n\t\t\t<div class=\"elementor-widget-wrap\">\n\t\t\t\t\t\t\t<\/div>\n\t\t<\/div>\n\t\t\t\t\t<\/div>\n\t\t<\/section>\n\t\t\t\t<\/div>\n\t\t","protected":false},"excerpt":{"rendered":"<p>Vous souhaitez nous poser une question\u00a0? Nous vous r\u00e9pondons avec plaisir!<\/p>\n","protected":false},"author":61,"featured_media":17254,"parent":0,"menu_order":24,"comment_status":"closed","ping_status":"closed","template":"","meta":{"_acf_changed":false,"footnotes":""},"class_list":["post-43383","page","type-page","status-publish","has-post-thumbnail","hentry"],"acf":[],"yoast_head":"<!-- This site is optimized with the Yoast SEO plugin v27.3 - https:\/\/yoast.com\/product\/yoast-seo-wordpress\/ -->\n<title>Contacts<\/title>\n<meta name=\"robots\" content=\"index, follow, max-snippet:-1, max-image-preview:large, max-video-preview:-1\" \/>\n<link rel=\"canonical\" href=\"https:\/\/saaris.de\/fr\/kontakt\/\" \/>\n<meta property=\"og:locale\" content=\"fr_FR\" \/>\n<meta property=\"og:type\" content=\"article\" \/>\n<meta property=\"og:title\" content=\"Contacts\" \/>\n<meta property=\"og:description\" content=\"Vous souhaitez nous poser une question\u00a0? Nous vous r\u00e9pondons avec plaisir!\" \/>\n<meta property=\"og:url\" content=\"https:\/\/saaris.de\/fr\/kontakt\/\" \/>\n<meta property=\"og:site_name\" content=\"saaris\" \/>\n<meta property=\"article:publisher\" content=\"https:\/\/www.facebook.com\/saaris\" \/>\n<meta property=\"article:modified_time\" content=\"2023-06-22T08:10:53+00:00\" \/>\n<meta property=\"og:image\" content=\"https:\/\/saaris.de\/wp-content\/uploads\/2022\/03\/AdobeStock_300084357_Kundenorientierung_Kachel.png\" \/>\n\t<meta property=\"og:image:width\" content=\"400\" \/>\n\t<meta property=\"og:image:height\" content=\"300\" \/>\n\t<meta property=\"og:image:type\" content=\"image\/png\" \/>\n<meta name=\"twitter:card\" content=\"summary_large_image\" \/>\n<meta name=\"twitter:site\" content=\"@saaris_ikt\" \/>\n<script type=\"application\/ld+json\" class=\"yoast-schema-graph\">{\"@context\":\"https:\\\/\\\/schema.org\",\"@graph\":[{\"@type\":\"WebPage\",\"@id\":\"https:\\\/\\\/saaris.de\\\/fr\\\/kontakt\\\/\",\"url\":\"https:\\\/\\\/saaris.de\\\/fr\\\/kontakt\\\/\",\"name\":\"Contacts\",\"isPartOf\":{\"@id\":\"https:\\\/\\\/saaris.de\\\/fr\\\/#website\"},\"primaryImageOfPage\":{\"@id\":\"https:\\\/\\\/saaris.de\\\/fr\\\/kontakt\\\/#primaryimage\"},\"image\":{\"@id\":\"https:\\\/\\\/saaris.de\\\/fr\\\/kontakt\\\/#primaryimage\"},\"thumbnailUrl\":\"https:\\\/\\\/saaris.de\\\/wp-content\\\/uploads\\\/2022\\\/03\\\/AdobeStock_300084357_Kundenorientierung_Kachel.png\",\"datePublished\":\"2021-05-12T09:11:15+00:00\",\"dateModified\":\"2023-06-22T08:10:53+00:00\",\"breadcrumb\":{\"@id\":\"https:\\\/\\\/saaris.de\\\/fr\\\/kontakt\\\/#breadcrumb\"},\"inLanguage\":\"fr-FR\",\"potentialAction\":[{\"@type\":\"ReadAction\",\"target\":[\"https:\\\/\\\/saaris.de\\\/fr\\\/kontakt\\\/\"]}]},{\"@type\":\"ImageObject\",\"inLanguage\":\"fr-FR\",\"@id\":\"https:\\\/\\\/saaris.de\\\/fr\\\/kontakt\\\/#primaryimage\",\"url\":\"https:\\\/\\\/saaris.de\\\/wp-content\\\/uploads\\\/2022\\\/03\\\/AdobeStock_300084357_Kundenorientierung_Kachel.png\",\"contentUrl\":\"https:\\\/\\\/saaris.de\\\/wp-content\\\/uploads\\\/2022\\\/03\\\/AdobeStock_300084357_Kundenorientierung_Kachel.png\",\"width\":400,\"height\":300},{\"@type\":\"BreadcrumbList\",\"@id\":\"https:\\\/\\\/saaris.de\\\/fr\\\/kontakt\\\/#breadcrumb\",\"itemListElement\":[{\"@type\":\"ListItem\",\"position\":1,\"name\":\"Home\",\"item\":\"https:\\\/\\\/saaris.de\\\/fr\\\/\"},{\"@type\":\"ListItem\",\"position\":2,\"name\":\"Contacts\"}]},{\"@type\":\"WebSite\",\"@id\":\"https:\\\/\\\/saaris.de\\\/fr\\\/#website\",\"url\":\"https:\\\/\\\/saaris.de\\\/fr\\\/\",\"name\":\"saaris\",\"description\":\"saarland.innovation&amp;standort e. V.\",\"publisher\":{\"@id\":\"https:\\\/\\\/saaris.de\\\/fr\\\/#organization\"},\"potentialAction\":[{\"@type\":\"SearchAction\",\"target\":{\"@type\":\"EntryPoint\",\"urlTemplate\":\"https:\\\/\\\/saaris.de\\\/fr\\\/?s={search_term_string}\"},\"query-input\":{\"@type\":\"PropertyValueSpecification\",\"valueRequired\":true,\"valueName\":\"search_term_string\"}}],\"inLanguage\":\"fr-FR\"},{\"@type\":\"Organization\",\"@id\":\"https:\\\/\\\/saaris.de\\\/fr\\\/#organization\",\"name\":\"saaris\",\"url\":\"https:\\\/\\\/saaris.de\\\/fr\\\/\",\"logo\":{\"@type\":\"ImageObject\",\"inLanguage\":\"fr-FR\",\"@id\":\"https:\\\/\\\/saaris.de\\\/fr\\\/#\\\/schema\\\/logo\\\/image\\\/\",\"url\":\"https:\\\/\\\/saaris.de\\\/wp-content\\\/uploads\\\/2022\\\/03\\\/saaris-logo-footer.jpg\",\"contentUrl\":\"https:\\\/\\\/saaris.de\\\/wp-content\\\/uploads\\\/2022\\\/03\\\/saaris-logo-footer.jpg\",\"width\":175,\"height\":80,\"caption\":\"saaris\"},\"image\":{\"@id\":\"https:\\\/\\\/saaris.de\\\/fr\\\/#\\\/schema\\\/logo\\\/image\\\/\"},\"sameAs\":[\"https:\\\/\\\/www.facebook.com\\\/saaris\",\"https:\\\/\\\/x.com\\\/saaris_ikt\"]}]}<\/script>\n<!-- \/ Yoast SEO plugin. -->","yoast_head_json":{"title":"Contacts","robots":{"index":"index","follow":"follow","max-snippet":"max-snippet:-1","max-image-preview":"max-image-preview:large","max-video-preview":"max-video-preview:-1"},"canonical":"https:\/\/saaris.de\/fr\/kontakt\/","og_locale":"fr_FR","og_type":"article","og_title":"Contacts","og_description":"Vous souhaitez nous poser une question\u00a0? Nous vous r\u00e9pondons avec plaisir!","og_url":"https:\/\/saaris.de\/fr\/kontakt\/","og_site_name":"saaris","article_publisher":"https:\/\/www.facebook.com\/saaris","article_modified_time":"2023-06-22T08:10:53+00:00","og_image":[{"width":400,"height":300,"url":"https:\/\/saaris.de\/wp-content\/uploads\/2022\/03\/AdobeStock_300084357_Kundenorientierung_Kachel.png","type":"image\/png"}],"twitter_card":"summary_large_image","twitter_site":"@saaris_ikt","schema":{"@context":"https:\/\/schema.org","@graph":[{"@type":"WebPage","@id":"https:\/\/saaris.de\/fr\/kontakt\/","url":"https:\/\/saaris.de\/fr\/kontakt\/","name":"Contacts","isPartOf":{"@id":"https:\/\/saaris.de\/fr\/#website"},"primaryImageOfPage":{"@id":"https:\/\/saaris.de\/fr\/kontakt\/#primaryimage"},"image":{"@id":"https:\/\/saaris.de\/fr\/kontakt\/#primaryimage"},"thumbnailUrl":"https:\/\/saaris.de\/wp-content\/uploads\/2022\/03\/AdobeStock_300084357_Kundenorientierung_Kachel.png","datePublished":"2021-05-12T09:11:15+00:00","dateModified":"2023-06-22T08:10:53+00:00","breadcrumb":{"@id":"https:\/\/saaris.de\/fr\/kontakt\/#breadcrumb"},"inLanguage":"fr-FR","potentialAction":[{"@type":"ReadAction","target":["https:\/\/saaris.de\/fr\/kontakt\/"]}]},{"@type":"ImageObject","inLanguage":"fr-FR","@id":"https:\/\/saaris.de\/fr\/kontakt\/#primaryimage","url":"https:\/\/saaris.de\/wp-content\/uploads\/2022\/03\/AdobeStock_300084357_Kundenorientierung_Kachel.png","contentUrl":"https:\/\/saaris.de\/wp-content\/uploads\/2022\/03\/AdobeStock_300084357_Kundenorientierung_Kachel.png","width":400,"height":300},{"@type":"BreadcrumbList","@id":"https:\/\/saaris.de\/fr\/kontakt\/#breadcrumb","itemListElement":[{"@type":"ListItem","position":1,"name":"Home","item":"https:\/\/saaris.de\/fr\/"},{"@type":"ListItem","position":2,"name":"Contacts"}]},{"@type":"WebSite","@id":"https:\/\/saaris.de\/fr\/#website","url":"https:\/\/saaris.de\/fr\/","name":"saaris","description":"saarland.innovation&amp;standort e. V.","publisher":{"@id":"https:\/\/saaris.de\/fr\/#organization"},"potentialAction":[{"@type":"SearchAction","target":{"@type":"EntryPoint","urlTemplate":"https:\/\/saaris.de\/fr\/?s={search_term_string}"},"query-input":{"@type":"PropertyValueSpecification","valueRequired":true,"valueName":"search_term_string"}}],"inLanguage":"fr-FR"},{"@type":"Organization","@id":"https:\/\/saaris.de\/fr\/#organization","name":"saaris","url":"https:\/\/saaris.de\/fr\/","logo":{"@type":"ImageObject","inLanguage":"fr-FR","@id":"https:\/\/saaris.de\/fr\/#\/schema\/logo\/image\/","url":"https:\/\/saaris.de\/wp-content\/uploads\/2022\/03\/saaris-logo-footer.jpg","contentUrl":"https:\/\/saaris.de\/wp-content\/uploads\/2022\/03\/saaris-logo-footer.jpg","width":175,"height":80,"caption":"saaris"},"image":{"@id":"https:\/\/saaris.de\/fr\/#\/schema\/logo\/image\/"},"sameAs":["https:\/\/www.facebook.com\/saaris","https:\/\/x.com\/saaris_ikt"]}]}},"publishpress_future_workflow_manual_trigger":{"enabledWorkflows":[]},"_links":{"self":[{"href":"https:\/\/saaris.de\/fr\/wp-json\/wp\/v2\/pages\/43383","targetHints":{"allow":["GET"]}}],"collection":[{"href":"https:\/\/saaris.de\/fr\/wp-json\/wp\/v2\/pages"}],"about":[{"href":"https:\/\/saaris.de\/fr\/wp-json\/wp\/v2\/types\/page"}],"author":[{"embeddable":true,"href":"https:\/\/saaris.de\/fr\/wp-json\/wp\/v2\/users\/61"}],"replies":[{"embeddable":true,"href":"https:\/\/saaris.de\/fr\/wp-json\/wp\/v2\/comments?post=43383"}],"version-history":[{"count":10,"href":"https:\/\/saaris.de\/fr\/wp-json\/wp\/v2\/pages\/43383\/revisions"}],"predecessor-version":[{"id":49019,"href":"https:\/\/saaris.de\/fr\/wp-json\/wp\/v2\/pages\/43383\/revisions\/49019"}],"wp:featuredmedia":[{"embeddable":true,"href":"https:\/\/saaris.de\/fr\/wp-json\/wp\/v2\/media\/17254"}],"wp:attachment":[{"href":"https:\/\/saaris.de\/fr\/wp-json\/wp\/v2\/media?parent=43383"}],"curies":[{"name":"wp","href":"https:\/\/api.w.org\/{rel}","templated":true}]}}