{"id":43376,"date":"2021-01-17T11:52:00","date_gmt":"2021-01-17T10:52:00","guid":{"rendered":"https:\/\/saaris.de\/?page_id=43376"},"modified":"2026-03-13T08:28:10","modified_gmt":"2026-03-13T07:28:10","slug":"ueber-uns","status":"publish","type":"page","link":"https:\/\/saaris.de\/fr\/ueber-uns\/","title":{"rendered":"\u00c0 propos"},"content":{"rendered":"\t\t<div data-elementor-type=\"wp-page\" data-elementor-id=\"43376\" class=\"elementor elementor-43376 elementor-461\" data-elementor-post-type=\"page\">\n\t\t\t\t\t\t<section class=\"elementor-section elementor-top-section elementor-element elementor-element-5324e92b elementor-section-full_width elementor-section-height-default elementor-section-height-default\" data-id=\"5324e92b\" data-element_type=\"section\" data-e-type=\"section\">\n\t\t\t\t\t\t<div class=\"elementor-container elementor-column-gap-no\">\n\t\t\t\t\t<div class=\"elementor-column elementor-col-100 elementor-top-column elementor-element elementor-element-3c9ca25\" data-id=\"3c9ca25\" data-element_type=\"column\" data-e-type=\"column\">\n\t\t\t<div class=\"elementor-widget-wrap elementor-element-populated\">\n\t\t\t\t\t\t<div class=\"elementor-element elementor-element-ca7a904 elementor-widget elementor-widget-spacer\" data-id=\"ca7a904\" data-element_type=\"widget\" data-e-type=\"widget\" data-widget_type=\"spacer.default\">\n\t\t\t\t<div class=\"elementor-widget-container\">\n\t\t\t\t\t\t\t<div class=\"elementor-spacer\">\n\t\t\t<div class=\"elementor-spacer-inner\"><\/div>\n\t\t<\/div>\n\t\t\t\t\t\t<\/div>\n\t\t\t\t<\/div>\n\t\t\t\t\t<\/div>\n\t\t<\/div>\n\t\t\t\t\t<\/div>\n\t\t<\/section>\n\t\t\t\t<section class=\"elementor-section elementor-top-section elementor-element elementor-element-f388558 elementor-section-boxed elementor-section-height-default elementor-section-height-default\" data-id=\"f388558\" data-element_type=\"section\" data-e-type=\"section\">\n\t\t\t\t\t\t<div class=\"elementor-container elementor-column-gap-default\">\n\t\t\t\t\t<div class=\"elementor-column elementor-col-100 elementor-top-column elementor-element elementor-element-fa0b0ed\" data-id=\"fa0b0ed\" data-element_type=\"column\" data-e-type=\"column\">\n\t\t\t<div class=\"elementor-widget-wrap elementor-element-populated\">\n\t\t\t\t\t\t<div class=\"elementor-element elementor-element-077f60b elementor-widget elementor-widget-heading\" data-id=\"077f60b\" data-element_type=\"widget\" data-e-type=\"widget\" data-widget_type=\"heading.default\">\n\t\t\t\t<div class=\"elementor-widget-container\">\n\t\t\t\t\t<h2 class=\"elementor-heading-title elementor-size-default\">saaris \u2013 le service pour les PME sarroises<\/h2>\t\t\t\t<\/div>\n\t\t\t\t<\/div>\n\t\t\t\t<div class=\"elementor-element elementor-element-b33991a elementor-widget elementor-widget-spacer\" data-id=\"b33991a\" data-element_type=\"widget\" data-e-type=\"widget\" data-widget_type=\"spacer.default\">\n\t\t\t\t<div class=\"elementor-widget-container\">\n\t\t\t\t\t\t\t<div class=\"elementor-spacer\">\n\t\t\t<div class=\"elementor-spacer-inner\"><\/div>\n\t\t<\/div>\n\t\t\t\t\t\t<\/div>\n\t\t\t\t<\/div>\n\t\t\t\t\t<\/div>\n\t\t<\/div>\n\t\t\t\t\t<\/div>\n\t\t<\/section>\n\t\t\t\t<section class=\"elementor-section elementor-top-section elementor-element elementor-element-c8cc314 elementor-section-full_width elementor-section-height-default elementor-section-height-default\" data-id=\"c8cc314\" data-element_type=\"section\" data-e-type=\"section\">\n\t\t\t\t\t\t<div class=\"elementor-container elementor-column-gap-default\">\n\t\t\t\t\t<div class=\"elementor-column elementor-col-100 elementor-top-column elementor-element elementor-element-7edb887\" data-id=\"7edb887\" data-element_type=\"column\" data-e-type=\"column\">\n\t\t\t<div class=\"elementor-widget-wrap elementor-element-populated\">\n\t\t\t\t\t\t<div class=\"elementor-element elementor-element-ad816b5 elementor-widget elementor-widget-n49__skew_box\" data-id=\"ad816b5\" data-element_type=\"widget\" data-e-type=\"widget\" data-widget_type=\"n49__skew_box.default\">\n\t\t\t\t<div class=\"elementor-widget-container\">\n\t\t\t\t\t\n        <section class=\"block--element block--skew-box\">\n            <div class=\"content-container\">\n                <div class=\"block--header\">\n                                            <\/div>\n                <ul class=\"box--items\">\n                                        <li class=\"box--item\">\n                        <a class=\"item--link\" href=\"https:\/\/saaris.de\/fr\/ueber-uns\/geschaeftsfuehrung\/\" target=\"\" rel=\"\">\n                            <div class=\"item--background \"><img decoding=\"async\" src=\"https:\/\/saaris.de\/wp-content\/uploads\/2022\/03\/AdobeStock_480304937_Geschaftsfuhrung_Kachel.jpeg\" title=\"Finanzen\" alt=\"Finanzen\" loading=\"lazy\" \/>                            <\/div>\n                            <div class=\"item--title\">Direction g\u00e9n\u00e9rale<\/div>\n                        <\/a>\n                    <\/li>\n                                        <li class=\"box--item\">\n                        <a class=\"item--link\" href=\"https:\/\/saaris.de\/fr\/ueber-uns\/team\/\" target=\"\" rel=\"\">\n                            <div class=\"item--background \"><img decoding=\"async\" src=\"https:\/\/saaris.de\/wp-content\/uploads\/2022\/03\/AdobeStock_301970826_Team_Kachel.jpeg\" title=\"Teamwork\" alt=\"Teamwork\" loading=\"lazy\" \/>                            <\/div>\n                            <div class=\"item--title\">\u00c9quipe<\/div>\n                        <\/a>\n                    <\/li>\n                    \n                <\/ul>\n\n                <div class=\"block--show-more-mobile\"><a href=\"\" target=\"_blank\" rel=\"\">Leistungen<\/a><\/div>\n            <\/div>\n        <\/section>\n\n        \t\t\t\t<\/div>\n\t\t\t\t<\/div>\n\t\t\t\t<div class=\"elementor-element elementor-element-d8a29d6 elementor-widget elementor-widget-n49__skew_box\" data-id=\"d8a29d6\" data-element_type=\"widget\" data-e-type=\"widget\" data-widget_type=\"n49__skew_box.default\">\n\t\t\t\t<div class=\"elementor-widget-container\">\n\t\t\t\t\t\n        <section class=\"block--element block--skew-box\">\n            <div class=\"content-container\">\n                <div class=\"block--header\">\n                                            <\/div>\n                <ul class=\"box--items\">\n                                        <li class=\"box--item\">\n                        <a class=\"item--link\" href=\"https:\/\/saaris.de\/fr\/ueber-uns\/unser-netzwerk\/\" target=\"\" rel=\"\">\n                            <div class=\"item--background \"><img decoding=\"async\" src=\"https:\/\/saaris.de\/wp-content\/uploads\/2022\/03\/AdobeStock_289882080_Netzwerk_Kachel.jpeg\" title=\"Netzwerk\" alt=\"Netzwerk\" loading=\"lazy\" \/>                            <\/div>\n                            <div class=\"item--title\">R\u00e9seau<\/div>\n                        <\/a>\n                    <\/li>\n                                        <li class=\"box--item\">\n                        <a class=\"item--link\" href=\"https:\/\/saaris.de\/fr\/ueber-uns\/unsere-projekte-netzwerke\/\" target=\"\" rel=\"\">\n                            <div class=\"item--background \"><img decoding=\"async\" src=\"https:\/\/saaris.de\/wp-content\/uploads\/2022\/05\/Cross_Innovation_Kachel.png\" title=\"Arbeiten im Co-Working Space\" alt=\"Arbeiten im Co-Working Space\" loading=\"lazy\" \/>                            <\/div>\n                            <div class=\"item--title\">Aper\u00e7u du projet<\/div>\n                        <\/a>\n                    <\/li>\n                    \n                <\/ul>\n\n                <div class=\"block--show-more-mobile\"><a href=\"\" target=\"_blank\" rel=\"\">Leistungen<\/a><\/div>\n            <\/div>\n        <\/section>\n\n        \t\t\t\t<\/div>\n\t\t\t\t<\/div>\n\t\t\t\t\t<\/div>\n\t\t<\/div>\n\t\t\t\t\t<\/div>\n\t\t<\/section>\n\t\t\t\t<section class=\"elementor-section elementor-top-section elementor-element elementor-element-9c88642 elementor-section-boxed elementor-section-height-default elementor-section-height-default\" data-id=\"9c88642\" data-element_type=\"section\" data-e-type=\"section\">\n\t\t\t\t\t\t<div class=\"elementor-container elementor-column-gap-default\">\n\t\t\t\t\t<div class=\"elementor-column elementor-col-100 elementor-top-column elementor-element elementor-element-52c643b\" data-id=\"52c643b\" data-element_type=\"column\" data-e-type=\"column\">\n\t\t\t<div class=\"elementor-widget-wrap elementor-element-populated\">\n\t\t\t\t\t\t<div class=\"elementor-element elementor-element-d959608 elementor-widget elementor-widget-spacer\" data-id=\"d959608\" data-element_type=\"widget\" data-e-type=\"widget\" data-widget_type=\"spacer.default\">\n\t\t\t\t<div class=\"elementor-widget-container\">\n\t\t\t\t\t\t\t<div class=\"elementor-spacer\">\n\t\t\t<div class=\"elementor-spacer-inner\"><\/div>\n\t\t<\/div>\n\t\t\t\t\t\t<\/div>\n\t\t\t\t<\/div>\n\t\t\t\t<div class=\"elementor-element elementor-element-b0d0d5d elementor-widget elementor-widget-text-editor\" data-id=\"b0d0d5d\" data-element_type=\"widget\" data-e-type=\"widget\" data-widget_type=\"text-editor.default\">\n\t\t\t\t<div class=\"elementor-widget-container\">\n\t\t\t\t\t\t\t\t\t<p>saarland innovation und standort GmbH (saaris) a pour mission de promouvoir l&#8217;\u00e9conomie en et pour la Sarre. Elle compte parmi ses partenaires le gouvernement de l\u2019\u00c9tat f\u00e9d\u00e9ral ainsi que d&#8217;autres institutions actives dans le secteur de l\u2019\u00e9conomie et de l\u2019emploi. Nos activit\u00e9s visent principalement \u00e0 soutenir les entreprises sarroises dans le contexte du changement structurel, de la transformation num\u00e9rique et de l\u2019augmentation de la capacit\u00e9 d\u2019innovation. Pour les petites et moyennes entreprises (PME) notamment, saaris propose un \u00e9ventail de services aussi large que hautement sp\u00e9cialis\u00e9, dont la valeur ajout\u00e9e transpara\u00eet notamment dans les nombreuses subventions f\u00e9d\u00e9rales dont b\u00e9n\u00e9ficient saaris, et donc aussi sur les entreprises sarroises ainsi que sur l&#8217;ensemble du site \u00e9conomique et de vie qu\u2019est la Sarre.<\/p><p>Outre une vaste <a href=\"https:\/\/saaris.de\/fr\/leistungen\/\">offre de services<\/a> qui s\u2019adresse aux petites et moyennes entreprises sarroises de tous les secteurs ainsi qu\u2019aux cr\u00e9ateurs d\u2019entreprise, l\u2019offre de prestations actuelle comprend \u00e9galement des mesures visant \u00e0 renforcer l\u2019attractivit\u00e9 des employeurs et \u00e0 consolider la qualit\u00e9 du site. Mais aussi plus concr\u00e8tement de l\u2019encadrement des personnes issues de l\u2019immigration \u00e0 la recherche d\u2019un emploi, ayant d\u00e9j\u00e0 d\u00e9couvert les avantages de notre pays et devant \u00eatre int\u00e9gr\u00e9es dans le march\u00e9 de l\u2019emploi sarrois (Welcome Center Saarland).<\/p><p>D\u2019autres points forts sont la promotion de l\u2019innovation et de la technologie, la garantie et le recrutement de personnel qualifi\u00e9, ainsi que le conseil aux entreprises en ce qui concerne les changements technologiques et d\u00e9mographiques. L\u2019\u00e9ventail des prestations de saaris comprend \u00e9galement la formation continue des sp\u00e9cialistes et des cadres, des conseils aux entreprises ax\u00e9s sur la technique et la gestion ainsi que des activit\u00e9s visant \u00e0 conqu\u00e9rir de nouveaux d\u00e9bouch\u00e9s en Allemagne et \u00e0 l\u2019\u00e9tranger. Un bureau du r\u00e9seau Enterprise Europe Network (EEN) ainsi qu\u2019un centre des brevets et des marques (PMZ) y sont \u00e9galement rattach\u00e9s. En tant que partenaire du centre de comp\u00e9tences Mittelstand 4.0 de Sarrebruck, nous soutenons les entreprises de production et les entreprises proches de la production vers leur num\u00e9risation.<\/p>\t\t\t\t\t\t\t\t<\/div>\n\t\t\t\t<\/div>\n\t\t\t\t<div class=\"elementor-element elementor-element-8b659b9 elementor-widget elementor-widget-spacer\" data-id=\"8b659b9\" data-element_type=\"widget\" data-e-type=\"widget\" data-widget_type=\"spacer.default\">\n\t\t\t\t<div class=\"elementor-widget-container\">\n\t\t\t\t\t\t\t<div class=\"elementor-spacer\">\n\t\t\t<div class=\"elementor-spacer-inner\"><\/div>\n\t\t<\/div>\n\t\t\t\t\t\t<\/div>\n\t\t\t\t<\/div>\n\t\t\t\t\t<\/div>\n\t\t<\/div>\n\t\t\t\t\t<\/div>\n\t\t<\/section>\n\t\t\t\t<\/div>\n\t\t","protected":false},"excerpt":{"rendered":"<p>saaris \u2013 le service pour les PME sarroises Direction g\u00e9n\u00e9rale \u00c9quipe Leistungen R\u00e9seau Aper\u00e7u du projet Leistungen saarland innovation und [&hellip;]<\/p>\n","protected":false},"author":61,"featured_media":36732,"parent":0,"menu_order":17,"comment_status":"closed","ping_status":"closed","template":"","meta":{"_acf_changed":false,"footnotes":""},"class_list":["post-43376","page","type-page","status-publish","has-post-thumbnail","hentry"],"acf":[],"yoast_head":"<!-- This site is optimized with the Yoast SEO plugin v27.3 - https:\/\/yoast.com\/product\/yoast-seo-wordpress\/ -->\n<title>\u00c0 propos<\/title>\n<meta name=\"robots\" content=\"index, follow, max-snippet:-1, max-image-preview:large, max-video-preview:-1\" \/>\n<link rel=\"canonical\" href=\"https:\/\/saaris.de\/fr\/ueber-uns\/\" \/>\n<meta property=\"og:locale\" content=\"fr_FR\" \/>\n<meta property=\"og:type\" content=\"article\" \/>\n<meta property=\"og:title\" content=\"\u00c0 propos\" \/>\n<meta property=\"og:description\" content=\"saaris \u2013 le service pour les PME sarroises Direction g\u00e9n\u00e9rale \u00c9quipe Leistungen R\u00e9seau Aper\u00e7u du projet Leistungen saarland innovation und [&hellip;]\" \/>\n<meta property=\"og:url\" content=\"https:\/\/saaris.de\/fr\/ueber-uns\/\" \/>\n<meta property=\"og:site_name\" content=\"saaris\" \/>\n<meta property=\"article:publisher\" content=\"https:\/\/www.facebook.com\/saaris\" \/>\n<meta property=\"article:modified_time\" content=\"2026-03-13T07:28:10+00:00\" \/>\n<meta property=\"og:image\" content=\"https:\/\/saaris.de\/wp-content\/uploads\/2022\/07\/Ueber-uns_Kachel.png\" \/>\n\t<meta property=\"og:image:width\" content=\"400\" \/>\n\t<meta property=\"og:image:height\" content=\"300\" \/>\n\t<meta property=\"og:image:type\" content=\"image\/png\" \/>\n<meta name=\"twitter:card\" content=\"summary_large_image\" \/>\n<meta name=\"twitter:site\" content=\"@saaris_ikt\" \/>\n<meta name=\"twitter:label1\" content=\"Dur\u00e9e de lecture estim\u00e9e\" \/>\n\t<meta name=\"twitter:data1\" content=\"3 minutes\" \/>\n<script type=\"application\/ld+json\" class=\"yoast-schema-graph\">{\"@context\":\"https:\\\/\\\/schema.org\",\"@graph\":[{\"@type\":\"WebPage\",\"@id\":\"https:\\\/\\\/saaris.de\\\/fr\\\/ueber-uns\\\/\",\"url\":\"https:\\\/\\\/saaris.de\\\/fr\\\/ueber-uns\\\/\",\"name\":\"\u00c0 propos\",\"isPartOf\":{\"@id\":\"https:\\\/\\\/saaris.de\\\/fr\\\/#website\"},\"primaryImageOfPage\":{\"@id\":\"https:\\\/\\\/saaris.de\\\/fr\\\/ueber-uns\\\/#primaryimage\"},\"image\":{\"@id\":\"https:\\\/\\\/saaris.de\\\/fr\\\/ueber-uns\\\/#primaryimage\"},\"thumbnailUrl\":\"https:\\\/\\\/saaris.de\\\/wp-content\\\/uploads\\\/2022\\\/07\\\/Ueber-uns_Kachel.png\",\"datePublished\":\"2021-01-17T10:52:00+00:00\",\"dateModified\":\"2026-03-13T07:28:10+00:00\",\"breadcrumb\":{\"@id\":\"https:\\\/\\\/saaris.de\\\/fr\\\/ueber-uns\\\/#breadcrumb\"},\"inLanguage\":\"fr-FR\",\"potentialAction\":[{\"@type\":\"ReadAction\",\"target\":[\"https:\\\/\\\/saaris.de\\\/fr\\\/ueber-uns\\\/\"]}]},{\"@type\":\"ImageObject\",\"inLanguage\":\"fr-FR\",\"@id\":\"https:\\\/\\\/saaris.de\\\/fr\\\/ueber-uns\\\/#primaryimage\",\"url\":\"https:\\\/\\\/saaris.de\\\/wp-content\\\/uploads\\\/2022\\\/07\\\/Ueber-uns_Kachel.png\",\"contentUrl\":\"https:\\\/\\\/saaris.de\\\/wp-content\\\/uploads\\\/2022\\\/07\\\/Ueber-uns_Kachel.png\",\"width\":400,\"height\":300},{\"@type\":\"BreadcrumbList\",\"@id\":\"https:\\\/\\\/saaris.de\\\/fr\\\/ueber-uns\\\/#breadcrumb\",\"itemListElement\":[{\"@type\":\"ListItem\",\"position\":1,\"name\":\"Home\",\"item\":\"https:\\\/\\\/saaris.de\\\/fr\\\/\"},{\"@type\":\"ListItem\",\"position\":2,\"name\":\"\u00c0 propos\"}]},{\"@type\":\"WebSite\",\"@id\":\"https:\\\/\\\/saaris.de\\\/fr\\\/#website\",\"url\":\"https:\\\/\\\/saaris.de\\\/fr\\\/\",\"name\":\"saaris\",\"description\":\"saarland.innovation&amp;standort e. V.\",\"publisher\":{\"@id\":\"https:\\\/\\\/saaris.de\\\/fr\\\/#organization\"},\"potentialAction\":[{\"@type\":\"SearchAction\",\"target\":{\"@type\":\"EntryPoint\",\"urlTemplate\":\"https:\\\/\\\/saaris.de\\\/fr\\\/?s={search_term_string}\"},\"query-input\":{\"@type\":\"PropertyValueSpecification\",\"valueRequired\":true,\"valueName\":\"search_term_string\"}}],\"inLanguage\":\"fr-FR\"},{\"@type\":\"Organization\",\"@id\":\"https:\\\/\\\/saaris.de\\\/fr\\\/#organization\",\"name\":\"saaris\",\"url\":\"https:\\\/\\\/saaris.de\\\/fr\\\/\",\"logo\":{\"@type\":\"ImageObject\",\"inLanguage\":\"fr-FR\",\"@id\":\"https:\\\/\\\/saaris.de\\\/fr\\\/#\\\/schema\\\/logo\\\/image\\\/\",\"url\":\"https:\\\/\\\/saaris.de\\\/wp-content\\\/uploads\\\/2022\\\/03\\\/saaris-logo-footer.jpg\",\"contentUrl\":\"https:\\\/\\\/saaris.de\\\/wp-content\\\/uploads\\\/2022\\\/03\\\/saaris-logo-footer.jpg\",\"width\":175,\"height\":80,\"caption\":\"saaris\"},\"image\":{\"@id\":\"https:\\\/\\\/saaris.de\\\/fr\\\/#\\\/schema\\\/logo\\\/image\\\/\"},\"sameAs\":[\"https:\\\/\\\/www.facebook.com\\\/saaris\",\"https:\\\/\\\/x.com\\\/saaris_ikt\"]}]}<\/script>\n<!-- \/ Yoast SEO plugin. -->","yoast_head_json":{"title":"\u00c0 propos","robots":{"index":"index","follow":"follow","max-snippet":"max-snippet:-1","max-image-preview":"max-image-preview:large","max-video-preview":"max-video-preview:-1"},"canonical":"https:\/\/saaris.de\/fr\/ueber-uns\/","og_locale":"fr_FR","og_type":"article","og_title":"\u00c0 propos","og_description":"saaris \u2013 le service pour les PME sarroises Direction g\u00e9n\u00e9rale \u00c9quipe Leistungen R\u00e9seau Aper\u00e7u du projet Leistungen saarland innovation und [&hellip;]","og_url":"https:\/\/saaris.de\/fr\/ueber-uns\/","og_site_name":"saaris","article_publisher":"https:\/\/www.facebook.com\/saaris","article_modified_time":"2026-03-13T07:28:10+00:00","og_image":[{"width":400,"height":300,"url":"https:\/\/saaris.de\/wp-content\/uploads\/2022\/07\/Ueber-uns_Kachel.png","type":"image\/png"}],"twitter_card":"summary_large_image","twitter_site":"@saaris_ikt","twitter_misc":{"Dur\u00e9e de lecture estim\u00e9e":"3 minutes"},"schema":{"@context":"https:\/\/schema.org","@graph":[{"@type":"WebPage","@id":"https:\/\/saaris.de\/fr\/ueber-uns\/","url":"https:\/\/saaris.de\/fr\/ueber-uns\/","name":"\u00c0 propos","isPartOf":{"@id":"https:\/\/saaris.de\/fr\/#website"},"primaryImageOfPage":{"@id":"https:\/\/saaris.de\/fr\/ueber-uns\/#primaryimage"},"image":{"@id":"https:\/\/saaris.de\/fr\/ueber-uns\/#primaryimage"},"thumbnailUrl":"https:\/\/saaris.de\/wp-content\/uploads\/2022\/07\/Ueber-uns_Kachel.png","datePublished":"2021-01-17T10:52:00+00:00","dateModified":"2026-03-13T07:28:10+00:00","breadcrumb":{"@id":"https:\/\/saaris.de\/fr\/ueber-uns\/#breadcrumb"},"inLanguage":"fr-FR","potentialAction":[{"@type":"ReadAction","target":["https:\/\/saaris.de\/fr\/ueber-uns\/"]}]},{"@type":"ImageObject","inLanguage":"fr-FR","@id":"https:\/\/saaris.de\/fr\/ueber-uns\/#primaryimage","url":"https:\/\/saaris.de\/wp-content\/uploads\/2022\/07\/Ueber-uns_Kachel.png","contentUrl":"https:\/\/saaris.de\/wp-content\/uploads\/2022\/07\/Ueber-uns_Kachel.png","width":400,"height":300},{"@type":"BreadcrumbList","@id":"https:\/\/saaris.de\/fr\/ueber-uns\/#breadcrumb","itemListElement":[{"@type":"ListItem","position":1,"name":"Home","item":"https:\/\/saaris.de\/fr\/"},{"@type":"ListItem","position":2,"name":"\u00c0 propos"}]},{"@type":"WebSite","@id":"https:\/\/saaris.de\/fr\/#website","url":"https:\/\/saaris.de\/fr\/","name":"saaris","description":"saarland.innovation&amp;standort e. V.","publisher":{"@id":"https:\/\/saaris.de\/fr\/#organization"},"potentialAction":[{"@type":"SearchAction","target":{"@type":"EntryPoint","urlTemplate":"https:\/\/saaris.de\/fr\/?s={search_term_string}"},"query-input":{"@type":"PropertyValueSpecification","valueRequired":true,"valueName":"search_term_string"}}],"inLanguage":"fr-FR"},{"@type":"Organization","@id":"https:\/\/saaris.de\/fr\/#organization","name":"saaris","url":"https:\/\/saaris.de\/fr\/","logo":{"@type":"ImageObject","inLanguage":"fr-FR","@id":"https:\/\/saaris.de\/fr\/#\/schema\/logo\/image\/","url":"https:\/\/saaris.de\/wp-content\/uploads\/2022\/03\/saaris-logo-footer.jpg","contentUrl":"https:\/\/saaris.de\/wp-content\/uploads\/2022\/03\/saaris-logo-footer.jpg","width":175,"height":80,"caption":"saaris"},"image":{"@id":"https:\/\/saaris.de\/fr\/#\/schema\/logo\/image\/"},"sameAs":["https:\/\/www.facebook.com\/saaris","https:\/\/x.com\/saaris_ikt"]}]}},"publishpress_future_workflow_manual_trigger":{"enabledWorkflows":[]},"_links":{"self":[{"href":"https:\/\/saaris.de\/fr\/wp-json\/wp\/v2\/pages\/43376","targetHints":{"allow":["GET"]}}],"collection":[{"href":"https:\/\/saaris.de\/fr\/wp-json\/wp\/v2\/pages"}],"about":[{"href":"https:\/\/saaris.de\/fr\/wp-json\/wp\/v2\/types\/page"}],"author":[{"embeddable":true,"href":"https:\/\/saaris.de\/fr\/wp-json\/wp\/v2\/users\/61"}],"replies":[{"embeddable":true,"href":"https:\/\/saaris.de\/fr\/wp-json\/wp\/v2\/comments?post=43376"}],"version-history":[{"count":29,"href":"https:\/\/saaris.de\/fr\/wp-json\/wp\/v2\/pages\/43376\/revisions"}],"predecessor-version":[{"id":70150,"href":"https:\/\/saaris.de\/fr\/wp-json\/wp\/v2\/pages\/43376\/revisions\/70150"}],"wp:featuredmedia":[{"embeddable":true,"href":"https:\/\/saaris.de\/fr\/wp-json\/wp\/v2\/media\/36732"}],"wp:attachment":[{"href":"https:\/\/saaris.de\/fr\/wp-json\/wp\/v2\/media?parent=43376"}],"curies":[{"name":"wp","href":"https:\/\/api.w.org\/{rel}","templated":true}]}}