{"id":43327,"date":"2021-05-11T12:21:33","date_gmt":"2021-05-11T10:21:33","guid":{"rendered":"https:\/\/saaris.de\/?page_id=43327"},"modified":"2025-11-24T14:09:02","modified_gmt":"2025-11-24T13:09:02","slug":"patente-schutzrechte","status":"publish","type":"page","link":"https:\/\/saaris.de\/fr\/leistungen\/technologietransfer\/patente-schutzrechte\/","title":{"rendered":"Brevets\/droits de propri\u00e9t\u00e9 intellectuelle"},"content":{"rendered":"\t\t<div data-elementor-type=\"wp-page\" data-elementor-id=\"43327\" class=\"elementor elementor-43327 elementor-1334\" data-elementor-post-type=\"page\">\n\t\t\t\t\t\t<section class=\"elementor-section elementor-top-section elementor-element elementor-element-4427dd2 elementor-section-boxed elementor-section-height-default elementor-section-height-default\" data-id=\"4427dd2\" data-element_type=\"section\" data-e-type=\"section\">\n\t\t\t\t\t\t<div class=\"elementor-container elementor-column-gap-default\">\n\t\t\t\t\t<div class=\"elementor-column elementor-col-100 elementor-top-column elementor-element elementor-element-69b91ce\" data-id=\"69b91ce\" data-element_type=\"column\" data-e-type=\"column\">\n\t\t\t<div class=\"elementor-widget-wrap elementor-element-populated\">\n\t\t\t\t\t\t<div class=\"elementor-element elementor-element-7429174 elementor-widget elementor-widget-spacer\" data-id=\"7429174\" data-element_type=\"widget\" data-e-type=\"widget\" data-widget_type=\"spacer.default\">\n\t\t\t\t<div class=\"elementor-widget-container\">\n\t\t\t\t\t\t\t<div class=\"elementor-spacer\">\n\t\t\t<div class=\"elementor-spacer-inner\"><\/div>\n\t\t<\/div>\n\t\t\t\t\t\t<\/div>\n\t\t\t\t<\/div>\n\t\t\t\t\t<\/div>\n\t\t<\/div>\n\t\t\t\t\t<\/div>\n\t\t<\/section>\n\t\t\t\t<section class=\"elementor-section elementor-top-section elementor-element elementor-element-b0df561 elementor-section-boxed elementor-section-height-default elementor-section-height-default\" data-id=\"b0df561\" data-element_type=\"section\" data-e-type=\"section\">\n\t\t\t\t\t\t<div class=\"elementor-container elementor-column-gap-default\">\n\t\t\t\t\t<div class=\"elementor-column elementor-col-66 elementor-top-column elementor-element elementor-element-929c080\" data-id=\"929c080\" data-element_type=\"column\" data-e-type=\"column\">\n\t\t\t<div class=\"elementor-widget-wrap elementor-element-populated\">\n\t\t\t\t\t\t<div class=\"elementor-element elementor-element-206c1e3 elementor-widget elementor-widget-heading\" data-id=\"206c1e3\" data-element_type=\"widget\" data-e-type=\"widget\" data-widget_type=\"heading.default\">\n\t\t\t\t<div class=\"elementor-widget-container\">\n\t\t\t\t\t<h2 class=\"elementor-heading-title elementor-size-default\">Patent- und Markenzentrum Saar (centre des brevets et des marques de la Sarre)<\/h2>\t\t\t\t<\/div>\n\t\t\t\t<\/div>\n\t\t\t\t\t<\/div>\n\t\t<\/div>\n\t\t\t\t<div class=\"elementor-column elementor-col-33 elementor-top-column elementor-element elementor-element-f4a397a\" data-id=\"f4a397a\" data-element_type=\"column\" data-e-type=\"column\">\n\t\t\t<div class=\"elementor-widget-wrap elementor-element-populated\">\n\t\t\t\t\t\t<div class=\"elementor-element elementor-element-e63ca24 elementor-widget elementor-widget-image\" data-id=\"e63ca24\" data-element_type=\"widget\" data-e-type=\"widget\" data-widget_type=\"image.default\">\n\t\t\t\t<div class=\"elementor-widget-container\">\n\t\t\t\t\t\t\t\t\t\t\t\t\t\t\t<img fetchpriority=\"high\" decoding=\"async\" width=\"1024\" height=\"247\" src=\"https:\/\/saaris.de\/wp-content\/uploads\/2024\/01\/sais_logo_patent_und_markenzentrum_2023_rgb_RZ_ZW-1024x247.png\" class=\"attachment-large size-large wp-image-54353\" alt=\"\" srcset=\"https:\/\/saaris.de\/wp-content\/uploads\/2024\/01\/sais_logo_patent_und_markenzentrum_2023_rgb_RZ_ZW-1024x247.png 1024w, https:\/\/saaris.de\/wp-content\/uploads\/2024\/01\/sais_logo_patent_und_markenzentrum_2023_rgb_RZ_ZW-300x72.png 300w, https:\/\/saaris.de\/wp-content\/uploads\/2024\/01\/sais_logo_patent_und_markenzentrum_2023_rgb_RZ_ZW-768x185.png 768w, https:\/\/saaris.de\/wp-content\/uploads\/2024\/01\/sais_logo_patent_und_markenzentrum_2023_rgb_RZ_ZW-1536x370.png 1536w, https:\/\/saaris.de\/wp-content\/uploads\/2024\/01\/sais_logo_patent_und_markenzentrum_2023_rgb_RZ_ZW-2048x494.png 2048w\" sizes=\"(max-width: 1024px) 100vw, 1024px\" \/>\t\t\t\t\t\t\t\t\t\t\t\t\t\t\t<\/div>\n\t\t\t\t<\/div>\n\t\t\t\t\t<\/div>\n\t\t<\/div>\n\t\t\t\t\t<\/div>\n\t\t<\/section>\n\t\t\t\t<section class=\"elementor-section elementor-top-section elementor-element elementor-element-ba333c9 elementor-section-boxed elementor-section-height-default elementor-section-height-default\" data-id=\"ba333c9\" data-element_type=\"section\" data-e-type=\"section\">\n\t\t\t\t\t\t<div class=\"elementor-container elementor-column-gap-default\">\n\t\t\t\t\t<div class=\"elementor-column elementor-col-100 elementor-top-column elementor-element elementor-element-e557be6\" data-id=\"e557be6\" data-element_type=\"column\" data-e-type=\"column\">\n\t\t\t<div class=\"elementor-widget-wrap elementor-element-populated\">\n\t\t\t\t\t\t<div class=\"elementor-element elementor-element-1698f2a4 elementor-widget elementor-widget-text-editor\" data-id=\"1698f2a4\" data-element_type=\"widget\" data-e-type=\"widget\" data-widget_type=\"text-editor.default\">\n\t\t\t\t<div class=\"elementor-widget-container\">\n\t\t\t\t\t\t\t\t\t<p>Le Centre des brevets et des marques de la Sarre (PMZ) est un service centralis\u00e9 de conseil en mati\u00e8re de propri\u00e9t\u00e9 industrielle dans la Sarre. Il fournit principalement des conseils sur les droits de propri\u00e9t\u00e9 industrielle enregistr\u00e9s:<\/p><ul><li><strong>brevets et mod\u00e8les d&#8217;utilit\u00e9<\/strong> pour les inventions techniques<\/li><li><strong>marques<\/strong> pour l&#8217;identification des produits et services<\/li><li><strong>design<\/strong> pour la protection dans le domaine de la conception et du design<\/li><\/ul><p>Une <strong>premi\u00e8re consultation<\/strong> avec des avocats sp\u00e9cialis\u00e9s en brevets partenaires a lieu tous les deuxi\u00e8mes mardis matin du mois.<\/p>\t\t\t\t\t\t\t\t<\/div>\n\t\t\t\t<\/div>\n\t\t\t\t\t<\/div>\n\t\t<\/div>\n\t\t\t\t\t<\/div>\n\t\t<\/section>\n\t\t\t\t<section class=\"elementor-section elementor-top-section elementor-element elementor-element-5f742a4 elementor-section-boxed elementor-section-height-default elementor-section-height-default\" data-id=\"5f742a4\" data-element_type=\"section\" data-e-type=\"section\">\n\t\t\t\t\t\t<div class=\"elementor-container elementor-column-gap-default\">\n\t\t\t\t\t<div class=\"elementor-column elementor-col-100 elementor-top-column elementor-element elementor-element-31ba918\" data-id=\"31ba918\" data-element_type=\"column\" data-e-type=\"column\">\n\t\t\t<div class=\"elementor-widget-wrap elementor-element-populated\">\n\t\t\t\t\t\t<div class=\"elementor-element elementor-element-63ad22b elementor-widget elementor-widget-heading\" data-id=\"63ad22b\" data-element_type=\"widget\" data-e-type=\"widget\" data-widget_type=\"heading.default\">\n\t\t\t\t<div class=\"elementor-widget-container\">\n\t\t\t\t\t<h2 class=\"elementor-heading-title elementor-size-default\">Pour un conseil personnalis\u00e9, contactez-nous:<\/h2>\t\t\t\t<\/div>\n\t\t\t\t<\/div>\n\t\t\t\t\t<\/div>\n\t\t<\/div>\n\t\t\t\t\t<\/div>\n\t\t<\/section>\n\t\t\t\t<section class=\"elementor-section elementor-top-section elementor-element elementor-element-d95fb33 elementor-section-boxed elementor-section-height-default elementor-section-height-default\" data-id=\"d95fb33\" data-element_type=\"section\" data-e-type=\"section\">\n\t\t\t\t\t\t<div class=\"elementor-container elementor-column-gap-default\">\n\t\t\t\t\t<div class=\"elementor-column elementor-col-50 elementor-top-column elementor-element elementor-element-e8f266a\" data-id=\"e8f266a\" data-element_type=\"column\" data-e-type=\"column\">\n\t\t\t<div class=\"elementor-widget-wrap elementor-element-populated\">\n\t\t\t\t\t\t<div class=\"elementor-element elementor-element-8a8009f elementor-widget elementor-widget-n49__contact_item\" data-id=\"8a8009f\" data-element_type=\"widget\" data-e-type=\"widget\" data-widget_type=\"n49__contact_item.default\">\n\t\t\t\t<div class=\"elementor-widget-container\">\n\t\t\t\t\t\n                <div class=\"block--contact-item\">\n            <div class=\"contact-item\">\n                <img decoding=\"async\" src=\"https:\/\/saaris.de\/wp-content\/uploads\/2022\/01\/kontakt-divers.png\" alt=\"Max Mustermann\">                <div>\n                    <span class=\"t-title\">\u00c9quipe Brevets &#038; droits de propri\u00e9t\u00e9 intellectuelle<\/span>\n                    <span class=\"t-position\"><\/span>\n\n                    <span class=\"t-tel\">0681 83 909 260<\/span>\n                    <a class=\"t-email\"\n                       href=\"mailto:patentinfo@saaris.de\">patentinfo@saaris.de<\/a>\n                <\/div>\n\n            <\/div>\n        <\/div>\n    \n        \n\n        \t\t\t\t<\/div>\n\t\t\t\t<\/div>\n\t\t\t\t\t<\/div>\n\t\t<\/div>\n\t\t\t\t<div class=\"elementor-column elementor-col-50 elementor-top-column elementor-element elementor-element-02c57c6\" data-id=\"02c57c6\" data-element_type=\"column\" data-e-type=\"column\">\n\t\t\t<div class=\"elementor-widget-wrap elementor-element-populated\">\n\t\t\t\t\t\t<div class=\"elementor-element elementor-element-9024bf5 elementor-widget elementor-widget-text-editor\" data-id=\"9024bf5\" data-element_type=\"widget\" data-e-type=\"widget\" data-widget_type=\"text-editor.default\">\n\t\t\t\t<div class=\"elementor-widget-container\">\n\t\t\t\t\t\t\t\t\t<p>Notre mission est de vous :<\/p><ul><li><strong>pr\u00e9senter<\/strong> les <strong>possibilit\u00e9s<\/strong> offertes par la protection de la propri\u00e9t\u00e9 industrielle<\/li><li>vous <strong>orienter<\/strong> dans ce domaine complexe<\/li><li>vous aider \u00e0 <strong>d\u00e9velopper<\/strong> <strong>vos<\/strong> <strong>propres comp\u00e9tences<\/strong><\/li><li>vous indiquer les <strong>interfaces<\/strong> vers des <strong>services de conseil<\/strong> payants<\/li><\/ul>\t\t\t\t\t\t\t\t<\/div>\n\t\t\t\t<\/div>\n\t\t\t\t\t<\/div>\n\t\t<\/div>\n\t\t\t\t\t<\/div>\n\t\t<\/section>\n\t\t\t\t<section class=\"elementor-section elementor-top-section elementor-element elementor-element-3e9dde2e elementor-section-full_width elementor-section-height-default elementor-section-height-default\" data-id=\"3e9dde2e\" data-element_type=\"section\" data-e-type=\"section\">\n\t\t\t\t\t\t<div class=\"elementor-container elementor-column-gap-no\">\n\t\t\t\t\t<div class=\"elementor-column elementor-col-100 elementor-top-column elementor-element elementor-element-29bc325\" data-id=\"29bc325\" data-element_type=\"column\" data-e-type=\"column\">\n\t\t\t<div class=\"elementor-widget-wrap elementor-element-populated\">\n\t\t\t\t\t\t<div class=\"elementor-element elementor-element-2d9eda07 elementor-widget elementor-widget-spacer\" data-id=\"2d9eda07\" data-element_type=\"widget\" data-e-type=\"widget\" data-widget_type=\"spacer.default\">\n\t\t\t\t<div class=\"elementor-widget-container\">\n\t\t\t\t\t\t\t<div class=\"elementor-spacer\">\n\t\t\t<div class=\"elementor-spacer-inner\"><\/div>\n\t\t<\/div>\n\t\t\t\t\t\t<\/div>\n\t\t\t\t<\/div>\n\t\t\t\t\t<\/div>\n\t\t<\/div>\n\t\t\t\t\t<\/div>\n\t\t<\/section>\n\t\t\t\t<section class=\"elementor-section elementor-top-section elementor-element elementor-element-9e2ade3 elementor-section-boxed elementor-section-height-default elementor-section-height-default\" data-id=\"9e2ade3\" data-element_type=\"section\" data-e-type=\"section\">\n\t\t\t\t\t\t<div class=\"elementor-container elementor-column-gap-default\">\n\t\t\t\t\t<div class=\"elementor-column elementor-col-100 elementor-top-column elementor-element elementor-element-cff2653\" data-id=\"cff2653\" data-element_type=\"column\" data-e-type=\"column\">\n\t\t\t<div class=\"elementor-widget-wrap elementor-element-populated\">\n\t\t\t\t\t\t<div class=\"elementor-element elementor-element-845905e elementor-widget elementor-widget-text-editor\" data-id=\"845905e\" data-element_type=\"widget\" data-e-type=\"widget\" data-widget_type=\"text-editor.default\">\n\t\t\t\t<div class=\"elementor-widget-container\">\n\t\t\t\t\t\t\t\t\t<p>Dans le cadre de ses activit\u00e9s, le PMZ est <strong>partenaire officiel de l&#8217;Office allemand des brevets et des marques (DPMA)<\/strong> et <strong>membre du r\u00e9seau allemand pizne<\/strong>t (r\u00e9seau des centres d&#8217;information sur les brevets en Allemagne) ainsi que du <strong>r\u00e9seau europ\u00e9en PATLIB<\/strong> du Parlement europ\u00e9en (EPA).<\/p><p>Le PMZ fait \u00e9galement partie du r\u00e9seau <a href=\"https:\/\/saaris.de\/fr\/leistungen\/enterprise-europe-network\/\"><strong>Enterprise Europe Network (EEN)<\/strong><\/a>. L&#8217;EEN est le plus grand r\u00e9seau mondial de soutien aux petites et moyennes entreprises (PME).<\/p>\t\t\t\t\t\t\t\t<\/div>\n\t\t\t\t<\/div>\n\t\t\t\t\t<\/div>\n\t\t<\/div>\n\t\t\t\t\t<\/div>\n\t\t<\/section>\n\t\t\t\t<section class=\"elementor-section elementor-top-section elementor-element elementor-element-1558505 elementor-section-boxed elementor-section-height-default elementor-section-height-default\" data-id=\"1558505\" data-element_type=\"section\" data-e-type=\"section\">\n\t\t\t\t\t\t<div class=\"elementor-container elementor-column-gap-default\">\n\t\t\t\t\t<div class=\"elementor-column elementor-col-100 elementor-top-column elementor-element elementor-element-0551743\" data-id=\"0551743\" data-element_type=\"column\" data-e-type=\"column\">\n\t\t\t<div class=\"elementor-widget-wrap elementor-element-populated\">\n\t\t\t\t\t\t<div class=\"elementor-element elementor-element-1a0381d elementor-widget elementor-widget-spacer\" data-id=\"1a0381d\" data-element_type=\"widget\" data-e-type=\"widget\" data-widget_type=\"spacer.default\">\n\t\t\t\t<div class=\"elementor-widget-container\">\n\t\t\t\t\t\t\t<div class=\"elementor-spacer\">\n\t\t\t<div class=\"elementor-spacer-inner\"><\/div>\n\t\t<\/div>\n\t\t\t\t\t\t<\/div>\n\t\t\t\t<\/div>\n\t\t\t\t\t<\/div>\n\t\t<\/div>\n\t\t\t\t\t<\/div>\n\t\t<\/section>\n\t\t\t\t<\/div>\n\t\t","protected":false},"excerpt":{"rendered":"<p>Patent- und Markenzentrum Saar (centre des brevets et des marques de la Sarre) Le Centre des brevets et des marques [&hellip;]<\/p>\n","protected":false},"author":61,"featured_media":33873,"parent":44284,"menu_order":11,"comment_status":"closed","ping_status":"closed","template":"","meta":{"_acf_changed":false,"footnotes":""},"class_list":["post-43327","page","type-page","status-publish","has-post-thumbnail","hentry"],"acf":[],"yoast_head":"<!-- This site is optimized with the Yoast SEO plugin v27.4 - https:\/\/yoast.com\/product\/yoast-seo-wordpress\/ -->\n<title>Brevets\/droits de propri\u00e9t\u00e9 intellectuelle<\/title>\n<meta name=\"robots\" content=\"index, follow, max-snippet:-1, max-image-preview:large, max-video-preview:-1\" \/>\n<link rel=\"canonical\" href=\"https:\/\/saaris.de\/fr\/leistungen\/technologietransfer\/patente-schutzrechte\/\" \/>\n<meta property=\"og:locale\" content=\"fr_FR\" \/>\n<meta property=\"og:type\" content=\"article\" \/>\n<meta property=\"og:title\" content=\"Brevets\/droits de propri\u00e9t\u00e9 intellectuelle\" \/>\n<meta property=\"og:description\" content=\"Patent- und Markenzentrum Saar (centre des brevets et des marques de la Sarre) Le Centre des brevets et des marques [&hellip;]\" \/>\n<meta property=\"og:url\" content=\"https:\/\/saaris.de\/fr\/leistungen\/technologietransfer\/patente-schutzrechte\/\" \/>\n<meta property=\"og:site_name\" content=\"saaris\" \/>\n<meta property=\"article:publisher\" content=\"https:\/\/www.facebook.com\/saaris\" \/>\n<meta property=\"article:modified_time\" content=\"2025-11-24T13:09:02+00:00\" \/>\n<meta property=\"og:image\" content=\"https:\/\/saaris.de\/wp-content\/uploads\/2022\/03\/AdobeStock_393652006_Patente_Kachel-1.jpeg\" \/>\n\t<meta property=\"og:image:width\" content=\"400\" \/>\n\t<meta property=\"og:image:height\" content=\"300\" \/>\n\t<meta property=\"og:image:type\" content=\"image\/jpeg\" \/>\n<meta name=\"twitter:card\" content=\"summary_large_image\" \/>\n<meta name=\"twitter:site\" content=\"@saaris_ikt\" \/>\n<meta name=\"twitter:label1\" content=\"Dur\u00e9e de lecture estim\u00e9e\" \/>\n\t<meta name=\"twitter:data1\" content=\"2 minutes\" \/>\n<script type=\"application\/ld+json\" class=\"yoast-schema-graph\">{\"@context\":\"https:\\\/\\\/schema.org\",\"@graph\":[{\"@type\":\"WebPage\",\"@id\":\"https:\\\/\\\/saaris.de\\\/fr\\\/leistungen\\\/technologietransfer\\\/patente-schutzrechte\\\/\",\"url\":\"https:\\\/\\\/saaris.de\\\/fr\\\/leistungen\\\/technologietransfer\\\/patente-schutzrechte\\\/\",\"name\":\"Brevets\\\/droits de propri\u00e9t\u00e9 intellectuelle\",\"isPartOf\":{\"@id\":\"https:\\\/\\\/saaris.de\\\/fr\\\/#website\"},\"primaryImageOfPage\":{\"@id\":\"https:\\\/\\\/saaris.de\\\/fr\\\/leistungen\\\/technologietransfer\\\/patente-schutzrechte\\\/#primaryimage\"},\"image\":{\"@id\":\"https:\\\/\\\/saaris.de\\\/fr\\\/leistungen\\\/technologietransfer\\\/patente-schutzrechte\\\/#primaryimage\"},\"thumbnailUrl\":\"https:\\\/\\\/saaris.de\\\/wp-content\\\/uploads\\\/2022\\\/03\\\/AdobeStock_393652006_Patente_Kachel-1.jpeg\",\"datePublished\":\"2021-05-11T10:21:33+00:00\",\"dateModified\":\"2025-11-24T13:09:02+00:00\",\"breadcrumb\":{\"@id\":\"https:\\\/\\\/saaris.de\\\/fr\\\/leistungen\\\/technologietransfer\\\/patente-schutzrechte\\\/#breadcrumb\"},\"inLanguage\":\"fr-FR\",\"potentialAction\":[{\"@type\":\"ReadAction\",\"target\":[\"https:\\\/\\\/saaris.de\\\/fr\\\/leistungen\\\/technologietransfer\\\/patente-schutzrechte\\\/\"]}]},{\"@type\":\"ImageObject\",\"inLanguage\":\"fr-FR\",\"@id\":\"https:\\\/\\\/saaris.de\\\/fr\\\/leistungen\\\/technologietransfer\\\/patente-schutzrechte\\\/#primaryimage\",\"url\":\"https:\\\/\\\/saaris.de\\\/wp-content\\\/uploads\\\/2022\\\/03\\\/AdobeStock_393652006_Patente_Kachel-1.jpeg\",\"contentUrl\":\"https:\\\/\\\/saaris.de\\\/wp-content\\\/uploads\\\/2022\\\/03\\\/AdobeStock_393652006_Patente_Kachel-1.jpeg\",\"width\":400,\"height\":300},{\"@type\":\"BreadcrumbList\",\"@id\":\"https:\\\/\\\/saaris.de\\\/fr\\\/leistungen\\\/technologietransfer\\\/patente-schutzrechte\\\/#breadcrumb\",\"itemListElement\":[{\"@type\":\"ListItem\",\"position\":1,\"name\":\"Home\",\"item\":\"https:\\\/\\\/saaris.de\\\/fr\\\/\"},{\"@type\":\"ListItem\",\"position\":2,\"name\":\"Services\",\"item\":\"https:\\\/\\\/saaris.de\\\/fr\\\/leistungen\\\/\"},{\"@type\":\"ListItem\",\"position\":3,\"name\":\"Transfert de technologies\",\"item\":\"https:\\\/\\\/saaris.de\\\/fr\\\/leistungen\\\/technologietransfer\\\/\"},{\"@type\":\"ListItem\",\"position\":4,\"name\":\"Brevets\\\/droits de propri\u00e9t\u00e9 intellectuelle\"}]},{\"@type\":\"WebSite\",\"@id\":\"https:\\\/\\\/saaris.de\\\/fr\\\/#website\",\"url\":\"https:\\\/\\\/saaris.de\\\/fr\\\/\",\"name\":\"saaris\",\"description\":\"saarland.innovation&amp;standort e. V.\",\"publisher\":{\"@id\":\"https:\\\/\\\/saaris.de\\\/fr\\\/#organization\"},\"potentialAction\":[{\"@type\":\"SearchAction\",\"target\":{\"@type\":\"EntryPoint\",\"urlTemplate\":\"https:\\\/\\\/saaris.de\\\/fr\\\/?s={search_term_string}\"},\"query-input\":{\"@type\":\"PropertyValueSpecification\",\"valueRequired\":true,\"valueName\":\"search_term_string\"}}],\"inLanguage\":\"fr-FR\"},{\"@type\":\"Organization\",\"@id\":\"https:\\\/\\\/saaris.de\\\/fr\\\/#organization\",\"name\":\"saaris\",\"url\":\"https:\\\/\\\/saaris.de\\\/fr\\\/\",\"logo\":{\"@type\":\"ImageObject\",\"inLanguage\":\"fr-FR\",\"@id\":\"https:\\\/\\\/saaris.de\\\/fr\\\/#\\\/schema\\\/logo\\\/image\\\/\",\"url\":\"https:\\\/\\\/saaris.de\\\/wp-content\\\/uploads\\\/2022\\\/03\\\/saaris-logo-footer.jpg\",\"contentUrl\":\"https:\\\/\\\/saaris.de\\\/wp-content\\\/uploads\\\/2022\\\/03\\\/saaris-logo-footer.jpg\",\"width\":175,\"height\":80,\"caption\":\"saaris\"},\"image\":{\"@id\":\"https:\\\/\\\/saaris.de\\\/fr\\\/#\\\/schema\\\/logo\\\/image\\\/\"},\"sameAs\":[\"https:\\\/\\\/www.facebook.com\\\/saaris\",\"https:\\\/\\\/x.com\\\/saaris_ikt\"]}]}<\/script>\n<!-- \/ Yoast SEO plugin. -->","yoast_head_json":{"title":"Brevets\/droits de propri\u00e9t\u00e9 intellectuelle","robots":{"index":"index","follow":"follow","max-snippet":"max-snippet:-1","max-image-preview":"max-image-preview:large","max-video-preview":"max-video-preview:-1"},"canonical":"https:\/\/saaris.de\/fr\/leistungen\/technologietransfer\/patente-schutzrechte\/","og_locale":"fr_FR","og_type":"article","og_title":"Brevets\/droits de propri\u00e9t\u00e9 intellectuelle","og_description":"Patent- und Markenzentrum Saar (centre des brevets et des marques de la Sarre) Le Centre des brevets et des marques [&hellip;]","og_url":"https:\/\/saaris.de\/fr\/leistungen\/technologietransfer\/patente-schutzrechte\/","og_site_name":"saaris","article_publisher":"https:\/\/www.facebook.com\/saaris","article_modified_time":"2025-11-24T13:09:02+00:00","og_image":[{"width":400,"height":300,"url":"https:\/\/saaris.de\/wp-content\/uploads\/2022\/03\/AdobeStock_393652006_Patente_Kachel-1.jpeg","type":"image\/jpeg"}],"twitter_card":"summary_large_image","twitter_site":"@saaris_ikt","twitter_misc":{"Dur\u00e9e de lecture estim\u00e9e":"2 minutes"},"schema":{"@context":"https:\/\/schema.org","@graph":[{"@type":"WebPage","@id":"https:\/\/saaris.de\/fr\/leistungen\/technologietransfer\/patente-schutzrechte\/","url":"https:\/\/saaris.de\/fr\/leistungen\/technologietransfer\/patente-schutzrechte\/","name":"Brevets\/droits de propri\u00e9t\u00e9 intellectuelle","isPartOf":{"@id":"https:\/\/saaris.de\/fr\/#website"},"primaryImageOfPage":{"@id":"https:\/\/saaris.de\/fr\/leistungen\/technologietransfer\/patente-schutzrechte\/#primaryimage"},"image":{"@id":"https:\/\/saaris.de\/fr\/leistungen\/technologietransfer\/patente-schutzrechte\/#primaryimage"},"thumbnailUrl":"https:\/\/saaris.de\/wp-content\/uploads\/2022\/03\/AdobeStock_393652006_Patente_Kachel-1.jpeg","datePublished":"2021-05-11T10:21:33+00:00","dateModified":"2025-11-24T13:09:02+00:00","breadcrumb":{"@id":"https:\/\/saaris.de\/fr\/leistungen\/technologietransfer\/patente-schutzrechte\/#breadcrumb"},"inLanguage":"fr-FR","potentialAction":[{"@type":"ReadAction","target":["https:\/\/saaris.de\/fr\/leistungen\/technologietransfer\/patente-schutzrechte\/"]}]},{"@type":"ImageObject","inLanguage":"fr-FR","@id":"https:\/\/saaris.de\/fr\/leistungen\/technologietransfer\/patente-schutzrechte\/#primaryimage","url":"https:\/\/saaris.de\/wp-content\/uploads\/2022\/03\/AdobeStock_393652006_Patente_Kachel-1.jpeg","contentUrl":"https:\/\/saaris.de\/wp-content\/uploads\/2022\/03\/AdobeStock_393652006_Patente_Kachel-1.jpeg","width":400,"height":300},{"@type":"BreadcrumbList","@id":"https:\/\/saaris.de\/fr\/leistungen\/technologietransfer\/patente-schutzrechte\/#breadcrumb","itemListElement":[{"@type":"ListItem","position":1,"name":"Home","item":"https:\/\/saaris.de\/fr\/"},{"@type":"ListItem","position":2,"name":"Services","item":"https:\/\/saaris.de\/fr\/leistungen\/"},{"@type":"ListItem","position":3,"name":"Transfert de technologies","item":"https:\/\/saaris.de\/fr\/leistungen\/technologietransfer\/"},{"@type":"ListItem","position":4,"name":"Brevets\/droits de propri\u00e9t\u00e9 intellectuelle"}]},{"@type":"WebSite","@id":"https:\/\/saaris.de\/fr\/#website","url":"https:\/\/saaris.de\/fr\/","name":"saaris","description":"saarland.innovation&amp;standort e. V.","publisher":{"@id":"https:\/\/saaris.de\/fr\/#organization"},"potentialAction":[{"@type":"SearchAction","target":{"@type":"EntryPoint","urlTemplate":"https:\/\/saaris.de\/fr\/?s={search_term_string}"},"query-input":{"@type":"PropertyValueSpecification","valueRequired":true,"valueName":"search_term_string"}}],"inLanguage":"fr-FR"},{"@type":"Organization","@id":"https:\/\/saaris.de\/fr\/#organization","name":"saaris","url":"https:\/\/saaris.de\/fr\/","logo":{"@type":"ImageObject","inLanguage":"fr-FR","@id":"https:\/\/saaris.de\/fr\/#\/schema\/logo\/image\/","url":"https:\/\/saaris.de\/wp-content\/uploads\/2022\/03\/saaris-logo-footer.jpg","contentUrl":"https:\/\/saaris.de\/wp-content\/uploads\/2022\/03\/saaris-logo-footer.jpg","width":175,"height":80,"caption":"saaris"},"image":{"@id":"https:\/\/saaris.de\/fr\/#\/schema\/logo\/image\/"},"sameAs":["https:\/\/www.facebook.com\/saaris","https:\/\/x.com\/saaris_ikt"]}]}},"publishpress_future_workflow_manual_trigger":{"enabledWorkflows":[]},"_links":{"self":[{"href":"https:\/\/saaris.de\/fr\/wp-json\/wp\/v2\/pages\/43327","targetHints":{"allow":["GET"]}}],"collection":[{"href":"https:\/\/saaris.de\/fr\/wp-json\/wp\/v2\/pages"}],"about":[{"href":"https:\/\/saaris.de\/fr\/wp-json\/wp\/v2\/types\/page"}],"author":[{"embeddable":true,"href":"https:\/\/saaris.de\/fr\/wp-json\/wp\/v2\/users\/61"}],"replies":[{"embeddable":true,"href":"https:\/\/saaris.de\/fr\/wp-json\/wp\/v2\/comments?post=43327"}],"version-history":[{"count":44,"href":"https:\/\/saaris.de\/fr\/wp-json\/wp\/v2\/pages\/43327\/revisions"}],"predecessor-version":[{"id":68487,"href":"https:\/\/saaris.de\/fr\/wp-json\/wp\/v2\/pages\/43327\/revisions\/68487"}],"up":[{"embeddable":true,"href":"https:\/\/saaris.de\/fr\/wp-json\/wp\/v2\/pages\/44284"}],"wp:featuredmedia":[{"embeddable":true,"href":"https:\/\/saaris.de\/fr\/wp-json\/wp\/v2\/media\/33873"}],"wp:attachment":[{"href":"https:\/\/saaris.de\/fr\/wp-json\/wp\/v2\/media?parent=43327"}],"curies":[{"name":"wp","href":"https:\/\/api.w.org\/{rel}","templated":true}]}}