{"id":43254,"date":"2022-06-29T15:58:42","date_gmt":"2022-06-29T13:58:42","guid":{"rendered":"https:\/\/saaris.de\/?page_id=43254"},"modified":"2026-02-23T13:40:06","modified_gmt":"2026-02-23T12:40:06","slug":"foerderprogramme","status":"publish","type":"page","link":"https:\/\/saaris.de\/fr\/foerderprogramme\/","title":{"rendered":"Dispositif de subventions"},"content":{"rendered":"\t\t<div data-elementor-type=\"wp-page\" data-elementor-id=\"43254\" class=\"elementor elementor-43254 elementor-19848\" data-elementor-post-type=\"page\">\n\t\t\t\t\t\t<section class=\"elementor-section elementor-top-section elementor-element elementor-element-6aac29e elementor-section-boxed elementor-section-height-default elementor-section-height-default\" data-id=\"6aac29e\" data-element_type=\"section\" data-e-type=\"section\">\n\t\t\t\t\t\t<div class=\"elementor-container elementor-column-gap-default\">\n\t\t\t\t\t<div class=\"elementor-column elementor-col-100 elementor-top-column elementor-element elementor-element-da122e9\" data-id=\"da122e9\" data-element_type=\"column\" data-e-type=\"column\">\n\t\t\t<div class=\"elementor-widget-wrap elementor-element-populated\">\n\t\t\t\t\t\t\t<\/div>\n\t\t<\/div>\n\t\t\t\t\t<\/div>\n\t\t<\/section>\n\t\t\t\t<section class=\"elementor-section elementor-top-section elementor-element elementor-element-e28c9cd elementor-section-full_width elementor-section-height-default elementor-section-height-default\" data-id=\"e28c9cd\" data-element_type=\"section\" data-e-type=\"section\">\n\t\t\t\t\t\t<div class=\"elementor-container elementor-column-gap-default\">\n\t\t\t\t\t<div class=\"elementor-column elementor-col-100 elementor-top-column elementor-element elementor-element-9d15214\" data-id=\"9d15214\" data-element_type=\"column\" data-e-type=\"column\">\n\t\t\t<div class=\"elementor-widget-wrap elementor-element-populated\">\n\t\t\t\t\t\t<div class=\"elementor-element elementor-element-5966899 elementor-widget elementor-widget-n49__archive_item\" data-id=\"5966899\" data-element_type=\"widget\" data-e-type=\"widget\" data-widget_type=\"n49__archive_item.default\">\n\t\t\t\t<div class=\"elementor-widget-container\">\n\t\t\t\t\t\n        <section class=\"block--archive-item\">\n            <div class=\"content-container\">\n\n                                    <div class=\"list-container\">\n                        <a href=\"https:\/\/saaris.de\/fr\/leistungen\/gruenden-und-kreatives\/foerderung-von-jungunternehmen\/\" target=\"\" rel=\"\">\n                            <div class=\"archive--item\">\n                                <div class=\"item--image\">\n                                    <img decoding=\"async\" src=\"https:\/\/saaris.de\/wp-content\/uploads\/2022\/02\/AdobeStock_83238846.jpg\" title=\"Junges Paar im Beratungsgespr\u00e4ch\" alt=\"Junges Paar im Beratungsgespr\u00e4ch\" loading=\"lazy\" \/>                                <\/div>\n                                <div class=\"item--content\">\n                                    <h3>Promotion du savoir-faire entrepreneurial<\/h3>\n                                    <p class=\"text-3-lines\">Le conseil en phase de d\u00e9marrage et de consolidation doit notamment aider les entreprises \u00e0 se d\u00e9velopper et \u00e0 se g\u00e9rer durablement au cours des deux premi\u00e8res ann\u00e9es suivant leur cr\u00e9ation et contribuer \u00e0 leur p\u00e9rennisation.<\/p>\n                                    <p class=\"read-more\"><i class=\"icon icon-arrow-solid-right\"><\/i>En savoir plus<\/p>\n                                <\/div>\n                            <\/div>\n                        <\/a>\n                    <\/div>\n                \n            <\/div>\n        <\/section>\n\n        \t\t\t\t<\/div>\n\t\t\t\t<\/div>\n\t\t\t\t<div class=\"elementor-element elementor-element-e13c603 elementor-widget elementor-widget-n49__archive_item\" data-id=\"e13c603\" data-element_type=\"widget\" data-e-type=\"widget\" data-widget_type=\"n49__archive_item.default\">\n\t\t\t\t<div class=\"elementor-widget-container\">\n\t\t\t\t\t\n        <section class=\"block--archive-item\">\n            <div class=\"content-container\">\n\n                                    <div class=\"list-container\">\n                        <a href=\"https:\/\/saaris.de\/fr\/leistungen\/gruenden-und-kreatives\/gruenderberatung\/\" target=\"\" rel=\"\">\n                            <div class=\"archive--item\">\n                                <div class=\"item--image\">\n                                    <img decoding=\"async\" src=\"https:\/\/saaris.de\/wp-content\/uploads\/2022\/03\/AdobeStock_71183939_Betriebsberatung_Kachel.jpeg\" title=\"\" alt=\"\" loading=\"lazy\" \/>                                <\/div>\n                                <div class=\"item--content\">\n                                    <h3>Programme de conseil en cr\u00e9ation d\u2019entreprise en Sarre<\/h3>\n                                    <p class=\"text-3-lines\">Si vous souhaitez faire appel \u00e0 des conseillers externes pour l\u2019\u00e9laboration ou l\u2019optimisation de vos concepts de cr\u00e9ation d\u2019entreprise, le \u00abprogramme de conseil de la Sarre\u00bb vous propose des subventions pour les co\u00fbts...<\/p>\n                                    <p class=\"read-more\"><i class=\"icon icon-arrow-solid-right\"><\/i>En savoir plus<\/p>\n                                <\/div>\n                            <\/div>\n                        <\/a>\n                    <\/div>\n                \n            <\/div>\n        <\/section>\n\n        \t\t\t\t<\/div>\n\t\t\t\t<\/div>\n\t\t\t\t<div class=\"elementor-element elementor-element-001c026 elementor-widget elementor-widget-n49__archive_item\" data-id=\"001c026\" data-element_type=\"widget\" data-e-type=\"widget\" data-widget_type=\"n49__archive_item.default\">\n\t\t\t\t<div class=\"elementor-widget-container\">\n\t\t\t\t\t\n        <section class=\"block--archive-item\">\n            <div class=\"content-container\">\n\n                                    <div class=\"list-container\">\n                        <a href=\"https:\/\/saaris.de\/fr\/leistungen\/technologietransfer\/innovationsfoerderung\/\" target=\"\" rel=\"\">\n                            <div class=\"archive--item\">\n                                <div class=\"item--image\">\n                                    <img decoding=\"async\" src=\"https:\/\/saaris.de\/wp-content\/uploads\/2022\/03\/AdobeStock_293401044_ForderprogrammTuI_Kachel-1.jpeg\" title=\"F\u00f6rderprogramme\" alt=\"F\u00f6rderprogramme\" loading=\"lazy\" \/>                                <\/div>\n                                <div class=\"item--content\">\n                                    <h3>Horizont Europe<\/h3>\n                                    <p class=\"text-3-lines\">Le Land, l\u2019\u00c9tat f\u00e9d\u00e9ral et l\u2019UE proposent une multitude de programmes de soutien aux activit\u00e9s de recherche et de d\u00e9veloppement. L\u2019objectif est d\u2019augmenter la force d\u2019innovation des petites et moyennes entreprises commerciales par le biais d\u2019aides financi\u00e8res et d\u2019am\u00e9liorer ainsi leur comp\u00e9titivit\u00e9.<\/p>\n                                    <p class=\"read-more\"><i class=\"icon icon-arrow-solid-right\"><\/i>En savoir plus<\/p>\n                                <\/div>\n                            <\/div>\n                        <\/a>\n                    <\/div>\n                \n            <\/div>\n        <\/section>\n\n        \t\t\t\t<\/div>\n\t\t\t\t<\/div>\n\t\t\t\t<div class=\"elementor-element elementor-element-0de5619 elementor-widget elementor-widget-n49__archive_item\" data-id=\"0de5619\" data-element_type=\"widget\" data-e-type=\"widget\" data-widget_type=\"n49__archive_item.default\">\n\t\t\t\t<div class=\"elementor-widget-container\">\n\t\t\t\t\t\n        <section class=\"block--archive-item\">\n            <div class=\"content-container\">\n\n                                    <div class=\"list-container\">\n                        <a href=\"https:\/\/saaris.de\/fr\/leistungen\/technologietransfer\/patente-schutzrechte\/\" target=\"\" rel=\"\">\n                            <div class=\"archive--item\">\n                                <div class=\"item--image\">\n                                    <img decoding=\"async\" src=\"https:\/\/saaris.de\/wp-content\/uploads\/2022\/03\/AdobeStock_393652006_Patente_Kachel-1.jpeg\" title=\"Recht\" alt=\"Recht\" loading=\"lazy\" \/>                                <\/div>\n                                <div class=\"item--content\">\n                                    <h3>WIPANO<\/h3>\n                                    <p class=\"text-3-lines\">Dans le cadre du programme de soutien WIPANO de BMWi, les petites et moyennes entreprises sont soutenues dans la protection juridique et l\u2019exploitation \u00e9conomique de leurs id\u00e9es innovantes.<\/p>\n                                    <p class=\"read-more\"><i class=\"icon icon-arrow-solid-right\"><\/i>En savoir plus<\/p>\n                                <\/div>\n                            <\/div>\n                        <\/a>\n                    <\/div>\n                \n            <\/div>\n        <\/section>\n\n        \t\t\t\t<\/div>\n\t\t\t\t<\/div>\n\t\t\t\t\t<\/div>\n\t\t<\/div>\n\t\t\t\t\t<\/div>\n\t\t<\/section>\n\t\t\t\t<\/div>\n\t\t","protected":false},"excerpt":{"rendered":"<p>Promotion du savoir-faire entrepreneurial Le conseil en phase de d\u00e9marrage et de consolidation doit notamment aider les entreprises \u00e0 se [&hellip;]<\/p>\n","protected":false},"author":61,"featured_media":36748,"parent":0,"menu_order":3,"comment_status":"closed","ping_status":"closed","template":"","meta":{"_acf_changed":false,"footnotes":""},"class_list":["post-43254","page","type-page","status-publish","has-post-thumbnail","hentry"],"acf":[],"yoast_head":"<!-- This site is optimized with the Yoast SEO plugin v27.3 - https:\/\/yoast.com\/product\/yoast-seo-wordpress\/ -->\n<title>Dispositif de subventions<\/title>\n<meta name=\"robots\" content=\"index, follow, max-snippet:-1, max-image-preview:large, max-video-preview:-1\" \/>\n<link rel=\"canonical\" href=\"https:\/\/saaris.de\/fr\/foerderprogramme\/\" \/>\n<meta property=\"og:locale\" content=\"fr_FR\" \/>\n<meta property=\"og:type\" content=\"article\" \/>\n<meta property=\"og:title\" content=\"Dispositif de subventions\" \/>\n<meta property=\"og:description\" content=\"Promotion du savoir-faire entrepreneurial Le conseil en phase de d\u00e9marrage et de consolidation doit notamment aider les entreprises \u00e0 se [&hellip;]\" \/>\n<meta property=\"og:url\" content=\"https:\/\/saaris.de\/fr\/foerderprogramme\/\" \/>\n<meta property=\"og:site_name\" content=\"saaris\" \/>\n<meta property=\"article:publisher\" content=\"https:\/\/www.facebook.com\/saaris\" \/>\n<meta property=\"article:modified_time\" content=\"2026-02-23T12:40:06+00:00\" \/>\n<meta property=\"og:image\" content=\"https:\/\/saaris.de\/wp-content\/uploads\/2022\/07\/Foerderprogramme_Kachel.png\" \/>\n\t<meta property=\"og:image:width\" content=\"400\" \/>\n\t<meta property=\"og:image:height\" content=\"300\" \/>\n\t<meta property=\"og:image:type\" content=\"image\/png\" \/>\n<meta name=\"twitter:card\" content=\"summary_large_image\" \/>\n<meta name=\"twitter:site\" content=\"@saaris_ikt\" \/>\n<meta name=\"twitter:label1\" content=\"Dur\u00e9e de lecture estim\u00e9e\" \/>\n\t<meta name=\"twitter:data1\" content=\"2 minutes\" \/>\n<script type=\"application\/ld+json\" class=\"yoast-schema-graph\">{\"@context\":\"https:\\\/\\\/schema.org\",\"@graph\":[{\"@type\":\"WebPage\",\"@id\":\"https:\\\/\\\/saaris.de\\\/fr\\\/foerderprogramme\\\/\",\"url\":\"https:\\\/\\\/saaris.de\\\/fr\\\/foerderprogramme\\\/\",\"name\":\"Dispositif de subventions\",\"isPartOf\":{\"@id\":\"https:\\\/\\\/saaris.de\\\/fr\\\/#website\"},\"primaryImageOfPage\":{\"@id\":\"https:\\\/\\\/saaris.de\\\/fr\\\/foerderprogramme\\\/#primaryimage\"},\"image\":{\"@id\":\"https:\\\/\\\/saaris.de\\\/fr\\\/foerderprogramme\\\/#primaryimage\"},\"thumbnailUrl\":\"https:\\\/\\\/saaris.de\\\/wp-content\\\/uploads\\\/2022\\\/07\\\/Foerderprogramme_Kachel.png\",\"datePublished\":\"2022-06-29T13:58:42+00:00\",\"dateModified\":\"2026-02-23T12:40:06+00:00\",\"breadcrumb\":{\"@id\":\"https:\\\/\\\/saaris.de\\\/fr\\\/foerderprogramme\\\/#breadcrumb\"},\"inLanguage\":\"fr-FR\",\"potentialAction\":[{\"@type\":\"ReadAction\",\"target\":[\"https:\\\/\\\/saaris.de\\\/fr\\\/foerderprogramme\\\/\"]}]},{\"@type\":\"ImageObject\",\"inLanguage\":\"fr-FR\",\"@id\":\"https:\\\/\\\/saaris.de\\\/fr\\\/foerderprogramme\\\/#primaryimage\",\"url\":\"https:\\\/\\\/saaris.de\\\/wp-content\\\/uploads\\\/2022\\\/07\\\/Foerderprogramme_Kachel.png\",\"contentUrl\":\"https:\\\/\\\/saaris.de\\\/wp-content\\\/uploads\\\/2022\\\/07\\\/Foerderprogramme_Kachel.png\",\"width\":400,\"height\":300},{\"@type\":\"BreadcrumbList\",\"@id\":\"https:\\\/\\\/saaris.de\\\/fr\\\/foerderprogramme\\\/#breadcrumb\",\"itemListElement\":[{\"@type\":\"ListItem\",\"position\":1,\"name\":\"Home\",\"item\":\"https:\\\/\\\/saaris.de\\\/fr\\\/\"},{\"@type\":\"ListItem\",\"position\":2,\"name\":\"Dispositif de subventions\"}]},{\"@type\":\"WebSite\",\"@id\":\"https:\\\/\\\/saaris.de\\\/fr\\\/#website\",\"url\":\"https:\\\/\\\/saaris.de\\\/fr\\\/\",\"name\":\"saaris\",\"description\":\"saarland.innovation&amp;standort e. V.\",\"publisher\":{\"@id\":\"https:\\\/\\\/saaris.de\\\/fr\\\/#organization\"},\"potentialAction\":[{\"@type\":\"SearchAction\",\"target\":{\"@type\":\"EntryPoint\",\"urlTemplate\":\"https:\\\/\\\/saaris.de\\\/fr\\\/?s={search_term_string}\"},\"query-input\":{\"@type\":\"PropertyValueSpecification\",\"valueRequired\":true,\"valueName\":\"search_term_string\"}}],\"inLanguage\":\"fr-FR\"},{\"@type\":\"Organization\",\"@id\":\"https:\\\/\\\/saaris.de\\\/fr\\\/#organization\",\"name\":\"saaris\",\"url\":\"https:\\\/\\\/saaris.de\\\/fr\\\/\",\"logo\":{\"@type\":\"ImageObject\",\"inLanguage\":\"fr-FR\",\"@id\":\"https:\\\/\\\/saaris.de\\\/fr\\\/#\\\/schema\\\/logo\\\/image\\\/\",\"url\":\"https:\\\/\\\/saaris.de\\\/wp-content\\\/uploads\\\/2022\\\/03\\\/saaris-logo-footer.jpg\",\"contentUrl\":\"https:\\\/\\\/saaris.de\\\/wp-content\\\/uploads\\\/2022\\\/03\\\/saaris-logo-footer.jpg\",\"width\":175,\"height\":80,\"caption\":\"saaris\"},\"image\":{\"@id\":\"https:\\\/\\\/saaris.de\\\/fr\\\/#\\\/schema\\\/logo\\\/image\\\/\"},\"sameAs\":[\"https:\\\/\\\/www.facebook.com\\\/saaris\",\"https:\\\/\\\/x.com\\\/saaris_ikt\"]}]}<\/script>\n<!-- \/ Yoast SEO plugin. -->","yoast_head_json":{"title":"Dispositif de subventions","robots":{"index":"index","follow":"follow","max-snippet":"max-snippet:-1","max-image-preview":"max-image-preview:large","max-video-preview":"max-video-preview:-1"},"canonical":"https:\/\/saaris.de\/fr\/foerderprogramme\/","og_locale":"fr_FR","og_type":"article","og_title":"Dispositif de subventions","og_description":"Promotion du savoir-faire entrepreneurial Le conseil en phase de d\u00e9marrage et de consolidation doit notamment aider les entreprises \u00e0 se [&hellip;]","og_url":"https:\/\/saaris.de\/fr\/foerderprogramme\/","og_site_name":"saaris","article_publisher":"https:\/\/www.facebook.com\/saaris","article_modified_time":"2026-02-23T12:40:06+00:00","og_image":[{"width":400,"height":300,"url":"https:\/\/saaris.de\/wp-content\/uploads\/2022\/07\/Foerderprogramme_Kachel.png","type":"image\/png"}],"twitter_card":"summary_large_image","twitter_site":"@saaris_ikt","twitter_misc":{"Dur\u00e9e de lecture estim\u00e9e":"2 minutes"},"schema":{"@context":"https:\/\/schema.org","@graph":[{"@type":"WebPage","@id":"https:\/\/saaris.de\/fr\/foerderprogramme\/","url":"https:\/\/saaris.de\/fr\/foerderprogramme\/","name":"Dispositif de subventions","isPartOf":{"@id":"https:\/\/saaris.de\/fr\/#website"},"primaryImageOfPage":{"@id":"https:\/\/saaris.de\/fr\/foerderprogramme\/#primaryimage"},"image":{"@id":"https:\/\/saaris.de\/fr\/foerderprogramme\/#primaryimage"},"thumbnailUrl":"https:\/\/saaris.de\/wp-content\/uploads\/2022\/07\/Foerderprogramme_Kachel.png","datePublished":"2022-06-29T13:58:42+00:00","dateModified":"2026-02-23T12:40:06+00:00","breadcrumb":{"@id":"https:\/\/saaris.de\/fr\/foerderprogramme\/#breadcrumb"},"inLanguage":"fr-FR","potentialAction":[{"@type":"ReadAction","target":["https:\/\/saaris.de\/fr\/foerderprogramme\/"]}]},{"@type":"ImageObject","inLanguage":"fr-FR","@id":"https:\/\/saaris.de\/fr\/foerderprogramme\/#primaryimage","url":"https:\/\/saaris.de\/wp-content\/uploads\/2022\/07\/Foerderprogramme_Kachel.png","contentUrl":"https:\/\/saaris.de\/wp-content\/uploads\/2022\/07\/Foerderprogramme_Kachel.png","width":400,"height":300},{"@type":"BreadcrumbList","@id":"https:\/\/saaris.de\/fr\/foerderprogramme\/#breadcrumb","itemListElement":[{"@type":"ListItem","position":1,"name":"Home","item":"https:\/\/saaris.de\/fr\/"},{"@type":"ListItem","position":2,"name":"Dispositif de subventions"}]},{"@type":"WebSite","@id":"https:\/\/saaris.de\/fr\/#website","url":"https:\/\/saaris.de\/fr\/","name":"saaris","description":"saarland.innovation&amp;standort e. V.","publisher":{"@id":"https:\/\/saaris.de\/fr\/#organization"},"potentialAction":[{"@type":"SearchAction","target":{"@type":"EntryPoint","urlTemplate":"https:\/\/saaris.de\/fr\/?s={search_term_string}"},"query-input":{"@type":"PropertyValueSpecification","valueRequired":true,"valueName":"search_term_string"}}],"inLanguage":"fr-FR"},{"@type":"Organization","@id":"https:\/\/saaris.de\/fr\/#organization","name":"saaris","url":"https:\/\/saaris.de\/fr\/","logo":{"@type":"ImageObject","inLanguage":"fr-FR","@id":"https:\/\/saaris.de\/fr\/#\/schema\/logo\/image\/","url":"https:\/\/saaris.de\/wp-content\/uploads\/2022\/03\/saaris-logo-footer.jpg","contentUrl":"https:\/\/saaris.de\/wp-content\/uploads\/2022\/03\/saaris-logo-footer.jpg","width":175,"height":80,"caption":"saaris"},"image":{"@id":"https:\/\/saaris.de\/fr\/#\/schema\/logo\/image\/"},"sameAs":["https:\/\/www.facebook.com\/saaris","https:\/\/x.com\/saaris_ikt"]}]}},"publishpress_future_workflow_manual_trigger":{"enabledWorkflows":[]},"_links":{"self":[{"href":"https:\/\/saaris.de\/fr\/wp-json\/wp\/v2\/pages\/43254","targetHints":{"allow":["GET"]}}],"collection":[{"href":"https:\/\/saaris.de\/fr\/wp-json\/wp\/v2\/pages"}],"about":[{"href":"https:\/\/saaris.de\/fr\/wp-json\/wp\/v2\/types\/page"}],"author":[{"embeddable":true,"href":"https:\/\/saaris.de\/fr\/wp-json\/wp\/v2\/users\/61"}],"replies":[{"embeddable":true,"href":"https:\/\/saaris.de\/fr\/wp-json\/wp\/v2\/comments?post=43254"}],"version-history":[{"count":37,"href":"https:\/\/saaris.de\/fr\/wp-json\/wp\/v2\/pages\/43254\/revisions"}],"predecessor-version":[{"id":69913,"href":"https:\/\/saaris.de\/fr\/wp-json\/wp\/v2\/pages\/43254\/revisions\/69913"}],"wp:featuredmedia":[{"embeddable":true,"href":"https:\/\/saaris.de\/fr\/wp-json\/wp\/v2\/media\/36748"}],"wp:attachment":[{"href":"https:\/\/saaris.de\/fr\/wp-json\/wp\/v2\/media?parent=43254"}],"curies":[{"name":"wp","href":"https:\/\/api.w.org\/{rel}","templated":true}]}}