{"id":43739,"date":"2022-10-05T08:43:13","date_gmt":"2022-10-05T06:43:13","guid":{"rendered":"https:\/\/saaris.de\/?page_id=43739"},"modified":"2023-04-12T10:13:06","modified_gmt":"2023-04-12T08:13:06","slug":"einstiegsberatung-silicon-valley","status":"publish","type":"page","link":"https:\/\/saaris.de\/en\/einstiegsberatung-silicon-valley\/","title":{"rendered":"Einstiegsberatung Silicon Valley"},"content":{"rendered":"\t\t<div data-elementor-type=\"wp-page\" data-elementor-id=\"43739\" class=\"elementor elementor-43739 elementor-23608\" data-elementor-post-type=\"page\">\n\t\t\t\t\t\t<section class=\"elementor-section elementor-top-section elementor-element elementor-element-ae38e71 elementor-section-boxed elementor-section-height-default elementor-section-height-default\" data-id=\"ae38e71\" data-element_type=\"section\" data-e-type=\"section\">\n\t\t\t\t\t\t<div class=\"elementor-container elementor-column-gap-default\">\n\t\t\t\t\t<div class=\"elementor-column elementor-col-100 elementor-top-column elementor-element elementor-element-40f9f1d\" data-id=\"40f9f1d\" data-element_type=\"column\" data-e-type=\"column\">\n\t\t\t<div class=\"elementor-widget-wrap elementor-element-populated\">\n\t\t\t\t\t\t<div class=\"elementor-element elementor-element-d77a14a elementor-widget elementor-widget-spacer\" data-id=\"d77a14a\" data-element_type=\"widget\" data-e-type=\"widget\" data-widget_type=\"spacer.default\">\n\t\t\t\t<div class=\"elementor-widget-container\">\n\t\t\t\t\t\t\t<div class=\"elementor-spacer\">\n\t\t\t<div class=\"elementor-spacer-inner\"><\/div>\n\t\t<\/div>\n\t\t\t\t\t\t<\/div>\n\t\t\t\t<\/div>\n\t\t\t\t<div class=\"elementor-element elementor-element-5db5015 elementor-widget elementor-widget-heading\" data-id=\"5db5015\" data-element_type=\"widget\" data-e-type=\"widget\" data-widget_type=\"heading.default\">\n\t\t\t\t<div class=\"elementor-widget-container\">\n\t\t\t\t\t<h2 class=\"elementor-heading-title elementor-size-default\">Kostenlose Einstiegsberatung<\/h2>\t\t\t\t<\/div>\n\t\t\t\t<\/div>\n\t\t\t\t<div class=\"elementor-element elementor-element-f622b75 elementor-widget elementor-widget-text-editor\" data-id=\"f622b75\" data-element_type=\"widget\" data-e-type=\"widget\" data-widget_type=\"text-editor.default\">\n\t\t\t\t<div class=\"elementor-widget-container\">\n\t\t\t\t\t\t\t\t\t<p>Saarl\u00e4ndische Startups und KMU k\u00f6nnen \u00fcber Saarland International @ Silicon Valley eine kostenlose Einstiegsberatung zum Silicon Valley erhalten. Die Anmeldung erfolgt \u00fcber folgenden Fragebogen.<\/p><p>Bei der kostenlosen Beratung handelt es sich um eine F\u00f6rderung im Rahmen der De-minimis-Beihilfe.<\/p>\t\t\t\t\t\t\t\t<\/div>\n\t\t\t\t<\/div>\n\t\t\t\t<div class=\"elementor-element elementor-element-a482c59 elementor-widget elementor-widget-wpforms\" data-id=\"a482c59\" data-element_type=\"widget\" data-e-type=\"widget\" data-widget_type=\"wpforms.default\">\n\t\t\t\t<div class=\"elementor-widget-container\">\n\t\t\t\t\t<div class=\"wpforms-container \" id=\"wpforms-23561\"><form id=\"wpforms-form-23561\" class=\"wpforms-validate wpforms-form wpforms-ajax-form\" data-formid=\"23561\" method=\"post\" enctype=\"multipart\/form-data\" action=\"\/en\/wp-json\/wp\/v2\/pages\/43739\" data-token=\"2e5a5357fa36856116ab0fea04bd563c\" data-token-time=\"1778062973\"><noscript class=\"wpforms-error-noscript\">Please enable JavaScript in your browser to complete this form.<\/noscript><div class=\"wpforms-field-container\"><div id=\"wpforms-23561-field_1-container\" class=\"wpforms-field wpforms-field-text\" data-field-id=\"1\"><label class=\"wpforms-field-label\" for=\"wpforms-23561-field_1\">Anrede<\/label><input type=\"text\" id=\"wpforms-23561-field_1\" class=\"wpforms-field-medium\" name=\"wpforms[fields][1]\" ><\/div><div id=\"wpforms-23561-field_6-container\" class=\"wpforms-field wpforms-field-name\" data-field-id=\"6\"><label class=\"wpforms-field-label\">Name <span class=\"wpforms-required-label\">*<\/span><\/label><div class=\"wpforms-field-row wpforms-field-medium\"><div class=\"wpforms-field-row-block wpforms-first wpforms-one-half\"><input type=\"text\" id=\"wpforms-23561-field_6\" class=\"wpforms-field-name-first wpforms-field-required\" name=\"wpforms[fields][6][first]\" required><label for=\"wpforms-23561-field_6\" class=\"wpforms-field-sublabel after\">First<\/label><\/div><div class=\"wpforms-field-row-block wpforms-one-half\"><input type=\"text\" id=\"wpforms-23561-field_6-last\" class=\"wpforms-field-name-last wpforms-field-required\" name=\"wpforms[fields][6][last]\" required><label for=\"wpforms-23561-field_6-last\" class=\"wpforms-field-sublabel after\">Last<\/label><\/div><\/div><\/div><div id=\"wpforms-23561-field_3-container\" class=\"wpforms-field wpforms-field-text\" data-field-id=\"3\"><label class=\"wpforms-field-label\" for=\"wpforms-23561-field_3\">Firma<\/label><input type=\"text\" id=\"wpforms-23561-field_3\" class=\"wpforms-field-medium\" name=\"wpforms[fields][3]\" ><\/div><div id=\"wpforms-23561-field_4-container\" class=\"wpforms-field wpforms-field-text\" data-field-id=\"4\"><label class=\"wpforms-field-label\" for=\"wpforms-23561-field_4\">Anschrift<\/label><input type=\"text\" id=\"wpforms-23561-field_4\" class=\"wpforms-field-medium\" name=\"wpforms[fields][4]\" ><\/div><div id=\"wpforms-23561-field_8-container\" class=\"wpforms-field wpforms-field-email\" data-field-id=\"8\"><label class=\"wpforms-field-label\" for=\"wpforms-23561-field_8\">E-Mail <span class=\"wpforms-required-label\">*<\/span><\/label><input type=\"email\" id=\"wpforms-23561-field_8\" class=\"wpforms-field-medium wpforms-field-required\" name=\"wpforms[fields][8]\" spellcheck=\"false\" required><\/div><div id=\"wpforms-23561-field_9-container\" class=\"wpforms-field wpforms-field-phone\" data-field-id=\"9\"><label class=\"wpforms-field-label\" for=\"wpforms-23561-field_9\">Telefon<\/label><input type=\"tel\" id=\"wpforms-23561-field_9\" class=\"wpforms-field-medium wpforms-smart-phone-field\" data-rule-smart-phone-field=\"true\" name=\"wpforms[fields][9]\" aria-label=\"Telefon\" ><\/div><div id=\"wpforms-23561-field_10-container\" class=\"wpforms-field wpforms-field-url\" data-field-id=\"10\"><label class=\"wpforms-field-label\" for=\"wpforms-23561-field_10\">Website \/ URL<\/label><input type=\"url\" id=\"wpforms-23561-field_10\" class=\"wpforms-field-medium\" name=\"wpforms[fields][10]\" ><\/div><div id=\"wpforms-23561-field_5-container\" class=\"wpforms-field wpforms-field-text\" data-field-id=\"5\"><label class=\"wpforms-field-label\" for=\"wpforms-23561-field_5\">Gr\u00fcndungsjahr<\/label><input type=\"text\" id=\"wpforms-23561-field_5\" class=\"wpforms-field-medium\" name=\"wpforms[fields][5]\" ><\/div><div id=\"wpforms-23561-field_11-container\" class=\"wpforms-field wpforms-field-text\" data-field-id=\"11\"><label class=\"wpforms-field-label\" for=\"wpforms-23561-field_11\">Branche<\/label><input type=\"text\" id=\"wpforms-23561-field_11\" class=\"wpforms-field-medium\" name=\"wpforms[fields][11]\" ><\/div><div id=\"wpforms-23561-field_12-container\" class=\"wpforms-field wpforms-field-text\" data-field-id=\"12\"><label class=\"wpforms-field-label\" for=\"wpforms-23561-field_12\">Anzahl der Mitarbeiter<\/label><input type=\"text\" id=\"wpforms-23561-field_12\" class=\"wpforms-field-medium\" name=\"wpforms[fields][12]\" ><\/div><div id=\"wpforms-23561-field_13-container\" class=\"wpforms-field wpforms-field-richtext wpforms-field-medium\" data-field-id=\"13\"><label class=\"wpforms-field-label\" for=\"wpforms-23561-field_13\">Gesch\u00e4ftsmodell und USP<\/label><div id=\"wp-wpforms-23561-field_13-wrap\" class=\"wp-core-ui wp-editor-wrap tmce-active\"><link rel='stylesheet' id='dashicons-css' href='https:\/\/saaris.de\/wp-includes\/css\/dashicons.min.css?ver=6.9.4' type='text\/css' media='all' \/>\n<link rel='stylesheet' id='editor-buttons-css' href='https:\/\/saaris.de\/wp-includes\/css\/editor.min.css?ver=6.9.4' type='text\/css' media='all' \/>\n<div id=\"wp-wpforms-23561-field_13-editor-tools\" class=\"wp-editor-tools hide-if-no-js\"><div class=\"wp-editor-tabs\"><button type=\"button\" id=\"wpforms-23561-field_13-tmce\" aria-pressed=\"true\" class=\"wp-switch-editor switch-tmce\" data-wp-editor-id=\"wpforms-23561-field_13\">Visual<\/button>\n<button type=\"button\" id=\"wpforms-23561-field_13-html\" class=\"wp-switch-editor switch-html\" data-wp-editor-id=\"wpforms-23561-field_13\">Code<\/button>\n<\/div>\n<\/div>\n<div id=\"wp-wpforms-23561-field_13-editor-container\" class=\"wp-editor-container\"><div id=\"qt_wpforms-23561-field_13_toolbar\" class=\"quicktags-toolbar hide-if-no-js\"><\/div><textarea class=\"wp-editor-area\" style=\"height: 120px\" autocomplete=\"off\" cols=\"40\" name=\"wpforms[fields][13]\" id=\"wpforms-23561-field_13\"><\/textarea><\/div>\n<\/div>\n\n<\/div><div id=\"wpforms-23561-field_14-container\" class=\"wpforms-field wpforms-field-richtext wpforms-field-medium\" data-field-id=\"14\"><label class=\"wpforms-field-label\" for=\"wpforms-23561-field_14\">Warum streben Sie ein Internationalisierungsvorhaben im Silicon Valley an? Was wollen Sie mit dem Auslandsengagement erreichen?<\/label><div id=\"wp-wpforms-23561-field_14-wrap\" class=\"wp-core-ui wp-editor-wrap tmce-active\"><div id=\"wp-wpforms-23561-field_14-editor-tools\" class=\"wp-editor-tools hide-if-no-js\"><div class=\"wp-editor-tabs\"><button type=\"button\" id=\"wpforms-23561-field_14-tmce\" aria-pressed=\"true\" class=\"wp-switch-editor switch-tmce\" data-wp-editor-id=\"wpforms-23561-field_14\">Visual<\/button>\n<button type=\"button\" id=\"wpforms-23561-field_14-html\" class=\"wp-switch-editor switch-html\" data-wp-editor-id=\"wpforms-23561-field_14\">Code<\/button>\n<\/div>\n<\/div>\n<div id=\"wp-wpforms-23561-field_14-editor-container\" class=\"wp-editor-container\"><div id=\"qt_wpforms-23561-field_14_toolbar\" class=\"quicktags-toolbar hide-if-no-js\"><\/div><textarea class=\"wp-editor-area\" style=\"height: 120px\" autocomplete=\"off\" cols=\"40\" name=\"wpforms[fields][14]\" id=\"wpforms-23561-field_14\"><\/textarea><\/div>\n<\/div>\n\n<\/div><div id=\"wpforms-23561-field_15-container\" class=\"wpforms-field wpforms-field-richtext wpforms-field-medium\" data-field-id=\"15\"><label class=\"wpforms-field-label\" for=\"wpforms-23561-field_15\">Haben Sie bereits Kontakte ins Silicon Valley?<\/label><div id=\"wp-wpforms-23561-field_15-wrap\" class=\"wp-core-ui wp-editor-wrap tmce-active\"><div id=\"wp-wpforms-23561-field_15-editor-tools\" class=\"wp-editor-tools hide-if-no-js\"><div class=\"wp-editor-tabs\"><button type=\"button\" id=\"wpforms-23561-field_15-tmce\" aria-pressed=\"true\" class=\"wp-switch-editor switch-tmce\" data-wp-editor-id=\"wpforms-23561-field_15\">Visual<\/button>\n<button type=\"button\" id=\"wpforms-23561-field_15-html\" class=\"wp-switch-editor switch-html\" data-wp-editor-id=\"wpforms-23561-field_15\">Code<\/button>\n<\/div>\n<\/div>\n<div id=\"wp-wpforms-23561-field_15-editor-container\" class=\"wp-editor-container\"><div id=\"qt_wpforms-23561-field_15_toolbar\" class=\"quicktags-toolbar hide-if-no-js\"><\/div><textarea class=\"wp-editor-area\" style=\"height: 120px\" autocomplete=\"off\" cols=\"40\" name=\"wpforms[fields][15]\" id=\"wpforms-23561-field_15\"><\/textarea><\/div>\n<\/div>\n\n<\/div><div id=\"wpforms-23561-field_16-container\" class=\"wpforms-field wpforms-field-richtext wpforms-field-medium\" data-field-id=\"16\"><label class=\"wpforms-field-label\" for=\"wpforms-23561-field_16\">Zu welchen Themen ben\u00f6tigen Sie Beratung von Saarland International @ Silicon Valley?<\/label><div id=\"wp-wpforms-23561-field_16-wrap\" class=\"wp-core-ui wp-editor-wrap tmce-active\"><div id=\"wp-wpforms-23561-field_16-editor-tools\" class=\"wp-editor-tools hide-if-no-js\"><div class=\"wp-editor-tabs\"><button type=\"button\" id=\"wpforms-23561-field_16-tmce\" aria-pressed=\"true\" class=\"wp-switch-editor switch-tmce\" data-wp-editor-id=\"wpforms-23561-field_16\">Visual<\/button>\n<button type=\"button\" id=\"wpforms-23561-field_16-html\" class=\"wp-switch-editor switch-html\" data-wp-editor-id=\"wpforms-23561-field_16\">Code<\/button>\n<\/div>\n<\/div>\n<div id=\"wp-wpforms-23561-field_16-editor-container\" class=\"wp-editor-container\"><div id=\"qt_wpforms-23561-field_16_toolbar\" class=\"quicktags-toolbar hide-if-no-js\"><\/div><textarea class=\"wp-editor-area\" style=\"height: 120px\" autocomplete=\"off\" cols=\"40\" name=\"wpforms[fields][16]\" id=\"wpforms-23561-field_16\"><\/textarea><\/div>\n<\/div>\n\n<\/div><div id=\"wpforms-23561-field_17-container\" class=\"wpforms-field wpforms-field-richtext wpforms-field-medium\" data-field-id=\"17\"><label class=\"wpforms-field-label\" for=\"wpforms-23561-field_17\">Welches Ergebnis erwarten Sie von der Beratung?<\/label><div id=\"wp-wpforms-23561-field_17-wrap\" class=\"wp-core-ui wp-editor-wrap tmce-active\"><div id=\"wp-wpforms-23561-field_17-editor-tools\" class=\"wp-editor-tools hide-if-no-js\"><div class=\"wp-editor-tabs\"><button type=\"button\" id=\"wpforms-23561-field_17-tmce\" aria-pressed=\"true\" class=\"wp-switch-editor switch-tmce\" data-wp-editor-id=\"wpforms-23561-field_17\">Visual<\/button>\n<button type=\"button\" id=\"wpforms-23561-field_17-html\" class=\"wp-switch-editor switch-html\" data-wp-editor-id=\"wpforms-23561-field_17\">Code<\/button>\n<\/div>\n<\/div>\n<div id=\"wp-wpforms-23561-field_17-editor-container\" class=\"wp-editor-container\"><div id=\"qt_wpforms-23561-field_17_toolbar\" class=\"quicktags-toolbar hide-if-no-js\"><\/div><textarea class=\"wp-editor-area\" style=\"height: 120px\" autocomplete=\"off\" cols=\"40\" name=\"wpforms[fields][17]\" id=\"wpforms-23561-field_17\"><\/textarea><\/div>\n<\/div>\n\n<\/div><div id=\"wpforms-23561-field_19-container\" class=\"wpforms-field wpforms-field-checkbox\" data-field-id=\"19\"><label class=\"wpforms-field-label\">Bei dieser F\u00f6rderung handelt es sich um die Gew\u00e4hrung der De-minimis-Beihilfe, die nur Unternehmen gew\u00e4hrt werden kann, die der KMU-Definition der Euop\u00e4ischen Kommission entsprechen. Informationen hierzu entnehmen Sie bitte dem &quot;Benutzerleitfaden zur Definition von KMU&quot; der Europ\u00e4ischen Kommission.<\/label><ul id=\"wpforms-23561-field_19\"><li class=\"choice-1 depth-1\"><input type=\"checkbox\" id=\"wpforms-23561-field_19_1\" name=\"wpforms[fields][19][]\" value=\"Ja, ich bin ein KMU.\"  ><label class=\"wpforms-field-label-inline\" for=\"wpforms-23561-field_19_1\">Ja, ich bin ein KMU.<\/label><\/li><li class=\"choice-2 depth-1\"><input type=\"checkbox\" id=\"wpforms-23561-field_19_2\" name=\"wpforms[fields][19][]\" value=\"Nein, ich bin kein KMU.\"  ><label class=\"wpforms-field-label-inline\" for=\"wpforms-23561-field_19_2\">Nein, ich bin kein KMU.<\/label><\/li><\/ul><\/div><div id=\"wpforms-23561-field_20-container\" class=\"wpforms-field wpforms-field-gdpr-checkbox\" data-field-id=\"20\"><label class=\"wpforms-field-label\">DSGVO-Einverst\u00e4ndnis <span class=\"wpforms-required-label\">*<\/span><\/label><ul id=\"wpforms-23561-field_20\" class=\"wpforms-field-required\"><li class=\"choice-1\"><input type=\"checkbox\" id=\"wpforms-23561-field_20_1\" name=\"wpforms[fields][20][]\" value=\"Ich willige ein, dass diese Website meine \u00fcbermittelten Informationen speichert, sodass meine Anfrage beantwortet werden kann.\" required ><label class=\"wpforms-field-label-inline\" for=\"wpforms-23561-field_20_1\">Ich willige ein, dass diese Website meine \u00fcbermittelten Informationen speichert, sodass meine Anfrage beantwortet werden kann.<\/label><\/li><\/ul><div class=\"wpforms-field-description\"><a href=\"https:\/\/saaris.de\/datenschutzerklaerung\/\">Hier Datenschutzhinweis abrufen<\/a><\/div><\/div><\/div><!-- .wpforms-field-container --><div class=\"wpforms-submit-container\" ><input type=\"hidden\" name=\"wpforms[id]\" value=\"23561\"><input type=\"hidden\" name=\"page_title\" value=\"\"><input type=\"hidden\" name=\"page_url\" value=\"https:\/\/saaris.de\/en\/wp-json\/wp\/v2\/pages\/43739\"><input type=\"hidden\" name=\"url_referer\" value=\"\"><div class=\"frc-captcha \" data-sitekey=\"FCMGDMKUNMFMSP5S\" data-lang=\"en\" data-puzzle-endpoint=\"https:\/\/eu-api.friendlycaptcha.eu\/api\/v1\/puzzle\"><\/div>\n\t\t<noscript>You need to enable Javascript for the anti-spam check.<\/noscript><button type=\"submit\" name=\"wpforms[submit]\" id=\"wpforms-submit-23561\" class=\"wpforms-submit\" data-alt-text=\"Senden\u2026\" data-submit-text=\"Absenden\" aria-live=\"assertive\" value=\"wpforms-submit\">Absenden<\/button><img decoding=\"async\" src=\"https:\/\/saaris.de\/wp-content\/plugins\/wpforms\/assets\/images\/submit-spin.svg\" class=\"wpforms-submit-spinner\" style=\"display: none;\" width=\"26\" height=\"26\" alt=\"Loading\"><\/div><\/form><\/div>  <!-- .wpforms-container -->\t\t\t\t<\/div>\n\t\t\t\t<\/div>\n\t\t\t\t\t<\/div>\n\t\t<\/div>\n\t\t\t\t\t<\/div>\n\t\t<\/section>\n\t\t\t\t<section class=\"elementor-section elementor-top-section elementor-element elementor-element-8711218 elementor-section-boxed elementor-section-height-default elementor-section-height-default\" data-id=\"8711218\" data-element_type=\"section\" data-e-type=\"section\">\n\t\t\t\t\t\t<div class=\"elementor-container elementor-column-gap-default\">\n\t\t\t\t\t<div class=\"elementor-column elementor-col-100 elementor-top-column elementor-element elementor-element-dab6b99\" data-id=\"dab6b99\" data-element_type=\"column\" data-e-type=\"column\">\n\t\t\t<div class=\"elementor-widget-wrap elementor-element-populated\">\n\t\t\t\t\t\t<div class=\"elementor-element elementor-element-089aba6 elementor-widget elementor-widget-spacer\" data-id=\"089aba6\" data-element_type=\"widget\" data-e-type=\"widget\" data-widget_type=\"spacer.default\">\n\t\t\t\t<div class=\"elementor-widget-container\">\n\t\t\t\t\t\t\t<div class=\"elementor-spacer\">\n\t\t\t<div class=\"elementor-spacer-inner\"><\/div>\n\t\t<\/div>\n\t\t\t\t\t\t<\/div>\n\t\t\t\t<\/div>\n\t\t\t\t\t<\/div>\n\t\t<\/div>\n\t\t\t\t\t<\/div>\n\t\t<\/section>\n\t\t\t\t<\/div>\n\t\t","protected":false},"excerpt":{"rendered":"","protected":false},"author":60,"featured_media":0,"parent":0,"menu_order":9,"comment_status":"closed","ping_status":"closed","template":"","meta":{"_acf_changed":false,"footnotes":""},"class_list":["post-43739","page","type-page","status-publish","hentry"],"acf":[],"yoast_head":"<!-- This site is optimized with the Yoast SEO plugin v27.5 - https:\/\/yoast.com\/product\/yoast-seo-wordpress\/ -->\n<title>Einstiegsberatung Silicon Valley<\/title>\n<meta name=\"robots\" content=\"index, follow, max-snippet:-1, max-image-preview:large, max-video-preview:-1\" \/>\n<link rel=\"canonical\" href=\"https:\/\/saaris.de\/en\/einstiegsberatung-silicon-valley\/\" \/>\n<meta property=\"og:locale\" content=\"en_US\" \/>\n<meta property=\"og:type\" content=\"article\" \/>\n<meta property=\"og:title\" content=\"Einstiegsberatung Silicon Valley\" \/>\n<meta property=\"og:url\" content=\"https:\/\/saaris.de\/en\/einstiegsberatung-silicon-valley\/\" \/>\n<meta property=\"og:site_name\" content=\"saaris\" \/>\n<meta property=\"article:publisher\" content=\"https:\/\/www.facebook.com\/saaris\" \/>\n<meta property=\"article:modified_time\" content=\"2023-04-12T08:13:06+00:00\" \/>\n<meta name=\"twitter:card\" content=\"summary_large_image\" \/>\n<meta name=\"twitter:site\" content=\"@saaris_ikt\" \/>\n<script type=\"application\/ld+json\" class=\"yoast-schema-graph\">{\"@context\":\"https:\\\/\\\/schema.org\",\"@graph\":[{\"@type\":\"WebPage\",\"@id\":\"https:\\\/\\\/saaris.de\\\/en\\\/einstiegsberatung-silicon-valley\\\/\",\"url\":\"https:\\\/\\\/saaris.de\\\/en\\\/einstiegsberatung-silicon-valley\\\/\",\"name\":\"Einstiegsberatung Silicon Valley\",\"isPartOf\":{\"@id\":\"https:\\\/\\\/saaris.de\\\/en\\\/#website\"},\"datePublished\":\"2022-10-05T06:43:13+00:00\",\"dateModified\":\"2023-04-12T08:13:06+00:00\",\"breadcrumb\":{\"@id\":\"https:\\\/\\\/saaris.de\\\/en\\\/einstiegsberatung-silicon-valley\\\/#breadcrumb\"},\"inLanguage\":\"en-US\",\"potentialAction\":[{\"@type\":\"ReadAction\",\"target\":[\"https:\\\/\\\/saaris.de\\\/en\\\/einstiegsberatung-silicon-valley\\\/\"]}]},{\"@type\":\"BreadcrumbList\",\"@id\":\"https:\\\/\\\/saaris.de\\\/en\\\/einstiegsberatung-silicon-valley\\\/#breadcrumb\",\"itemListElement\":[{\"@type\":\"ListItem\",\"position\":1,\"name\":\"Home\",\"item\":\"https:\\\/\\\/saaris.de\\\/en\\\/\"},{\"@type\":\"ListItem\",\"position\":2,\"name\":\"Einstiegsberatung Silicon Valley\"}]},{\"@type\":\"WebSite\",\"@id\":\"https:\\\/\\\/saaris.de\\\/en\\\/#website\",\"url\":\"https:\\\/\\\/saaris.de\\\/en\\\/\",\"name\":\"saaris\",\"description\":\"saarland.innovation&amp;standort e. V.\",\"publisher\":{\"@id\":\"https:\\\/\\\/saaris.de\\\/en\\\/#organization\"},\"potentialAction\":[{\"@type\":\"SearchAction\",\"target\":{\"@type\":\"EntryPoint\",\"urlTemplate\":\"https:\\\/\\\/saaris.de\\\/en\\\/?s={search_term_string}\"},\"query-input\":{\"@type\":\"PropertyValueSpecification\",\"valueRequired\":true,\"valueName\":\"search_term_string\"}}],\"inLanguage\":\"en-US\"},{\"@type\":\"Organization\",\"@id\":\"https:\\\/\\\/saaris.de\\\/en\\\/#organization\",\"name\":\"saaris\",\"url\":\"https:\\\/\\\/saaris.de\\\/en\\\/\",\"logo\":{\"@type\":\"ImageObject\",\"inLanguage\":\"en-US\",\"@id\":\"https:\\\/\\\/saaris.de\\\/en\\\/#\\\/schema\\\/logo\\\/image\\\/\",\"url\":\"https:\\\/\\\/saaris.de\\\/wp-content\\\/uploads\\\/2022\\\/03\\\/saaris-logo-footer.jpg\",\"contentUrl\":\"https:\\\/\\\/saaris.de\\\/wp-content\\\/uploads\\\/2022\\\/03\\\/saaris-logo-footer.jpg\",\"width\":175,\"height\":80,\"caption\":\"saaris\"},\"image\":{\"@id\":\"https:\\\/\\\/saaris.de\\\/en\\\/#\\\/schema\\\/logo\\\/image\\\/\"},\"sameAs\":[\"https:\\\/\\\/www.facebook.com\\\/saaris\",\"https:\\\/\\\/x.com\\\/saaris_ikt\"]}]}<\/script>\n<!-- \/ Yoast SEO plugin. -->","yoast_head_json":{"title":"Einstiegsberatung Silicon Valley","robots":{"index":"index","follow":"follow","max-snippet":"max-snippet:-1","max-image-preview":"max-image-preview:large","max-video-preview":"max-video-preview:-1"},"canonical":"https:\/\/saaris.de\/en\/einstiegsberatung-silicon-valley\/","og_locale":"en_US","og_type":"article","og_title":"Einstiegsberatung Silicon Valley","og_url":"https:\/\/saaris.de\/en\/einstiegsberatung-silicon-valley\/","og_site_name":"saaris","article_publisher":"https:\/\/www.facebook.com\/saaris","article_modified_time":"2023-04-12T08:13:06+00:00","twitter_card":"summary_large_image","twitter_site":"@saaris_ikt","schema":{"@context":"https:\/\/schema.org","@graph":[{"@type":"WebPage","@id":"https:\/\/saaris.de\/en\/einstiegsberatung-silicon-valley\/","url":"https:\/\/saaris.de\/en\/einstiegsberatung-silicon-valley\/","name":"Einstiegsberatung Silicon Valley","isPartOf":{"@id":"https:\/\/saaris.de\/en\/#website"},"datePublished":"2022-10-05T06:43:13+00:00","dateModified":"2023-04-12T08:13:06+00:00","breadcrumb":{"@id":"https:\/\/saaris.de\/en\/einstiegsberatung-silicon-valley\/#breadcrumb"},"inLanguage":"en-US","potentialAction":[{"@type":"ReadAction","target":["https:\/\/saaris.de\/en\/einstiegsberatung-silicon-valley\/"]}]},{"@type":"BreadcrumbList","@id":"https:\/\/saaris.de\/en\/einstiegsberatung-silicon-valley\/#breadcrumb","itemListElement":[{"@type":"ListItem","position":1,"name":"Home","item":"https:\/\/saaris.de\/en\/"},{"@type":"ListItem","position":2,"name":"Einstiegsberatung Silicon Valley"}]},{"@type":"WebSite","@id":"https:\/\/saaris.de\/en\/#website","url":"https:\/\/saaris.de\/en\/","name":"saaris","description":"saarland.innovation&amp;standort e. V.","publisher":{"@id":"https:\/\/saaris.de\/en\/#organization"},"potentialAction":[{"@type":"SearchAction","target":{"@type":"EntryPoint","urlTemplate":"https:\/\/saaris.de\/en\/?s={search_term_string}"},"query-input":{"@type":"PropertyValueSpecification","valueRequired":true,"valueName":"search_term_string"}}],"inLanguage":"en-US"},{"@type":"Organization","@id":"https:\/\/saaris.de\/en\/#organization","name":"saaris","url":"https:\/\/saaris.de\/en\/","logo":{"@type":"ImageObject","inLanguage":"en-US","@id":"https:\/\/saaris.de\/en\/#\/schema\/logo\/image\/","url":"https:\/\/saaris.de\/wp-content\/uploads\/2022\/03\/saaris-logo-footer.jpg","contentUrl":"https:\/\/saaris.de\/wp-content\/uploads\/2022\/03\/saaris-logo-footer.jpg","width":175,"height":80,"caption":"saaris"},"image":{"@id":"https:\/\/saaris.de\/en\/#\/schema\/logo\/image\/"},"sameAs":["https:\/\/www.facebook.com\/saaris","https:\/\/x.com\/saaris_ikt"]}]}},"publishpress_future_workflow_manual_trigger":{"enabledWorkflows":[]},"_links":{"self":[{"href":"https:\/\/saaris.de\/en\/wp-json\/wp\/v2\/pages\/43739","targetHints":{"allow":["GET"]}}],"collection":[{"href":"https:\/\/saaris.de\/en\/wp-json\/wp\/v2\/pages"}],"about":[{"href":"https:\/\/saaris.de\/en\/wp-json\/wp\/v2\/types\/page"}],"author":[{"embeddable":true,"href":"https:\/\/saaris.de\/en\/wp-json\/wp\/v2\/users\/60"}],"replies":[{"embeddable":true,"href":"https:\/\/saaris.de\/en\/wp-json\/wp\/v2\/comments?post=43739"}],"version-history":[{"count":1,"href":"https:\/\/saaris.de\/en\/wp-json\/wp\/v2\/pages\/43739\/revisions"}],"predecessor-version":[{"id":43740,"href":"https:\/\/saaris.de\/en\/wp-json\/wp\/v2\/pages\/43739\/revisions\/43740"}],"wp:attachment":[{"href":"https:\/\/saaris.de\/en\/wp-json\/wp\/v2\/media?parent=43739"}],"curies":[{"name":"wp","href":"https:\/\/api.w.org\/{rel}","templated":true}]}}