{"id":43684,"date":"2021-05-11T11:25:47","date_gmt":"2021-05-11T09:25:47","guid":{"rendered":"https:\/\/saaris.de\/?page_id=43684"},"modified":"2024-12-12T09:21:49","modified_gmt":"2024-12-12T08:21:49","slug":"international-und-messen","status":"publish","type":"page","link":"https:\/\/saaris.de\/en\/leistungen\/international-und-messen\/","title":{"rendered":"International and exhibitions"},"content":{"rendered":"\t\t<div data-elementor-type=\"wp-page\" data-elementor-id=\"43684\" class=\"elementor elementor-43684 elementor-1298\" data-elementor-post-type=\"page\">\n\t\t\t\t\t\t<section class=\"elementor-section elementor-top-section elementor-element elementor-element-6bf7dfa elementor-section-boxed elementor-section-height-default elementor-section-height-default\" data-id=\"6bf7dfa\" data-element_type=\"section\" data-e-type=\"section\">\n\t\t\t\t\t\t<div class=\"elementor-container elementor-column-gap-default\">\n\t\t\t\t\t<div class=\"elementor-column elementor-col-100 elementor-top-column elementor-element elementor-element-31d674e\" data-id=\"31d674e\" data-element_type=\"column\" data-e-type=\"column\">\n\t\t\t<div class=\"elementor-widget-wrap elementor-element-populated\">\n\t\t\t\t\t\t<div class=\"elementor-element elementor-element-da03118 elementor-widget elementor-widget-spacer\" data-id=\"da03118\" data-element_type=\"widget\" data-e-type=\"widget\" data-widget_type=\"spacer.default\">\n\t\t\t\t<div class=\"elementor-widget-container\">\n\t\t\t\t\t\t\t<div class=\"elementor-spacer\">\n\t\t\t<div class=\"elementor-spacer-inner\"><\/div>\n\t\t<\/div>\n\t\t\t\t\t\t<\/div>\n\t\t\t\t<\/div>\n\t\t\t\t\t<\/div>\n\t\t<\/div>\n\t\t\t\t\t<\/div>\n\t\t<\/section>\n\t\t\t\t<section class=\"elementor-section elementor-top-section elementor-element elementor-element-f4bb903 elementor-section-boxed elementor-section-height-default elementor-section-height-default\" data-id=\"f4bb903\" data-element_type=\"section\" data-e-type=\"section\">\n\t\t\t\t\t\t<div class=\"elementor-container elementor-column-gap-default\">\n\t\t\t\t\t<div class=\"elementor-column elementor-col-66 elementor-top-column elementor-element elementor-element-ccf35d5\" data-id=\"ccf35d5\" data-element_type=\"column\" data-e-type=\"column\">\n\t\t\t<div class=\"elementor-widget-wrap\">\n\t\t\t\t\t\t\t<\/div>\n\t\t<\/div>\n\t\t\t\t<div class=\"elementor-column elementor-col-33 elementor-top-column elementor-element elementor-element-ad13340\" data-id=\"ad13340\" data-element_type=\"column\" data-e-type=\"column\">\n\t\t\t<div class=\"elementor-widget-wrap elementor-element-populated\">\n\t\t\t\t\t\t<div class=\"elementor-element elementor-element-41d4e74 elementor-widget elementor-widget-n49__logos\" data-id=\"41d4e74\" data-element_type=\"widget\" data-e-type=\"widget\" data-widget_type=\"n49__logos.default\">\n\t\t\t\t<div class=\"elementor-widget-container\">\n\t\t\t\t\t\n        <section class=\"block--logos\">\n            <h3>\n                            <\/h3>\n            <div class=\"logos-container\">\n                                <a href=\"https:\/\/germanys.saarland\" target=\"\">\n                        <img decoding=\"async\" src=\"https:\/\/saaris.de\/wp-content\/uploads\/2024\/12\/GS_invest_trade_service.png\" alt=\"\" title=\"GS_invest_trade_service\"\/>\n                    <\/a>\n                                                                <\/div>\n        <\/section>\n\n        \t\t\t\t<\/div>\n\t\t\t\t<\/div>\n\t\t\t\t\t<\/div>\n\t\t<\/div>\n\t\t\t\t\t<\/div>\n\t\t<\/section>\n\t\t\t\t<section class=\"elementor-section elementor-top-section elementor-element elementor-element-efb5edc elementor-section-boxed elementor-section-height-default elementor-section-height-default\" data-id=\"efb5edc\" data-element_type=\"section\" data-e-type=\"section\">\n\t\t\t\t\t\t<div class=\"elementor-container elementor-column-gap-default\">\n\t\t\t\t\t<div class=\"elementor-column elementor-col-100 elementor-top-column elementor-element elementor-element-a7b32f3\" data-id=\"a7b32f3\" data-element_type=\"column\" data-e-type=\"column\">\n\t\t\t<div class=\"elementor-widget-wrap elementor-element-populated\">\n\t\t\t\t\t\t<div class=\"elementor-element elementor-element-88fb4a8 elementor-widget elementor-widget-heading\" data-id=\"88fb4a8\" data-element_type=\"widget\" data-e-type=\"widget\" data-widget_type=\"heading.default\">\n\t\t\t\t<div class=\"elementor-widget-container\">\n\t\t\t\t\t<h2 class=\"elementor-heading-title elementor-size-default\">Aus \u201eSaarland International\u201c wird Germany\u2019s Saarland \u2013 Invest. Trade. Service. <\/h2>\t\t\t\t<\/div>\n\t\t\t\t<\/div>\n\t\t\t\t\t<\/div>\n\t\t<\/div>\n\t\t\t\t\t<\/div>\n\t\t<\/section>\n\t\t\t\t<section class=\"elementor-section elementor-top-section elementor-element elementor-element-0b8047d elementor-section-boxed elementor-section-height-default elementor-section-height-default\" data-id=\"0b8047d\" data-element_type=\"section\" data-e-type=\"section\">\n\t\t\t\t\t\t<div class=\"elementor-container elementor-column-gap-default\">\n\t\t\t\t\t<div class=\"elementor-column elementor-col-100 elementor-top-column elementor-element elementor-element-3d2c010\" data-id=\"3d2c010\" data-element_type=\"column\" data-e-type=\"column\">\n\t\t\t<div class=\"elementor-widget-wrap elementor-element-populated\">\n\t\t\t\t\t\t<div class=\"elementor-element elementor-element-518638e elementor-widget elementor-widget-text-editor\" data-id=\"518638e\" data-element_type=\"widget\" data-e-type=\"widget\" data-widget_type=\"text-editor.default\">\n\t\t\t\t<div class=\"elementor-widget-container\">\n\t\t\t\t\t\t\t\t\t<p><strong>Neue Impulse f\u00fcr Wirtschaftsf\u00f6rderung und Internationalisierung im Saarland \u2013 von Markterkundung \u00fcber Messeteilnahmen bis Unterst\u00fctzung von Start Ups!<\/strong><\/p><p>Unter der neuen Dachmarke b\u00fcndelt die gwSaar k\u00fcnftig alle Dienstleistungen zur Erschlie\u00dfung und Sicherung internationaler M\u00e4rkte sowie zur Umsetzung von Investitionsvorhaben. Die \u00dcbernahme der bisherigen \u201eSaarland International\u201c-Bereiche Trade Promotion und internationale Messen durch die gwSaar macht die Schaffung neuer Formate m\u00f6glich. Davon profitieren expansionsbereite Unternehmen aus dem Saarland ebenso wie nationale und internationale Investoren auf der Suche nach einem Standort.<\/p><p><strong>Erweiterte Angebote, bew\u00e4hrte Qualit\u00e4t &#8211; Profitieren Sie von unserer Expertise!<\/strong><\/p><p>Selbstverst\u00e4ndlich stehen wir auch weiterhin mit bekannten und bew\u00e4hrten Angeboten aus Trade Promotion und Standort- und Investorenwerbung bereit. Wir arbeiten f\u00fcr Ihren Erfolg!<\/p><p>\u00a0<\/p><p><strong>Informieren und Ansprechen lohnen sich:<\/strong><\/p><p>Sie wollen Ihr Unternehmen erweitern, neue M\u00e4rkte erschlie\u00dfen, suchen Unterst\u00fctzung f\u00fcr Messepr\u00e4senzen oder m\u00f6chten einfach wissen, was m\u00f6glich ist?<\/p><p>Dann informieren Sie sich auf <a href=\"http:\/\/www.germanys.saarland\">www.germanys.saarland<\/a> oder kontaktieren Sie uns unter service@germanys.saarland\u00a0<\/p>\t\t\t\t\t\t\t\t<\/div>\n\t\t\t\t<\/div>\n\t\t\t\t\t<\/div>\n\t\t<\/div>\n\t\t\t\t\t<\/div>\n\t\t<\/section>\n\t\t\t\t<\/div>\n\t\t","protected":false},"excerpt":{"rendered":"<p>Aus \u201eSaarland International\u201c wird Germany\u2019s Saarland \u2013 Invest. Trade. Service. Neue Impulse f\u00fcr Wirtschaftsf\u00f6rderung und Internationalisierung im Saarland \u2013 von [&hellip;]<\/p>\n","protected":false},"author":60,"featured_media":36719,"parent":43065,"menu_order":6,"comment_status":"closed","ping_status":"closed","template":"","meta":{"_acf_changed":false,"footnotes":""},"class_list":["post-43684","page","type-page","status-publish","has-post-thumbnail","hentry"],"acf":[],"yoast_head":"<!-- This site is optimized with the Yoast SEO plugin v27.5 - https:\/\/yoast.com\/product\/yoast-seo-wordpress\/ -->\n<title>International and exhibitions<\/title>\n<meta name=\"robots\" content=\"index, follow, max-snippet:-1, max-image-preview:large, max-video-preview:-1\" \/>\n<link rel=\"canonical\" href=\"https:\/\/saaris.de\/en\/leistungen\/international-und-messen\/\" \/>\n<meta property=\"og:locale\" content=\"en_US\" \/>\n<meta property=\"og:type\" content=\"article\" \/>\n<meta property=\"og:title\" content=\"International and exhibitions\" \/>\n<meta property=\"og:description\" content=\"Aus \u201eSaarland International\u201c wird Germany\u2019s Saarland \u2013 Invest. Trade. Service. Neue Impulse f\u00fcr Wirtschaftsf\u00f6rderung und Internationalisierung im Saarland \u2013 von [&hellip;]\" \/>\n<meta property=\"og:url\" content=\"https:\/\/saaris.de\/en\/leistungen\/international-und-messen\/\" \/>\n<meta property=\"og:site_name\" content=\"saaris\" \/>\n<meta property=\"article:publisher\" content=\"https:\/\/www.facebook.com\/saaris\" \/>\n<meta property=\"article:modified_time\" content=\"2024-12-12T08:21:49+00:00\" \/>\n<meta property=\"og:image\" content=\"https:\/\/saaris.de\/wp-content\/uploads\/2022\/07\/International_Kachel.png\" \/>\n\t<meta property=\"og:image:width\" content=\"400\" \/>\n\t<meta property=\"og:image:height\" content=\"300\" \/>\n\t<meta property=\"og:image:type\" content=\"image\/png\" \/>\n<meta name=\"twitter:card\" content=\"summary_large_image\" \/>\n<meta name=\"twitter:site\" content=\"@saaris_ikt\" \/>\n<meta name=\"twitter:label1\" content=\"Est. reading time\" \/>\n\t<meta name=\"twitter:data1\" content=\"1 minute\" \/>\n<script type=\"application\/ld+json\" class=\"yoast-schema-graph\">{\"@context\":\"https:\\\/\\\/schema.org\",\"@graph\":[{\"@type\":\"WebPage\",\"@id\":\"https:\\\/\\\/saaris.de\\\/en\\\/leistungen\\\/international-und-messen\\\/\",\"url\":\"https:\\\/\\\/saaris.de\\\/en\\\/leistungen\\\/international-und-messen\\\/\",\"name\":\"International and exhibitions\",\"isPartOf\":{\"@id\":\"https:\\\/\\\/saaris.de\\\/en\\\/#website\"},\"primaryImageOfPage\":{\"@id\":\"https:\\\/\\\/saaris.de\\\/en\\\/leistungen\\\/international-und-messen\\\/#primaryimage\"},\"image\":{\"@id\":\"https:\\\/\\\/saaris.de\\\/en\\\/leistungen\\\/international-und-messen\\\/#primaryimage\"},\"thumbnailUrl\":\"https:\\\/\\\/saaris.de\\\/wp-content\\\/uploads\\\/2022\\\/07\\\/International_Kachel.png\",\"datePublished\":\"2021-05-11T09:25:47+00:00\",\"dateModified\":\"2024-12-12T08:21:49+00:00\",\"breadcrumb\":{\"@id\":\"https:\\\/\\\/saaris.de\\\/en\\\/leistungen\\\/international-und-messen\\\/#breadcrumb\"},\"inLanguage\":\"en-US\",\"potentialAction\":[{\"@type\":\"ReadAction\",\"target\":[\"https:\\\/\\\/saaris.de\\\/en\\\/leistungen\\\/international-und-messen\\\/\"]}]},{\"@type\":\"ImageObject\",\"inLanguage\":\"en-US\",\"@id\":\"https:\\\/\\\/saaris.de\\\/en\\\/leistungen\\\/international-und-messen\\\/#primaryimage\",\"url\":\"https:\\\/\\\/saaris.de\\\/wp-content\\\/uploads\\\/2022\\\/07\\\/International_Kachel.png\",\"contentUrl\":\"https:\\\/\\\/saaris.de\\\/wp-content\\\/uploads\\\/2022\\\/07\\\/International_Kachel.png\",\"width\":400,\"height\":300},{\"@type\":\"BreadcrumbList\",\"@id\":\"https:\\\/\\\/saaris.de\\\/en\\\/leistungen\\\/international-und-messen\\\/#breadcrumb\",\"itemListElement\":[{\"@type\":\"ListItem\",\"position\":1,\"name\":\"Home\",\"item\":\"https:\\\/\\\/saaris.de\\\/en\\\/\"},{\"@type\":\"ListItem\",\"position\":2,\"name\":\"Offers\",\"item\":\"https:\\\/\\\/saaris.de\\\/en\\\/leistungen\\\/\"},{\"@type\":\"ListItem\",\"position\":3,\"name\":\"International and exhibitions\"}]},{\"@type\":\"WebSite\",\"@id\":\"https:\\\/\\\/saaris.de\\\/en\\\/#website\",\"url\":\"https:\\\/\\\/saaris.de\\\/en\\\/\",\"name\":\"saaris\",\"description\":\"saarland.innovation&amp;standort e. V.\",\"publisher\":{\"@id\":\"https:\\\/\\\/saaris.de\\\/en\\\/#organization\"},\"potentialAction\":[{\"@type\":\"SearchAction\",\"target\":{\"@type\":\"EntryPoint\",\"urlTemplate\":\"https:\\\/\\\/saaris.de\\\/en\\\/?s={search_term_string}\"},\"query-input\":{\"@type\":\"PropertyValueSpecification\",\"valueRequired\":true,\"valueName\":\"search_term_string\"}}],\"inLanguage\":\"en-US\"},{\"@type\":\"Organization\",\"@id\":\"https:\\\/\\\/saaris.de\\\/en\\\/#organization\",\"name\":\"saaris\",\"url\":\"https:\\\/\\\/saaris.de\\\/en\\\/\",\"logo\":{\"@type\":\"ImageObject\",\"inLanguage\":\"en-US\",\"@id\":\"https:\\\/\\\/saaris.de\\\/en\\\/#\\\/schema\\\/logo\\\/image\\\/\",\"url\":\"https:\\\/\\\/saaris.de\\\/wp-content\\\/uploads\\\/2022\\\/03\\\/saaris-logo-footer.jpg\",\"contentUrl\":\"https:\\\/\\\/saaris.de\\\/wp-content\\\/uploads\\\/2022\\\/03\\\/saaris-logo-footer.jpg\",\"width\":175,\"height\":80,\"caption\":\"saaris\"},\"image\":{\"@id\":\"https:\\\/\\\/saaris.de\\\/en\\\/#\\\/schema\\\/logo\\\/image\\\/\"},\"sameAs\":[\"https:\\\/\\\/www.facebook.com\\\/saaris\",\"https:\\\/\\\/x.com\\\/saaris_ikt\"]}]}<\/script>\n<!-- \/ Yoast SEO plugin. -->","yoast_head_json":{"title":"International and exhibitions","robots":{"index":"index","follow":"follow","max-snippet":"max-snippet:-1","max-image-preview":"max-image-preview:large","max-video-preview":"max-video-preview:-1"},"canonical":"https:\/\/saaris.de\/en\/leistungen\/international-und-messen\/","og_locale":"en_US","og_type":"article","og_title":"International and exhibitions","og_description":"Aus \u201eSaarland International\u201c wird Germany\u2019s Saarland \u2013 Invest. Trade. Service. Neue Impulse f\u00fcr Wirtschaftsf\u00f6rderung und Internationalisierung im Saarland \u2013 von [&hellip;]","og_url":"https:\/\/saaris.de\/en\/leistungen\/international-und-messen\/","og_site_name":"saaris","article_publisher":"https:\/\/www.facebook.com\/saaris","article_modified_time":"2024-12-12T08:21:49+00:00","og_image":[{"width":400,"height":300,"url":"https:\/\/saaris.de\/wp-content\/uploads\/2022\/07\/International_Kachel.png","type":"image\/png"}],"twitter_card":"summary_large_image","twitter_site":"@saaris_ikt","twitter_misc":{"Est. reading time":"1 minute"},"schema":{"@context":"https:\/\/schema.org","@graph":[{"@type":"WebPage","@id":"https:\/\/saaris.de\/en\/leistungen\/international-und-messen\/","url":"https:\/\/saaris.de\/en\/leistungen\/international-und-messen\/","name":"International and exhibitions","isPartOf":{"@id":"https:\/\/saaris.de\/en\/#website"},"primaryImageOfPage":{"@id":"https:\/\/saaris.de\/en\/leistungen\/international-und-messen\/#primaryimage"},"image":{"@id":"https:\/\/saaris.de\/en\/leistungen\/international-und-messen\/#primaryimage"},"thumbnailUrl":"https:\/\/saaris.de\/wp-content\/uploads\/2022\/07\/International_Kachel.png","datePublished":"2021-05-11T09:25:47+00:00","dateModified":"2024-12-12T08:21:49+00:00","breadcrumb":{"@id":"https:\/\/saaris.de\/en\/leistungen\/international-und-messen\/#breadcrumb"},"inLanguage":"en-US","potentialAction":[{"@type":"ReadAction","target":["https:\/\/saaris.de\/en\/leistungen\/international-und-messen\/"]}]},{"@type":"ImageObject","inLanguage":"en-US","@id":"https:\/\/saaris.de\/en\/leistungen\/international-und-messen\/#primaryimage","url":"https:\/\/saaris.de\/wp-content\/uploads\/2022\/07\/International_Kachel.png","contentUrl":"https:\/\/saaris.de\/wp-content\/uploads\/2022\/07\/International_Kachel.png","width":400,"height":300},{"@type":"BreadcrumbList","@id":"https:\/\/saaris.de\/en\/leistungen\/international-und-messen\/#breadcrumb","itemListElement":[{"@type":"ListItem","position":1,"name":"Home","item":"https:\/\/saaris.de\/en\/"},{"@type":"ListItem","position":2,"name":"Offers","item":"https:\/\/saaris.de\/en\/leistungen\/"},{"@type":"ListItem","position":3,"name":"International and exhibitions"}]},{"@type":"WebSite","@id":"https:\/\/saaris.de\/en\/#website","url":"https:\/\/saaris.de\/en\/","name":"saaris","description":"saarland.innovation&amp;standort e. V.","publisher":{"@id":"https:\/\/saaris.de\/en\/#organization"},"potentialAction":[{"@type":"SearchAction","target":{"@type":"EntryPoint","urlTemplate":"https:\/\/saaris.de\/en\/?s={search_term_string}"},"query-input":{"@type":"PropertyValueSpecification","valueRequired":true,"valueName":"search_term_string"}}],"inLanguage":"en-US"},{"@type":"Organization","@id":"https:\/\/saaris.de\/en\/#organization","name":"saaris","url":"https:\/\/saaris.de\/en\/","logo":{"@type":"ImageObject","inLanguage":"en-US","@id":"https:\/\/saaris.de\/en\/#\/schema\/logo\/image\/","url":"https:\/\/saaris.de\/wp-content\/uploads\/2022\/03\/saaris-logo-footer.jpg","contentUrl":"https:\/\/saaris.de\/wp-content\/uploads\/2022\/03\/saaris-logo-footer.jpg","width":175,"height":80,"caption":"saaris"},"image":{"@id":"https:\/\/saaris.de\/en\/#\/schema\/logo\/image\/"},"sameAs":["https:\/\/www.facebook.com\/saaris","https:\/\/x.com\/saaris_ikt"]}]}},"publishpress_future_workflow_manual_trigger":{"enabledWorkflows":[]},"_links":{"self":[{"href":"https:\/\/saaris.de\/en\/wp-json\/wp\/v2\/pages\/43684","targetHints":{"allow":["GET"]}}],"collection":[{"href":"https:\/\/saaris.de\/en\/wp-json\/wp\/v2\/pages"}],"about":[{"href":"https:\/\/saaris.de\/en\/wp-json\/wp\/v2\/types\/page"}],"author":[{"embeddable":true,"href":"https:\/\/saaris.de\/en\/wp-json\/wp\/v2\/users\/60"}],"replies":[{"embeddable":true,"href":"https:\/\/saaris.de\/en\/wp-json\/wp\/v2\/comments?post=43684"}],"version-history":[{"count":24,"href":"https:\/\/saaris.de\/en\/wp-json\/wp\/v2\/pages\/43684\/revisions"}],"predecessor-version":[{"id":62321,"href":"https:\/\/saaris.de\/en\/wp-json\/wp\/v2\/pages\/43684\/revisions\/62321"}],"up":[{"embeddable":true,"href":"https:\/\/saaris.de\/en\/wp-json\/wp\/v2\/pages\/43065"}],"wp:featuredmedia":[{"embeddable":true,"href":"https:\/\/saaris.de\/en\/wp-json\/wp\/v2\/media\/36719"}],"wp:attachment":[{"href":"https:\/\/saaris.de\/en\/wp-json\/wp\/v2\/media?parent=43684"}],"curies":[{"name":"wp","href":"https:\/\/api.w.org\/{rel}","templated":true}]}}